{"id":902,"date":"2013-09-09T11:01:39","date_gmt":"2013-09-09T11:01:39","guid":{"rendered":"http:\/\/www.laencamisa.es\/inicio\/?page_id=902"},"modified":"2024-01-21T13:34:31","modified_gmt":"2024-01-21T13:34:31","slug":"certamen-cata-de-aceite","status":"publish","type":"page","link":"https:\/\/www.laencamisa.es\/inicio\/navalvillar-de-pela\/certamen-cata-de-aceite\/","title":{"rendered":"Cert\u00e1men Cata de Aceite"},"content":{"rendered":"<p><a href=\"https:\/\/www.laencamisa.es\/inicio\/wp-content\/uploads\/2013\/09\/aceite.jpg\"><img loading=\"lazy\" class=\"alignright size-full wp-image-905\" src=\"https:\/\/www.laencamisa.es\/inicio\/wp-content\/uploads\/2013\/09\/aceite.jpg\" alt=\"aceite\" width=\"240\" height=\"190\"><\/a>Desde el a\u00f1o 1999 y como uno m\u00e1s de los actos incluidos en el Programa de Festejos, la Cofrad\u00eda viene organizando el Certamen de Cata de Aceite Oliva Virgen que en su primera edici\u00f3n fue a nivel local ,posteriormente se ampli\u00f3 al \u00e1mbito de la comarca pacense de La Siberia y en el a\u00f1o 2009 ampli\u00f3 su \u00e1mbito al conjunto de Extremadura.<\/p>\n<p>Fruto de la experiencia cosechada en las ediciones celebradas hasta la fecha y gracias al inestimable impulso dado por la Junta de Extremadura a trav\u00e9s de la Direcci\u00f3n General de Explotaciones Agrarias, Caja Rural de Extremadura y el Ayuntamiento de Navalvillar de Pela ha organizado el <strong>XXV CERTAMEN REGIONAL DE CATA DE ACEITE DE OLIVA VIRGEN \u201cSAN ANT\u00d3N 2025\u201d<\/strong> que premiar\u00e1 los mejores Aceites de Oliva Virgen producidos, elaborados y envasados en la Comunidad Aut\u00f3noma de Extremadura.<\/p>\n<p>En un contexto en el que la industria del aceite de oliva contin\u00faa desempe\u00f1ando un papel crucial en la econom\u00eda regional, este certamen no solo busca reconocer la excelencia, sino tambi\u00e9n proporcionar una plataforma para que las almazaras exhiban sus productos al p\u00fablico.<\/p>\n<p>En este certamen, se organiza una cata de los aceites participantes, los cuales son analizados en laboratorio oficial y clasificados seg\u00fan su calidad.<\/p>\n<p>Al igual que en pasadas ediciones se convocan dos categor\u00edas de premios, la general para cualquier variedad de aceitunas y la aut\u00f3ctona para los aceites de oliva virgen elaborados a partir de variedades de aceitunas aut\u00f3ctonas de Extremadura &#8216;Manzanilla Cacere\u00f1a&#8217;, &#8216;Cornicabra&#8217;, &#8216;Verdial de Badajoz&#8217;, &#8216;Cuerno Real&#8217; y &#8216;Morisca&#8217;.<\/p>\n<p>La inscripci\u00f3n es gratuita y cada muestra de aceite presentada al concurso deber\u00e1 proceder de un lote homog\u00e9neo de al menos 10.000 litros obtenidos de aceitunas recolectadas en el territorio de Extremadura, informa la organizaci\u00f3n en nota de prensa.<\/p>\n<p>En medio de un panorama agr\u00edcola que ha evolucionado con tecnolog\u00edas modernas y pr\u00e1cticas sostenibles, el Certamen Regional de Cata de Aceite de Oliva Virgen se ha convertido en un faro que ilumina la innovaci\u00f3n y la tradici\u00f3n en la producci\u00f3n de aceite de oliva en Extremadura. Este evento anual no solo celebra la riqueza de los sabores locales, sino que tambi\u00e9n impulsa la visibilidad de la regi\u00f3n como productora de aceite de oliva virgen de alta calidad en la escena nacional e internacional.<br \/>\n<a href=\"https:\/\/www.laencamisa.es\/inicio\/wp-content\/uploads\/2013\/09\/cata-aceite-2013a.jpg\"><img loading=\"lazy\" class=\"alignleft  wp-image-906\" src=\"https:\/\/www.laencamisa.es\/inicio\/wp-content\/uploads\/2013\/09\/cata-aceite-2013a-300x225.jpg\" alt=\"cata aceite 2013a\" width=\"240\" height=\"180\" srcset=\"https:\/\/www.laencamisa.es\/inicio\/wp-content\/uploads\/2013\/09\/cata-aceite-2013a-300x225.jpg 300w, https:\/\/www.laencamisa.es\/inicio\/wp-content\/uploads\/2013\/09\/cata-aceite-2013a-400x300.jpg 400w, https:\/\/www.laencamisa.es\/inicio\/wp-content\/uploads\/2013\/09\/cata-aceite-2013a.jpg 816w\" sizes=\"(max-width: 240px) 100vw, 240px\" \/><\/a> <a href=\"https:\/\/www.laencamisa.es\/inicio\/wp-content\/uploads\/2013\/09\/cata-de-aceite-2013b.jpg\"><img loading=\"lazy\" class=\"wp-image-907 alignleft\" src=\"https:\/\/www.laencamisa.es\/inicio\/wp-content\/uploads\/2013\/09\/cata-de-aceite-2013b-300x225.jpg\" alt=\"cata de aceite 2013b\" width=\"240\" height=\"180\" srcset=\"https:\/\/www.laencamisa.es\/inicio\/wp-content\/uploads\/2013\/09\/cata-de-aceite-2013b-300x225.jpg 300w, https:\/\/www.laencamisa.es\/inicio\/wp-content\/uploads\/2013\/09\/cata-de-aceite-2013b-400x300.jpg 400w, https:\/\/www.laencamisa.es\/inicio\/wp-content\/uploads\/2013\/09\/cata-de-aceite-2013b.jpg 816w\" sizes=\"(max-width: 240px) 100vw, 240px\" \/><\/a><\/p>\n<h3>&nbsp;<\/h3>\n<p>&nbsp;<\/p>\n<p>&nbsp;<\/p>\n<p>&nbsp;<\/p>\n<p>&nbsp;<\/p>\n<h3>25 Aniversario del Certamen de Cata de Aceite<\/h3>\n<h3>&nbsp;<\/h3>\n<p><iframe loading=\"lazy\" title=\"YouTube video player\" src=\"https:\/\/www.youtube.com\/embed\/gkdjfZ_4ynk?si=wYX-U2gKaLE7xlE4\" width=\"560\" height=\"315\" frameborder=\"0\" allowfullscreen=\"allowfullscreen\"><\/iframe><\/p>\n<h3>Ganadores del Concurso 2014:<\/h3>\n<p>**** Categor\u00eda General ***<\/p>\n<p><strong>Primer puesto: Agropecuaria Carrasco-Almazara &#8216;As Pontis&#8217; de Eljas<\/strong><\/p>\n<p><strong>Segundo puesto:Pago de los Bald\u00edos de San Carlos de Majadas de Ti\u00e9tar<\/strong><\/p>\n<p><strong>Tercer puesto:Casat de Don Benito.<\/strong><\/p>\n<p>**** Categor\u00eda Variedad Aut\u00f3ctona ***<\/p>\n<p><strong>Primer pusto: Agropecuaria Carrasco-Almazara &#8216;As Pontis&#8217; de Eljas<\/strong><\/p>\n<p><strong>Segundo puesto: Sociedad Cooperativa Virgen de la Estrella de Los Santos de Maimona.<\/strong><\/p>\n<p><strong>Tercer puesto: Sociedad Cooperativa Agraria Olivarera Patrona del Encinar de Ceclav\u00edn.<\/strong><\/p>\n<p><span style=\"text-decoration: underline;\"><strong>M\u00e1s informaci\u00f3n:<\/strong><\/span><\/p>\n<ul>\n<li><a title=\"Ganadores de los Concursos de Cata de Aceite de Navalvillar de Pela\" href=\"https:\/\/www.laencamisa.es\/inicio\/navalvillar-de-pela\/certamen-cata-de-aceite\/ganadores-de-los-concursos-de-cata-de-aceite-de-navalvillar-de-pela\/\">Ganadores ediciones anteriores<\/a><\/li>\n<li><a href=\"https:\/\/www.laencamisa.es\/inicio\/wp-content\/uploads\/2013\/09\/BASES-DEL-XIV-CERTAMEN-DE-ACEITE-DE-OLIVA-VIRGEN-SAN-ANTON\u2026.pdf\">BASES DEL XIV CERTAMEN DE ACEITE DE OLIVA VIRGEN SAN ANTON\u2026<\/a><\/li>\n<li><a href=\"http:\/\/www.europapress.es\/extremadura\/noticia-asociacion-cofradia-san-anton-abad-navalvillar-pela-organiza-xiv-certamen-cata-aceite-2013-20121223131820.html\" target=\"_blank\" rel=\"noopener\">El concurso en la prensa<\/a><\/li>\n<li><a href=\"http:\/\/www.hoy.es\/v\/20140124\/prov-badajoz\/fallado-concurso-cata-aceite-20140124.html\">Entrega de premios 2014<\/a><\/li>\n<li><a title=\"Ganadores Concurso Cata Aceite 2013\" href=\"https:\/\/www.laencamisa.es\/inicio\/ganadores-concurso-cata-aceite-2013\/\">Entega de premios 2013<\/a><\/li>\n<li><a href=\"http:\/\/www.hoy.es\/v\/20120125\/prov-badajoz\/entregan-premios-concurso-cata-20120125.html\" target=\"_blank\" rel=\"noopener\">Entrega de premios 2012<\/a><\/li>\n<\/ul>\n<p>&nbsp;<\/p>\n<p>&nbsp;<\/p>\n","protected":false},"excerpt":{"rendered":"<p>Desde el a\u00f1o 1999 y como uno m\u00e1s de los actos incluidos en el Programa de Festejos, la Cofrad\u00eda viene organizando el Certamen de Cata de Aceite Oliva Virgen que en su primera edici\u00f3n fue a nivel local ,posteriormente se <span class=\"excerpt-dots\">&hellip;<\/span> <a class=\"more-link\" href=\"https:\/\/www.laencamisa.es\/inicio\/navalvillar-de-pela\/certamen-cata-de-aceite\/\"><span class=\"more-msg\">Sigue leyendo &rarr;<\/span><\/a><\/p>\n","protected":false},"author":1,"featured_media":0,"parent":346,"menu_order":5,"comment_status":"closed","ping_status":"closed","template":"","meta":{"ngg_post_thumbnail":0,"_links_to":"","_links_to_target":""},"_links":{"self":[{"href":"https:\/\/www.laencamisa.es\/inicio\/wp-json\/wp\/v2\/pages\/902"}],"collection":[{"href":"https:\/\/www.laencamisa.es\/inicio\/wp-json\/wp\/v2\/pages"}],"about":[{"href":"https:\/\/www.laencamisa.es\/inicio\/wp-json\/wp\/v2\/types\/page"}],"author":[{"embeddable":true,"href":"https:\/\/www.laencamisa.es\/inicio\/wp-json\/wp\/v2\/users\/1"}],"replies":[{"embeddable":true,"href":"https:\/\/www.laencamisa.es\/inicio\/wp-json\/wp\/v2\/comments?post=902"}],"version-history":[{"count":15,"href":"https:\/\/www.laencamisa.es\/inicio\/wp-json\/wp\/v2\/pages\/902\/revisions"}],"predecessor-version":[{"id":2746,"href":"https:\/\/www.laencamisa.es\/inicio\/wp-json\/wp\/v2\/pages\/902\/revisions\/2746"}],"up":[{"embeddable":true,"href":"https:\/\/www.laencamisa.es\/inicio\/wp-json\/wp\/v2\/pages\/346"}],"wp:attachment":[{"href":"https:\/\/www.laencamisa.es\/inicio\/wp-json\/wp\/v2\/media?parent=902"}],"curies":[{"name":"wp","href":"https:\/\/api.w.org\/{rel}","templated":true}]}}