{"id":854,"date":"2013-09-08T18:24:31","date_gmt":"2013-09-08T18:24:31","guid":{"rendered":"http:\/\/www.laencamisa.es\/inicio\/?page_id=854"},"modified":"2022-04-10T12:33:36","modified_gmt":"2022-04-10T12:33:36","slug":"curiosidades-de-programas-de-fiestas","status":"publish","type":"page","link":"https:\/\/www.laencamisa.es\/inicio\/la-fiesta\/articulos\/curiosidades-de-programas-de-fiestas\/","title":{"rendered":"Curiosidades de programas de fiestas"},"content":{"rendered":"<p><img loading=\"lazy\" class=\"ngg-singlepic ngg-right alignright\" alt=\"acuarela-2\" src=\"https:\/\/www.laencamisa.es\/inicio\/wp-content\/gallery\/curiosidades\/acuarela-2.jpg\" width=\"294\" height=\"226\">Curiosidades aparecidas en los programas de fiestas de San Ant\u00f3n. Algo conocido y t\u00edpico en los programas de San Ant\u00f3n son las bromas por partes de anunciantes de la localidad, unas veces pertenecientes a empresas, otras a anuncios de particulares que quieren dar la nota. La picaresca y el buen humor es algo caracter\u00edstico en ambas.<\/p>\n<p>Tambi\u00e9n encontrar\u00e1s aqu\u00ed carteles de fiestas no oficiales y publicidades antiguas.<\/p>\n<p>Puedes enviarnos las tuyas al correo: soporte@laencamisa.es<\/p>\n<p><!-- index.php -->\n<div\n\tclass=\"ngg-galleryoverview\n\t ngg-ajax-pagination-none\t\"\n\tid=\"ngg-gallery-bf09bb1c8374e99b97bc4969feef5983-1\">\n\n\t\t<div class=\"slideshowlink\">\n\t\t<a href='https:\/\/www.laencamisa.es\/inicio\/la-fiesta\/articulos\/curiosidades-de-programas-de-fiestas\/nggallery\/slideshow'>[Ver diapositivas]<\/a>\n\t\t\n\t<\/div>\n\t\t\t<!-- Thumbnails -->\n\t\t\t\t<div id=\"ngg-image-0\" class=\"ngg-gallery-thumbnail-box\" \n\t\t\t\t\t\t\t\t\t\t\t>\n\t\t\t\t\t\t<div class=\"ngg-gallery-thumbnail\">\n\t\t\t<a href=\"https:\/\/www.laencamisa.es\/inicio\/wp-content\/gallery\/curiosidades\/1946.jpg\"\n\t\t\t\ttitle=\"\"\n\t\t\t\tdata-src=\"https:\/\/www.laencamisa.es\/inicio\/wp-content\/gallery\/curiosidades\/1946.jpg\"\n\t\t\t\tdata-thumbnail=\"https:\/\/www.laencamisa.es\/inicio\/wp-content\/gallery\/curiosidades\/thumbs\/thumbs_1946.jpg\"\n\t\t\t\tdata-image-id=\"71\"\n\t\t\t\tdata-title=\"1946\"\n\t\t\t\tdata-description=\"\"\n\t\t\t\tdata-image-slug=\"1946-2\"\n\t\t\t\tclass=\"ngg-simplelightbox\" rel=\"bf09bb1c8374e99b97bc4969feef5983\">\n\t\t\t\t<img\n\t\t\t\t\ttitle=\"1946\"\n\t\t\t\t\talt=\"1946\"\n\t\t\t\t\tsrc=\"https:\/\/www.laencamisa.es\/inicio\/wp-content\/gallery\/curiosidades\/thumbs\/thumbs_1946.jpg\"\n\t\t\t\t\twidth=\"120\"\n\t\t\t\t\theight=\"90\"\n\t\t\t\t\tstyle=\"max-width:100%;\"\n\t\t\t\t\/>\n\t\t\t<\/a>\n\t\t<\/div>\n\t\t\t\t\t\t\t<\/div> \n\t\t\t\n\t\t\n\t\t\t\t<div id=\"ngg-image-1\" class=\"ngg-gallery-thumbnail-box\" \n\t\t\t\t\t\t\t\t\t\t\t>\n\t\t\t\t\t\t<div class=\"ngg-gallery-thumbnail\">\n\t\t\t<a href=\"https:\/\/www.laencamisa.es\/inicio\/wp-content\/gallery\/curiosidades\/1946-nicasio.jpg\"\n\t\t\t\ttitle=\" \"\n\t\t\t\tdata-src=\"https:\/\/www.laencamisa.es\/inicio\/wp-content\/gallery\/curiosidades\/1946-nicasio.jpg\"\n\t\t\t\tdata-thumbnail=\"https:\/\/www.laencamisa.es\/inicio\/wp-content\/gallery\/curiosidades\/thumbs\/thumbs_1946-nicasio.jpg\"\n\t\t\t\tdata-image-id=\"72\"\n\t\t\t\tdata-title=\"1946-nicasio\"\n\t\t\t\tdata-description=\" \"\n\t\t\t\tdata-image-slug=\"1946-nicasio\"\n\t\t\t\tclass=\"ngg-simplelightbox\" rel=\"bf09bb1c8374e99b97bc4969feef5983\">\n\t\t\t\t<img\n\t\t\t\t\ttitle=\"1946-nicasio\"\n\t\t\t\t\talt=\"1946-nicasio\"\n\t\t\t\t\tsrc=\"https:\/\/www.laencamisa.es\/inicio\/wp-content\/gallery\/curiosidades\/thumbs\/thumbs_1946-nicasio.jpg\"\n\t\t\t\t\twidth=\"120\"\n\t\t\t\t\theight=\"90\"\n\t\t\t\t\tstyle=\"max-width:100%;\"\n\t\t\t\t\/>\n\t\t\t<\/a>\n\t\t<\/div>\n\t\t\t\t\t\t\t<\/div> \n\t\t\t\n\t\t\n\t\t\t\t<div id=\"ngg-image-2\" class=\"ngg-gallery-thumbnail-box\" \n\t\t\t\t\t\t\t\t\t\t\t>\n\t\t\t\t\t\t<div class=\"ngg-gallery-thumbnail\">\n\t\t\t<a href=\"https:\/\/www.laencamisa.es\/inicio\/wp-content\/gallery\/curiosidades\/1946-veterin.jpg\"\n\t\t\t\ttitle=\" \"\n\t\t\t\tdata-src=\"https:\/\/www.laencamisa.es\/inicio\/wp-content\/gallery\/curiosidades\/1946-veterin.jpg\"\n\t\t\t\tdata-thumbnail=\"https:\/\/www.laencamisa.es\/inicio\/wp-content\/gallery\/curiosidades\/thumbs\/thumbs_1946-veterin.jpg\"\n\t\t\t\tdata-image-id=\"73\"\n\t\t\t\tdata-title=\"1946-veterin\"\n\t\t\t\tdata-description=\" \"\n\t\t\t\tdata-image-slug=\"1946-veterin\"\n\t\t\t\tclass=\"ngg-simplelightbox\" rel=\"bf09bb1c8374e99b97bc4969feef5983\">\n\t\t\t\t<img\n\t\t\t\t\ttitle=\"1946-veterin\"\n\t\t\t\t\talt=\"1946-veterin\"\n\t\t\t\t\tsrc=\"https:\/\/www.laencamisa.es\/inicio\/wp-content\/gallery\/curiosidades\/thumbs\/thumbs_1946-veterin.jpg\"\n\t\t\t\t\twidth=\"120\"\n\t\t\t\t\theight=\"90\"\n\t\t\t\t\tstyle=\"max-width:100%;\"\n\t\t\t\t\/>\n\t\t\t<\/a>\n\t\t<\/div>\n\t\t\t\t\t\t\t<\/div> \n\t\t\t\n\t\t\n\t\t\t\t<div id=\"ngg-image-3\" class=\"ngg-gallery-thumbnail-box\" \n\t\t\t\t\t\t\t\t\t\t\t>\n\t\t\t\t\t\t<div class=\"ngg-gallery-thumbnail\">\n\t\t\t<a href=\"https:\/\/www.laencamisa.es\/inicio\/wp-content\/gallery\/curiosidades\/1947-d18.jpg\"\n\t\t\t\ttitle=\" \"\n\t\t\t\tdata-src=\"https:\/\/www.laencamisa.es\/inicio\/wp-content\/gallery\/curiosidades\/1947-d18.jpg\"\n\t\t\t\tdata-thumbnail=\"https:\/\/www.laencamisa.es\/inicio\/wp-content\/gallery\/curiosidades\/thumbs\/thumbs_1947-d18.jpg\"\n\t\t\t\tdata-image-id=\"74\"\n\t\t\t\tdata-title=\"1947-d18\"\n\t\t\t\tdata-description=\" \"\n\t\t\t\tdata-image-slug=\"1947-d18\"\n\t\t\t\tclass=\"ngg-simplelightbox\" rel=\"bf09bb1c8374e99b97bc4969feef5983\">\n\t\t\t\t<img\n\t\t\t\t\ttitle=\"1947-d18\"\n\t\t\t\t\talt=\"1947-d18\"\n\t\t\t\t\tsrc=\"https:\/\/www.laencamisa.es\/inicio\/wp-content\/gallery\/curiosidades\/thumbs\/thumbs_1947-d18.jpg\"\n\t\t\t\t\twidth=\"120\"\n\t\t\t\t\theight=\"90\"\n\t\t\t\t\tstyle=\"max-width:100%;\"\n\t\t\t\t\/>\n\t\t\t<\/a>\n\t\t<\/div>\n\t\t\t\t\t\t\t<\/div> \n\t\t\t\n\t\t\n\t\t\t\t<div id=\"ngg-image-4\" class=\"ngg-gallery-thumbnail-box\" \n\t\t\t\t\t\t\t\t\t\t\t>\n\t\t\t\t\t\t<div class=\"ngg-gallery-thumbnail\">\n\t\t\t<a href=\"https:\/\/www.laencamisa.es\/inicio\/wp-content\/gallery\/curiosidades\/1956-man.jpg\"\n\t\t\t\ttitle=\" \"\n\t\t\t\tdata-src=\"https:\/\/www.laencamisa.es\/inicio\/wp-content\/gallery\/curiosidades\/1956-man.jpg\"\n\t\t\t\tdata-thumbnail=\"https:\/\/www.laencamisa.es\/inicio\/wp-content\/gallery\/curiosidades\/thumbs\/thumbs_1956-man.jpg\"\n\t\t\t\tdata-image-id=\"75\"\n\t\t\t\tdata-title=\"1956-man\"\n\t\t\t\tdata-description=\" \"\n\t\t\t\tdata-image-slug=\"1956-man\"\n\t\t\t\tclass=\"ngg-simplelightbox\" rel=\"bf09bb1c8374e99b97bc4969feef5983\">\n\t\t\t\t<img\n\t\t\t\t\ttitle=\"1956-man\"\n\t\t\t\t\talt=\"1956-man\"\n\t\t\t\t\tsrc=\"https:\/\/www.laencamisa.es\/inicio\/wp-content\/gallery\/curiosidades\/thumbs\/thumbs_1956-man.jpg\"\n\t\t\t\t\twidth=\"120\"\n\t\t\t\t\theight=\"90\"\n\t\t\t\t\tstyle=\"max-width:100%;\"\n\t\t\t\t\/>\n\t\t\t<\/a>\n\t\t<\/div>\n\t\t\t\t\t\t\t<\/div> \n\t\t\t\n\t\t\n\t\t\t\t<div id=\"ngg-image-5\" class=\"ngg-gallery-thumbnail-box\" \n\t\t\t\t\t\t\t\t\t\t\t>\n\t\t\t\t\t\t<div class=\"ngg-gallery-thumbnail\">\n\t\t\t<a href=\"https:\/\/www.laencamisa.es\/inicio\/wp-content\/gallery\/curiosidades\/1963.jpg\"\n\t\t\t\ttitle=\" \"\n\t\t\t\tdata-src=\"https:\/\/www.laencamisa.es\/inicio\/wp-content\/gallery\/curiosidades\/1963.jpg\"\n\t\t\t\tdata-thumbnail=\"https:\/\/www.laencamisa.es\/inicio\/wp-content\/gallery\/curiosidades\/thumbs\/thumbs_1963.jpg\"\n\t\t\t\tdata-image-id=\"76\"\n\t\t\t\tdata-title=\"1963\"\n\t\t\t\tdata-description=\" \"\n\t\t\t\tdata-image-slug=\"1963\"\n\t\t\t\tclass=\"ngg-simplelightbox\" rel=\"bf09bb1c8374e99b97bc4969feef5983\">\n\t\t\t\t<img\n\t\t\t\t\ttitle=\"1963\"\n\t\t\t\t\talt=\"1963\"\n\t\t\t\t\tsrc=\"https:\/\/www.laencamisa.es\/inicio\/wp-content\/gallery\/curiosidades\/thumbs\/thumbs_1963.jpg\"\n\t\t\t\t\twidth=\"120\"\n\t\t\t\t\theight=\"90\"\n\t\t\t\t\tstyle=\"max-width:100%;\"\n\t\t\t\t\/>\n\t\t\t<\/a>\n\t\t<\/div>\n\t\t\t\t\t\t\t<\/div> \n\t\t\t\n\t\t\n\t\t\t\t<div id=\"ngg-image-6\" class=\"ngg-gallery-thumbnail-box\" \n\t\t\t\t\t\t\t\t\t\t\t>\n\t\t\t\t\t\t<div class=\"ngg-gallery-thumbnail\">\n\t\t\t<a href=\"https:\/\/www.laencamisa.es\/inicio\/wp-content\/gallery\/curiosidades\/1964.jpg\"\n\t\t\t\ttitle=\" \"\n\t\t\t\tdata-src=\"https:\/\/www.laencamisa.es\/inicio\/wp-content\/gallery\/curiosidades\/1964.jpg\"\n\t\t\t\tdata-thumbnail=\"https:\/\/www.laencamisa.es\/inicio\/wp-content\/gallery\/curiosidades\/thumbs\/thumbs_1964.jpg\"\n\t\t\t\tdata-image-id=\"77\"\n\t\t\t\tdata-title=\"1964\"\n\t\t\t\tdata-description=\" \"\n\t\t\t\tdata-image-slug=\"1964\"\n\t\t\t\tclass=\"ngg-simplelightbox\" rel=\"bf09bb1c8374e99b97bc4969feef5983\">\n\t\t\t\t<img\n\t\t\t\t\ttitle=\"1964\"\n\t\t\t\t\talt=\"1964\"\n\t\t\t\t\tsrc=\"https:\/\/www.laencamisa.es\/inicio\/wp-content\/gallery\/curiosidades\/thumbs\/thumbs_1964.jpg\"\n\t\t\t\t\twidth=\"120\"\n\t\t\t\t\theight=\"90\"\n\t\t\t\t\tstyle=\"max-width:100%;\"\n\t\t\t\t\/>\n\t\t\t<\/a>\n\t\t<\/div>\n\t\t\t\t\t\t\t<\/div> \n\t\t\t\n\t\t\n\t\t\t\t<div id=\"ngg-image-7\" class=\"ngg-gallery-thumbnail-box\" \n\t\t\t\t\t\t\t\t\t\t\t>\n\t\t\t\t\t\t<div class=\"ngg-gallery-thumbnail\">\n\t\t\t<a href=\"https:\/\/www.laencamisa.es\/inicio\/wp-content\/gallery\/curiosidades\/1982-quintos.jpg\"\n\t\t\t\ttitle=\" \"\n\t\t\t\tdata-src=\"https:\/\/www.laencamisa.es\/inicio\/wp-content\/gallery\/curiosidades\/1982-quintos.jpg\"\n\t\t\t\tdata-thumbnail=\"https:\/\/www.laencamisa.es\/inicio\/wp-content\/gallery\/curiosidades\/thumbs\/thumbs_1982-quintos.jpg\"\n\t\t\t\tdata-image-id=\"79\"\n\t\t\t\tdata-title=\"1982-quintos\"\n\t\t\t\tdata-description=\" \"\n\t\t\t\tdata-image-slug=\"1982-quintos\"\n\t\t\t\tclass=\"ngg-simplelightbox\" rel=\"bf09bb1c8374e99b97bc4969feef5983\">\n\t\t\t\t<img\n\t\t\t\t\ttitle=\"1982-quintos\"\n\t\t\t\t\talt=\"1982-quintos\"\n\t\t\t\t\tsrc=\"https:\/\/www.laencamisa.es\/inicio\/wp-content\/gallery\/curiosidades\/thumbs\/thumbs_1982-quintos.jpg\"\n\t\t\t\t\twidth=\"120\"\n\t\t\t\t\theight=\"90\"\n\t\t\t\t\tstyle=\"max-width:100%;\"\n\t\t\t\t\/>\n\t\t\t<\/a>\n\t\t<\/div>\n\t\t\t\t\t\t\t<\/div> \n\t\t\t\n\t\t\n\t\t\t\t<div id=\"ngg-image-8\" class=\"ngg-gallery-thumbnail-box\" \n\t\t\t\t\t\t\t\t\t\t\t>\n\t\t\t\t\t\t<div class=\"ngg-gallery-thumbnail\">\n\t\t\t<a href=\"https:\/\/www.laencamisa.es\/inicio\/wp-content\/gallery\/curiosidades\/acsa.gif\"\n\t\t\t\ttitle=\" \"\n\t\t\t\tdata-src=\"https:\/\/www.laencamisa.es\/inicio\/wp-content\/gallery\/curiosidades\/acsa.gif\"\n\t\t\t\tdata-thumbnail=\"https:\/\/www.laencamisa.es\/inicio\/wp-content\/gallery\/curiosidades\/thumbs\/thumbs_acsa.gif\"\n\t\t\t\tdata-image-id=\"81\"\n\t\t\t\tdata-title=\"acsa\"\n\t\t\t\tdata-description=\" \"\n\t\t\t\tdata-image-slug=\"acsa-2\"\n\t\t\t\tclass=\"ngg-simplelightbox\" rel=\"bf09bb1c8374e99b97bc4969feef5983\">\n\t\t\t\t<img\n\t\t\t\t\ttitle=\"acsa\"\n\t\t\t\t\talt=\"acsa\"\n\t\t\t\t\tsrc=\"https:\/\/www.laencamisa.es\/inicio\/wp-content\/gallery\/curiosidades\/thumbs\/thumbs_acsa.gif\"\n\t\t\t\t\twidth=\"120\"\n\t\t\t\t\theight=\"90\"\n\t\t\t\t\tstyle=\"max-width:100%;\"\n\t\t\t\t\/>\n\t\t\t<\/a>\n\t\t<\/div>\n\t\t\t\t\t\t\t<\/div> \n\t\t\t\n\t\t\n\t\t\t\t<div id=\"ngg-image-9\" class=\"ngg-gallery-thumbnail-box\" \n\t\t\t\t\t\t\t\t\t\t\t>\n\t\t\t\t\t\t<div class=\"ngg-gallery-thumbnail\">\n\t\t\t<a href=\"https:\/\/www.laencamisa.es\/inicio\/wp-content\/gallery\/curiosidades\/acuarela-2.jpg\"\n\t\t\t\ttitle=\" \"\n\t\t\t\tdata-src=\"https:\/\/www.laencamisa.es\/inicio\/wp-content\/gallery\/curiosidades\/acuarela-2.jpg\"\n\t\t\t\tdata-thumbnail=\"https:\/\/www.laencamisa.es\/inicio\/wp-content\/gallery\/curiosidades\/thumbs\/thumbs_acuarela-2.jpg\"\n\t\t\t\tdata-image-id=\"82\"\n\t\t\t\tdata-title=\"acuarela-2\"\n\t\t\t\tdata-description=\" \"\n\t\t\t\tdata-image-slug=\"acuarela-2-2\"\n\t\t\t\tclass=\"ngg-simplelightbox\" rel=\"bf09bb1c8374e99b97bc4969feef5983\">\n\t\t\t\t<img\n\t\t\t\t\ttitle=\"acuarela-2\"\n\t\t\t\t\talt=\"acuarela-2\"\n\t\t\t\t\tsrc=\"https:\/\/www.laencamisa.es\/inicio\/wp-content\/gallery\/curiosidades\/thumbs\/thumbs_acuarela-2.jpg\"\n\t\t\t\t\twidth=\"120\"\n\t\t\t\t\theight=\"90\"\n\t\t\t\t\tstyle=\"max-width:100%;\"\n\t\t\t\t\/>\n\t\t\t<\/a>\n\t\t<\/div>\n\t\t\t\t\t\t\t<\/div> \n\t\t\t\n\t\t\n\t\t\t\t<div id=\"ngg-image-10\" class=\"ngg-gallery-thumbnail-box\" \n\t\t\t\t\t\t\t\t\t\t\t>\n\t\t\t\t\t\t<div class=\"ngg-gallery-thumbnail\">\n\t\t\t<a href=\"https:\/\/www.laencamisa.es\/inicio\/wp-content\/gallery\/curiosidades\/acuarela.jpg\"\n\t\t\t\ttitle=\" \"\n\t\t\t\tdata-src=\"https:\/\/www.laencamisa.es\/inicio\/wp-content\/gallery\/curiosidades\/acuarela.jpg\"\n\t\t\t\tdata-thumbnail=\"https:\/\/www.laencamisa.es\/inicio\/wp-content\/gallery\/curiosidades\/thumbs\/thumbs_acuarela.jpg\"\n\t\t\t\tdata-image-id=\"83\"\n\t\t\t\tdata-title=\"acuarela\"\n\t\t\t\tdata-description=\" \"\n\t\t\t\tdata-image-slug=\"acuarela-3\"\n\t\t\t\tclass=\"ngg-simplelightbox\" rel=\"bf09bb1c8374e99b97bc4969feef5983\">\n\t\t\t\t<img\n\t\t\t\t\ttitle=\"acuarela\"\n\t\t\t\t\talt=\"acuarela\"\n\t\t\t\t\tsrc=\"https:\/\/www.laencamisa.es\/inicio\/wp-content\/gallery\/curiosidades\/thumbs\/thumbs_acuarela.jpg\"\n\t\t\t\t\twidth=\"120\"\n\t\t\t\t\theight=\"90\"\n\t\t\t\t\tstyle=\"max-width:100%;\"\n\t\t\t\t\/>\n\t\t\t<\/a>\n\t\t<\/div>\n\t\t\t\t\t\t\t<\/div> \n\t\t\t\n\t\t\n\t\t\t\t<div id=\"ngg-image-11\" class=\"ngg-gallery-thumbnail-box\" \n\t\t\t\t\t\t\t\t\t\t\t>\n\t\t\t\t\t\t<div class=\"ngg-gallery-thumbnail\">\n\t\t\t<a href=\"https:\/\/www.laencamisa.es\/inicio\/wp-content\/gallery\/curiosidades\/cartel-2003-no-oficial.jpg\"\n\t\t\t\ttitle=\" \"\n\t\t\t\tdata-src=\"https:\/\/www.laencamisa.es\/inicio\/wp-content\/gallery\/curiosidades\/cartel-2003-no-oficial.jpg\"\n\t\t\t\tdata-thumbnail=\"https:\/\/www.laencamisa.es\/inicio\/wp-content\/gallery\/curiosidades\/thumbs\/thumbs_cartel-2003-no-oficial.jpg\"\n\t\t\t\tdata-image-id=\"84\"\n\t\t\t\tdata-title=\"cartel-2003-no-oficial\"\n\t\t\t\tdata-description=\" \"\n\t\t\t\tdata-image-slug=\"cartel-2003-no-oficial-2\"\n\t\t\t\tclass=\"ngg-simplelightbox\" rel=\"bf09bb1c8374e99b97bc4969feef5983\">\n\t\t\t\t<img\n\t\t\t\t\ttitle=\"cartel-2003-no-oficial\"\n\t\t\t\t\talt=\"cartel-2003-no-oficial\"\n\t\t\t\t\tsrc=\"https:\/\/www.laencamisa.es\/inicio\/wp-content\/gallery\/curiosidades\/thumbs\/thumbs_cartel-2003-no-oficial.jpg\"\n\t\t\t\t\twidth=\"120\"\n\t\t\t\t\theight=\"90\"\n\t\t\t\t\tstyle=\"max-width:100%;\"\n\t\t\t\t\/>\n\t\t\t<\/a>\n\t\t<\/div>\n\t\t\t\t\t\t\t<\/div> \n\t\t\t\n\t\t\n\t\t\t\t<div id=\"ngg-image-12\" class=\"ngg-gallery-thumbnail-box\" \n\t\t\t\t\t\t\t\t\t\t\t>\n\t\t\t\t\t\t<div class=\"ngg-gallery-thumbnail\">\n\t\t\t<a href=\"https:\/\/www.laencamisa.es\/inicio\/wp-content\/gallery\/curiosidades\/logo-cartas.jpg\"\n\t\t\t\ttitle=\" \"\n\t\t\t\tdata-src=\"https:\/\/www.laencamisa.es\/inicio\/wp-content\/gallery\/curiosidades\/logo-cartas.jpg\"\n\t\t\t\tdata-thumbnail=\"https:\/\/www.laencamisa.es\/inicio\/wp-content\/gallery\/curiosidades\/thumbs\/thumbs_logo-cartas.jpg\"\n\t\t\t\tdata-image-id=\"86\"\n\t\t\t\tdata-title=\"logo-cartas\"\n\t\t\t\tdata-description=\" \"\n\t\t\t\tdata-image-slug=\"logo-cartas-2\"\n\t\t\t\tclass=\"ngg-simplelightbox\" rel=\"bf09bb1c8374e99b97bc4969feef5983\">\n\t\t\t\t<img\n\t\t\t\t\ttitle=\"logo-cartas\"\n\t\t\t\t\talt=\"logo-cartas\"\n\t\t\t\t\tsrc=\"https:\/\/www.laencamisa.es\/inicio\/wp-content\/gallery\/curiosidades\/thumbs\/thumbs_logo-cartas.jpg\"\n\t\t\t\t\twidth=\"120\"\n\t\t\t\t\theight=\"90\"\n\t\t\t\t\tstyle=\"max-width:100%;\"\n\t\t\t\t\/>\n\t\t\t<\/a>\n\t\t<\/div>\n\t\t\t\t\t\t\t<\/div> \n\t\t\t\n\t\t\n\t\t\t\t<div id=\"ngg-image-13\" class=\"ngg-gallery-thumbnail-box\" \n\t\t\t\t\t\t\t\t\t\t\t>\n\t\t\t\t\t\t<div class=\"ngg-gallery-thumbnail\">\n\t\t\t<a href=\"https:\/\/www.laencamisa.es\/inicio\/wp-content\/gallery\/curiosidades\/pegatina-vino.jpg\"\n\t\t\t\ttitle=\" \"\n\t\t\t\tdata-src=\"https:\/\/www.laencamisa.es\/inicio\/wp-content\/gallery\/curiosidades\/pegatina-vino.jpg\"\n\t\t\t\tdata-thumbnail=\"https:\/\/www.laencamisa.es\/inicio\/wp-content\/gallery\/curiosidades\/thumbs\/thumbs_pegatina-vino.jpg\"\n\t\t\t\tdata-image-id=\"88\"\n\t\t\t\tdata-title=\"pegatina-vino\"\n\t\t\t\tdata-description=\" \"\n\t\t\t\tdata-image-slug=\"pegatina-vino-2\"\n\t\t\t\tclass=\"ngg-simplelightbox\" rel=\"bf09bb1c8374e99b97bc4969feef5983\">\n\t\t\t\t<img\n\t\t\t\t\ttitle=\"pegatina-vino\"\n\t\t\t\t\talt=\"pegatina-vino\"\n\t\t\t\t\tsrc=\"https:\/\/www.laencamisa.es\/inicio\/wp-content\/gallery\/curiosidades\/thumbs\/thumbs_pegatina-vino.jpg\"\n\t\t\t\t\twidth=\"120\"\n\t\t\t\t\theight=\"90\"\n\t\t\t\t\tstyle=\"max-width:100%;\"\n\t\t\t\t\/>\n\t\t\t<\/a>\n\t\t<\/div>\n\t\t\t\t\t\t\t<\/div> \n\t\t\t\n\t\t\n\t\t\t\t<div id=\"ngg-image-14\" class=\"ngg-gallery-thumbnail-box\" \n\t\t\t\t\t\t\t\t\t\t\t>\n\t\t\t\t\t\t<div class=\"ngg-gallery-thumbnail\">\n\t\t\t<a href=\"https:\/\/www.laencamisa.es\/inicio\/wp-content\/gallery\/curiosidades\/sorteo-de-un-cerdo.jpg\"\n\t\t\t\ttitle=\" \"\n\t\t\t\tdata-src=\"https:\/\/www.laencamisa.es\/inicio\/wp-content\/gallery\/curiosidades\/sorteo-de-un-cerdo.jpg\"\n\t\t\t\tdata-thumbnail=\"https:\/\/www.laencamisa.es\/inicio\/wp-content\/gallery\/curiosidades\/thumbs\/thumbs_sorteo-de-un-cerdo.jpg\"\n\t\t\t\tdata-image-id=\"89\"\n\t\t\t\tdata-title=\"sorteo-de-un-cerdo\"\n\t\t\t\tdata-description=\" \"\n\t\t\t\tdata-image-slug=\"sorteo-de-un-cerdo\"\n\t\t\t\tclass=\"ngg-simplelightbox\" rel=\"bf09bb1c8374e99b97bc4969feef5983\">\n\t\t\t\t<img\n\t\t\t\t\ttitle=\"sorteo-de-un-cerdo\"\n\t\t\t\t\talt=\"sorteo-de-un-cerdo\"\n\t\t\t\t\tsrc=\"https:\/\/www.laencamisa.es\/inicio\/wp-content\/gallery\/curiosidades\/thumbs\/thumbs_sorteo-de-un-cerdo.jpg\"\n\t\t\t\t\twidth=\"120\"\n\t\t\t\t\theight=\"90\"\n\t\t\t\t\tstyle=\"max-width:100%;\"\n\t\t\t\t\/>\n\t\t\t<\/a>\n\t\t<\/div>\n\t\t\t\t\t\t\t<\/div> \n\t\t\t\n\t\t\n\t\t\t\t<div id=\"ngg-image-15\" class=\"ngg-gallery-thumbnail-box\" \n\t\t\t\t\t\t\t\t\t\t\t>\n\t\t\t\t\t\t<div class=\"ngg-gallery-thumbnail\">\n\t\t\t<a href=\"https:\/\/www.laencamisa.es\/inicio\/wp-content\/gallery\/curiosidades\/mortadelo-com.jpg\"\n\t\t\t\ttitle=\" \"\n\t\t\t\tdata-src=\"https:\/\/www.laencamisa.es\/inicio\/wp-content\/gallery\/curiosidades\/mortadelo-com.jpg\"\n\t\t\t\tdata-thumbnail=\"https:\/\/www.laencamisa.es\/inicio\/wp-content\/gallery\/curiosidades\/thumbs\/thumbs_mortadelo-com.jpg\"\n\t\t\t\tdata-image-id=\"90\"\n\t\t\t\tdata-title=\"mortadelo-com\"\n\t\t\t\tdata-description=\" \"\n\t\t\t\tdata-image-slug=\"mortadelo-com-2\"\n\t\t\t\tclass=\"ngg-simplelightbox\" rel=\"bf09bb1c8374e99b97bc4969feef5983\">\n\t\t\t\t<img\n\t\t\t\t\ttitle=\"mortadelo-com\"\n\t\t\t\t\talt=\"mortadelo-com\"\n\t\t\t\t\tsrc=\"https:\/\/www.laencamisa.es\/inicio\/wp-content\/gallery\/curiosidades\/thumbs\/thumbs_mortadelo-com.jpg\"\n\t\t\t\t\twidth=\"120\"\n\t\t\t\t\theight=\"90\"\n\t\t\t\t\tstyle=\"max-width:100%;\"\n\t\t\t\t\/>\n\t\t\t<\/a>\n\t\t<\/div>\n\t\t\t\t\t\t\t<\/div> \n\t\t\t\n\t\t\n\t\t\t\t<div id=\"ngg-image-16\" class=\"ngg-gallery-thumbnail-box\" \n\t\t\t\t\t\t\t\t\t\t\t>\n\t\t\t\t\t\t<div class=\"ngg-gallery-thumbnail\">\n\t\t\t<a href=\"https:\/\/www.laencamisa.es\/inicio\/wp-content\/gallery\/curiosidades\/1982-ninos.jpg\"\n\t\t\t\ttitle=\" \"\n\t\t\t\tdata-src=\"https:\/\/www.laencamisa.es\/inicio\/wp-content\/gallery\/curiosidades\/1982-ninos.jpg\"\n\t\t\t\tdata-thumbnail=\"https:\/\/www.laencamisa.es\/inicio\/wp-content\/gallery\/curiosidades\/thumbs\/thumbs_1982-ninos.jpg\"\n\t\t\t\tdata-image-id=\"91\"\n\t\t\t\tdata-title=\"1982-ninos\"\n\t\t\t\tdata-description=\" \"\n\t\t\t\tdata-image-slug=\"1982-ninos-2\"\n\t\t\t\tclass=\"ngg-simplelightbox\" rel=\"bf09bb1c8374e99b97bc4969feef5983\">\n\t\t\t\t<img\n\t\t\t\t\ttitle=\"1982-ninos\"\n\t\t\t\t\talt=\"1982-ninos\"\n\t\t\t\t\tsrc=\"https:\/\/www.laencamisa.es\/inicio\/wp-content\/gallery\/curiosidades\/thumbs\/thumbs_1982-ninos.jpg\"\n\t\t\t\t\twidth=\"120\"\n\t\t\t\t\theight=\"90\"\n\t\t\t\t\tstyle=\"max-width:100%;\"\n\t\t\t\t\/>\n\t\t\t<\/a>\n\t\t<\/div>\n\t\t\t\t\t\t\t<\/div> \n\t\t\t\n\t\t\n\t\t\t\t<div id=\"ngg-image-17\" class=\"ngg-gallery-thumbnail-box\" \n\t\t\t\t\t\t\t\t\t\t\t>\n\t\t\t\t\t\t<div class=\"ngg-gallery-thumbnail\">\n\t\t\t<a href=\"https:\/\/www.laencamisa.es\/inicio\/wp-content\/gallery\/curiosidades\/1982-riniones.jpg\"\n\t\t\t\ttitle=\" \"\n\t\t\t\tdata-src=\"https:\/\/www.laencamisa.es\/inicio\/wp-content\/gallery\/curiosidades\/1982-riniones.jpg\"\n\t\t\t\tdata-thumbnail=\"https:\/\/www.laencamisa.es\/inicio\/wp-content\/gallery\/curiosidades\/thumbs\/thumbs_1982-riniones.jpg\"\n\t\t\t\tdata-image-id=\"92\"\n\t\t\t\tdata-title=\"1982-riniones\"\n\t\t\t\tdata-description=\" \"\n\t\t\t\tdata-image-slug=\"1982-riniones-2\"\n\t\t\t\tclass=\"ngg-simplelightbox\" rel=\"bf09bb1c8374e99b97bc4969feef5983\">\n\t\t\t\t<img\n\t\t\t\t\ttitle=\"1982-riniones\"\n\t\t\t\t\talt=\"1982-riniones\"\n\t\t\t\t\tsrc=\"https:\/\/www.laencamisa.es\/inicio\/wp-content\/gallery\/curiosidades\/thumbs\/thumbs_1982-riniones.jpg\"\n\t\t\t\t\twidth=\"120\"\n\t\t\t\t\theight=\"90\"\n\t\t\t\t\tstyle=\"max-width:100%;\"\n\t\t\t\t\/>\n\t\t\t<\/a>\n\t\t<\/div>\n\t\t\t\t\t\t\t<\/div> \n\t\t\t\n\t\t\n\t\t\t\t<div id=\"ngg-image-18\" class=\"ngg-gallery-thumbnail-box\" \n\t\t\t\t\t\t\t\t\t\t\t>\n\t\t\t\t\t\t<div class=\"ngg-gallery-thumbnail\">\n\t\t\t<a href=\"https:\/\/www.laencamisa.es\/inicio\/wp-content\/gallery\/curiosidades\/cartel-colegio-m.jpg\"\n\t\t\t\ttitle=\" \"\n\t\t\t\tdata-src=\"https:\/\/www.laencamisa.es\/inicio\/wp-content\/gallery\/curiosidades\/cartel-colegio-m.jpg\"\n\t\t\t\tdata-thumbnail=\"https:\/\/www.laencamisa.es\/inicio\/wp-content\/gallery\/curiosidades\/thumbs\/thumbs_cartel-colegio-m.jpg\"\n\t\t\t\tdata-image-id=\"93\"\n\t\t\t\tdata-title=\"cartel-colegio-m\"\n\t\t\t\tdata-description=\" \"\n\t\t\t\tdata-image-slug=\"cartel-colegio-m\"\n\t\t\t\tclass=\"ngg-simplelightbox\" rel=\"bf09bb1c8374e99b97bc4969feef5983\">\n\t\t\t\t<img\n\t\t\t\t\ttitle=\"cartel-colegio-m\"\n\t\t\t\t\talt=\"cartel-colegio-m\"\n\t\t\t\t\tsrc=\"https:\/\/www.laencamisa.es\/inicio\/wp-content\/gallery\/curiosidades\/thumbs\/thumbs_cartel-colegio-m.jpg\"\n\t\t\t\t\twidth=\"120\"\n\t\t\t\t\theight=\"90\"\n\t\t\t\t\tstyle=\"max-width:100%;\"\n\t\t\t\t\/>\n\t\t\t<\/a>\n\t\t<\/div>\n\t\t\t\t\t\t\t<\/div> \n\t\t\t\n\t\t\n\t\t\n\t\t<!-- Pagination -->\n\t\t<div class='ngg-clear'><\/div>\t<\/div>\n<\/p>\n","protected":false},"excerpt":{"rendered":"<p>Curiosidades aparecidas en los programas de fiestas de San Ant\u00f3n. Algo conocido y t\u00edpico en los programas de San Ant\u00f3n son las bromas por partes de anunciantes de la localidad, unas veces pertenecientes a empresas, otras a anuncios de particulares <span class=\"excerpt-dots\">&hellip;<\/span> <a class=\"more-link\" href=\"https:\/\/www.laencamisa.es\/inicio\/la-fiesta\/articulos\/curiosidades-de-programas-de-fiestas\/\"><span class=\"more-msg\">Sigue leyendo &rarr;<\/span><\/a><\/p>\n","protected":false},"author":1,"featured_media":0,"parent":700,"menu_order":0,"comment_status":"closed","ping_status":"closed","template":"","meta":{"ngg_post_thumbnail":0,"_links_to":"","_links_to_target":""},"_links":{"self":[{"href":"https:\/\/www.laencamisa.es\/inicio\/wp-json\/wp\/v2\/pages\/854"}],"collection":[{"href":"https:\/\/www.laencamisa.es\/inicio\/wp-json\/wp\/v2\/pages"}],"about":[{"href":"https:\/\/www.laencamisa.es\/inicio\/wp-json\/wp\/v2\/types\/page"}],"author":[{"embeddable":true,"href":"https:\/\/www.laencamisa.es\/inicio\/wp-json\/wp\/v2\/users\/1"}],"replies":[{"embeddable":true,"href":"https:\/\/www.laencamisa.es\/inicio\/wp-json\/wp\/v2\/comments?post=854"}],"version-history":[{"count":11,"href":"https:\/\/www.laencamisa.es\/inicio\/wp-json\/wp\/v2\/pages\/854\/revisions"}],"predecessor-version":[{"id":2368,"href":"https:\/\/www.laencamisa.es\/inicio\/wp-json\/wp\/v2\/pages\/854\/revisions\/2368"}],"up":[{"embeddable":true,"href":"https:\/\/www.laencamisa.es\/inicio\/wp-json\/wp\/v2\/pages\/700"}],"wp:attachment":[{"href":"https:\/\/www.laencamisa.es\/inicio\/wp-json\/wp\/v2\/media?parent=854"}],"curies":[{"name":"wp","href":"https:\/\/api.w.org\/{rel}","templated":true}]}}