{"id":785,"date":"2013-07-31T20:08:22","date_gmt":"2013-07-31T20:08:22","guid":{"rendered":"http:\/\/www.laencamisa.es\/inicio\/?page_id=785"},"modified":"2013-07-31T22:56:07","modified_gmt":"2013-07-31T22:56:07","slug":"naturaleza","status":"publish","type":"page","link":"https:\/\/www.laencamisa.es\/inicio\/navalvillar-de-pela\/naturaleza\/","title":{"rendered":"Naturaleza"},"content":{"rendered":"<h2>Sierra de Pela<\/h2>\n<p><img class=\"ngg-singlepic ngg-left alignleft\" alt=\"sierra-de-pela-3\" src=\"https:\/\/www.laencamisa.es\/inicio\/wp-content\/gallery\/nauraleza\/sierra-de-pela-3.jpg\" \/>La Sierra de Pela est\u00e1 catalogada como Zona Especial de Protecci\u00f3n de Aves (ZEPA). En ella pueden contemplarse buitres leonados, \u00e1guilas reales, aguiluchos cenizos, aguiluchos p\u00e1lidos, cig\u00fce\u00f1as negras&#8230;<br \/>\nSierras de cuarcita y viejos encinares componen las dehesas del entorno.<br \/>\nJaras, brezos y aulagas forman parte de la vegetaci\u00f3n de este espacio de inviernos frescos y veranos c\u00e1lidos y largos propios del clima mediterr\u00e1neo oce\u00e1nico.<\/p>\n<p><img loading=\"lazy\" class=\"ngg-singlepic ngg-left alignleft\" alt=\"chorrero2\" src=\"https:\/\/www.laencamisa.es\/inicio\/wp-content\/gallery\/nauraleza\/chorrero2.jpg\" width=\"362\" height=\"482\" \/>Lugares llenos de encanto y cercanos a la localidad son el Valle Postrero, el Arroyo de la Sierra, el Chorrero, las Tres Cruces y las llamadas cuevas de Villavieja; en este \u00faltimo lugar, en cuya parte m\u00e1s alta quedan restos de construcciones prerromanas, se han encontrado vestigios arqueol\u00f3gicos estudiados por A. Aguilar y P. Guichard.<br \/>\nSe tratar\u00eda de un castro o poblado con murallas de disposici\u00f3n irregular del que se conservan unos 8.000 m2 de Villavieja, adaptado al terreno y en cuyo interior se obsersierra de pela. vista desde las tres crucesvan espacios para guardar el ganado, posiblemente con reutilizaci\u00f3n posterior.<\/p>\n<h2>Sierra de Pela y Embalse de Orellana<\/h2>\n<p><span style=\"font-size: small;\"><strong>Embalse de Orellana y Sierra de Pela, un crisol de ecosistemas declarado Zona de Especial Conservaci\u00f3n<\/strong><\/span><\/p>\n<p>El Embalse de Orellana es el m\u00e1s grande de los situados en el tramo medio del R\u00edo Guadiana, estando regulado m\u00e1s arriba por los de Garc\u00eda de Sola y C\u00edjara.<\/p>\n<p><img class=\"ngg-singlepic ngg-left alignleft\" alt=\"embalse\" src=\"https:\/\/www.laencamisa.es\/inicio\/wp-content\/gallery\/nauraleza\/embalse.jpg\" \/>La Sierra de Pela es una inmensa sierra-isla en medio de un paisaje muy variado de vega y llanura, en que se alternan los cultivos de regad\u00edo, campos de cereal, pastizales, dehesas y matorrales, siendo uno de los enclaves que acapara mayor biodiversidad de Extremadura. Hacia el sur, los extensos pastizales de La Serena realzan la recortada silueta de la sierra que emerge de la penillanura.<\/p>\n<p>La superficie es de 42.600 ha, incluyendo los t\u00e9rminos municipales de Orellana la Vieja, Orellana de la Sierra, Acedera, Navalvillar de Pela, Casas de Don Pedro, Talarrubias, Puebla de Alcocer, Esparragosa de Lares y Campanario.<\/p>\n<p>En 1989, en aplicaci\u00f3n de la Directiva de Aves, el \u00e1rea del embalse de Orellana y Sierra de Pela fue clasificada como Zona de Especial Protecci\u00f3n para las Aves (ZEPA). Posteriormente, al promulgarse la Ley de conservaci\u00f3n de la naturaleza y de espacios naturales de Extremadura, el \u00e1rea fue incluida dentro de la Red de Espacios Naturales Protegidos con la figura de Zona de Especial Conservaci\u00f3n (ZEC).<\/p>\n<p>El Embalse de Orellana, incluido enteramente dentro del espacio protegido, es la \u00fanica zona h\u00fameda de Extremadura que pertenece a lista de humedales de importancia internacional establecidos en el Convenio de Ramsar, junto otros lugares tan renombrados como Las Tablas de Daimiel, Do\u00f1ana o Delta del Ebro.<\/p>\n<p><strong>Flora variada.<\/strong><\/p>\n<p>Esta Zona de Especial Conservaci\u00f3n a\u00fana varios ecosistemas muy diferentes pero relacionados entre s\u00ed: la sierra, las dehesas, el embalse y los pastizales de pseudoestepa.<\/p>\n<p><img class=\"ngg-singlepic ngg-left\" alt=\"100_4812\" src=\"https:\/\/www.laencamisa.es\/inicio\/wp-content\/gallery\/nauraleza\/100_4812.jpg\" \/>La Sierra de Pela presenta una densa vegetaci\u00f3n en sus laderas de bosque y matorral mediterr\u00e1neo, siendo las encinas y los alcornoques las especies arb\u00f3reas dominantes, presentando en algunas zonas una densa vegetaci\u00f3n acompa\u00f1ante de madro\u00f1o, durillo, lentisco, coscojas, labi\u00e9rnago, torvisco, romero, olivilla, jaras, brezo rojo y rusco. La parte baja de las laderas est\u00e1 ocupada mayoritariamente por olivares, algunos de ellos de gran belleza por su antig\u00fcedad y robusto porte de los \u00e1rboles. Otras zonas est\u00e1n ocupadas por repoblaciones de eucaliptos y pinos.<\/p>\n<p>Las dehesas ocupan principalmente la zona este del espacio, entre Navalvillar de Pela y Puerto Pe\u00f1a, alternando con parcelas de cultivos de cereal. Las dehesas son mayoritariamente de encinas, presentando manchas de matorral especialmente en lindes y bordes, con retama, cantueso, jaguarzo, ahulaga, piru\u00e9tano, majuelo, jara morisca y jara crispa. En los roquedos, especialmente en Puerto Pe\u00f1a y en las cimas de la Sierra de Pela, son muy frecuentes los enebros, algunos de gran porte.<\/p>\n<p><img class=\"ngg-singlepic ngg-left alignleft\" alt=\"cogolludo\" src=\"https:\/\/www.laencamisa.es\/inicio\/wp-content\/gallery\/nauraleza\/cogolludo.jpg\" \/>El embalse carece de vegetaci\u00f3n de ribera en su mayor parte, ya que las fluctuaciones en el nivel de agua lo hacen imposible. No obstante, en la cola, en las proximidades de la presa de Garc\u00eda de Sola, el r\u00edo recobra su aspecto natural y surge una densa vegetaci\u00f3n de atarfes, adelfas, tamujos, chopos y sauces que cubren las orillas y las islas. En la mitad sur, al otro lado del embalse, desaparece casi por completo el arbolado y los pastizales naturales con cultivos de cereal, como antesala de La Serena, ocupan toda la superficie.<\/p>\n<p>Los pastizales presentan gran variedad de gram\u00edneas, especialmente en los majadales creados por el redileo tradicional con el ganado ovino y los principales elementos le\u00f1osos son las retamas y cantuesos.<\/p>\n<p><strong>Cig\u00fce\u00f1as negras, gaviotas, \u00e1guilas y buitres.<\/strong><\/p>\n<p>Como fauna destaca la elevada presencia de cig\u00fce\u00f1a negra que, s\u00f3lo en Puerto Pe\u00f1a, llega a nidificar 4 parejas. Las colas del embalse son uno de los lugares de mayor importancia mundial para la especie, con concentraciones de m\u00e1s de 120 ejemplares en la migraci\u00f3n postnupcial.<\/p>\n<p><img class=\"ngg-singlepic ngg-left alignleft\" alt=\"ciguena\" src=\"https:\/\/www.laencamisa.es\/inicio\/wp-content\/gallery\/nauraleza\/ciguena.jpg\" \/>En el Embalse las especies m\u00e1s frecuentes son an\u00e1tidas, llegando a constatarse la presencia de m\u00e1s de 17.000 aves, principalmente \u00e1nade real, \u00e1nade friso, cerceta com\u00fan, \u00e1nade silb\u00f3n, pato cuchara y porr\u00f3n com\u00fan y porr\u00f3n mo\u00f1udo. Algunos a\u00f1os entran a dormir en sus orillas miles de grullas comunes procedentes de los regad\u00edos y dehesas circundantes, especialmente en los a\u00f1os de sequ\u00eda. Las concentraciones de gaviotas son tambi\u00e9n espectaculares, coexistiendo dormideros de gaviota reidora y de gaviota sombr\u00eda que superan conjuntamente los 20.000 ejemplares.<\/p>\n<p>Las islas centrales del embalse, algunas de peque\u00f1a superficie, acogen en primavera nutridas colonias de aves acu\u00e1ticas, destacando las de pagaza piconegra, canastera, cig\u00fce\u00f1uela, charrancito y chorlitejo patinegro, siendo objeto de una especial protecci\u00f3n por ser muy vulnerables a la presencia humana.<\/p>\n<p>En los pastizales naturales pueden observarse sin dificultad especies estep\u00e1ricas como avutarda, sis\u00f3n, ganga, ortega o alcarav\u00e1n. En las parcelas cultivadas de cereal, especialmente en las proximidades de Puebla de Alcocer, existen colonias de aguilucho cenizo.<\/p>\n<p><strong>Otros atractivos.<\/strong><\/p>\n<p>A nivel hist\u00f3rico merecen especial menci\u00f3n los restos de la villa romana de Lacimurga, situada en las orillas del embalse, justo en el paraje conocido como \u201cCogolludo\u201d, donde una gran apretura rocosa estrecha el cauce del r\u00edo. Las ruinas corresponden a un numeroso grupo de viviendas que debi\u00f3 de ser el centro comercial de las construcciones rurales asentadas a lo largo de las vegas del Guadiana en aquellos tiempos.<\/p>\n<p>Tambi\u00e9n son significativas las pinturas prehist\u00f3ricas existentes en numerosos abrigos de la sierra, sobre cuarcitas, as\u00ed como los restos de castros celtas, de los que se conservan s\u00f3lo vestigios.<\/p>\n<p>Y a la entrada del c\u00e1mping \u00abPuerto Pe\u00f1a\u00bb, situado aguas abajo de la presa de Garc\u00eda Sola, se encuentra el Centro de Interpretaci\u00f3n de la Fauna Rup\u00edcola. En la amplia terraza del centro existe un observatorio desde donde se puede ver a las aves m\u00e1s representativas de los roquedos<\/p>\n","protected":false},"excerpt":{"rendered":"<p>Sierra de Pela La Sierra de Pela est\u00e1 catalogada como Zona Especial de Protecci\u00f3n de Aves (ZEPA). En ella pueden contemplarse buitres leonados, \u00e1guilas reales, aguiluchos cenizos, aguiluchos p\u00e1lidos, cig\u00fce\u00f1as negras&#8230; Sierras de cuarcita y viejos encinares componen las dehesas <span class=\"excerpt-dots\">&hellip;<\/span> <a class=\"more-link\" href=\"https:\/\/www.laencamisa.es\/inicio\/navalvillar-de-pela\/naturaleza\/\"><span class=\"more-msg\">Sigue leyendo &rarr;<\/span><\/a><\/p>\n","protected":false},"author":1,"featured_media":0,"parent":346,"menu_order":0,"comment_status":"closed","ping_status":"closed","template":"","meta":{"ngg_post_thumbnail":0,"_links_to":"","_links_to_target":""},"_links":{"self":[{"href":"https:\/\/www.laencamisa.es\/inicio\/wp-json\/wp\/v2\/pages\/785"}],"collection":[{"href":"https:\/\/www.laencamisa.es\/inicio\/wp-json\/wp\/v2\/pages"}],"about":[{"href":"https:\/\/www.laencamisa.es\/inicio\/wp-json\/wp\/v2\/types\/page"}],"author":[{"embeddable":true,"href":"https:\/\/www.laencamisa.es\/inicio\/wp-json\/wp\/v2\/users\/1"}],"replies":[{"embeddable":true,"href":"https:\/\/www.laencamisa.es\/inicio\/wp-json\/wp\/v2\/comments?post=785"}],"version-history":[{"count":16,"href":"https:\/\/www.laencamisa.es\/inicio\/wp-json\/wp\/v2\/pages\/785\/revisions"}],"predecessor-version":[{"id":788,"href":"https:\/\/www.laencamisa.es\/inicio\/wp-json\/wp\/v2\/pages\/785\/revisions\/788"}],"up":[{"embeddable":true,"href":"https:\/\/www.laencamisa.es\/inicio\/wp-json\/wp\/v2\/pages\/346"}],"wp:attachment":[{"href":"https:\/\/www.laencamisa.es\/inicio\/wp-json\/wp\/v2\/media?parent=785"}],"curies":[{"name":"wp","href":"https:\/\/api.w.org\/{rel}","templated":true}]}}