{"id":768,"date":"2013-07-26T00:02:29","date_gmt":"2013-07-26T00:02:29","guid":{"rendered":"http:\/\/www.laencamisa.es\/inicio\/?page_id=768"},"modified":"2022-04-10T12:34:34","modified_gmt":"2022-04-10T12:34:34","slug":"escudo-de-navalvillar-de-pela","status":"publish","type":"page","link":"https:\/\/www.laencamisa.es\/inicio\/la-fiesta\/articulos\/escudo-de-navalvillar-de-pela\/","title":{"rendered":"Escudo her\u00e1ldico de Navalvillar de Pela"},"content":{"rendered":"<p><a href=\"https:\/\/www.laencamisa.es\/inicio\/wp-content\/uploads\/2013\/07\/escudo-navalvillar-de-pela.jpg\"><img loading=\"lazy\" class=\" wp-image-884 alignright\" alt=\"escudo navalvillar de pela\" src=\"https:\/\/www.laencamisa.es\/inicio\/wp-content\/uploads\/2013\/07\/escudo-navalvillar-de-pela.jpg\" width=\"196\" height=\"276\"><\/a>DOE n\u00fam. 88 JUEVES, 27 DE OCTUBRE DE 1988<br \/>\nCONSEJER\u00cdA DE PRESIDENCIA Y TRABAJO<\/p>\n<p>Escudos Her\u00e1ldicos.- Orden de 18 de octubre de 1988, por la que se aprueba el Escudo Her\u00e1ldico, Bandera Local y Estandarte del municipio de Navalvillar de Pela (Badajoz).<\/p>\n<p>El Ayuntamiento de Navalvillar de Pela (Badajoz) ha instruido expediente administrativo para la adopci\u00f3n del Escudo Her\u00e1ldico Municipal. Dicho expediente fue aprobado por el Pleno Corporativo, en sesi\u00f3n de 23 de diciembre de 1987, en el que se expresaban las razones que justificaban el dibujo-proyecto del nuevo blas\u00f3n<br \/>\nConsta en dicho expediente el informe de la Real Academia de la Historia, emitido el d\u00eda 19 de julio de 1988<\/p>\n<p>Considerando que la sustanciaci\u00f3n de citado expediente se ha ajustado en todo al art\u00edculo 187 del Reglamento de Organizaci\u00f3n, Funcionamiento y R\u00e9gimen Jur\u00eddico de las Entidades Locales, y en uso de las atribuciones conferidas por referido precepto,<br \/>\nDISPONGO;<\/p>\n<p><strong>Art\u00edculo primero<\/strong>: Vengo en aprobar el <strong>Escudo Her\u00e1ldico<\/strong> del Municipio de Navalvillar de Pela, con la siguiente descripci\u00f3n: \u00bb Escudo medio partido y cortado. Primero, las Armas de la ciudad de Trujillo (C\u00e1ceres): \u00abDe plata, una muralla de gules, mazonada de sable y acostada de dos torres de lo mismo, aclaradas de campo. Surmontada de un brochante de oro cargado con la figura de la Virgen Mar\u00eda, de plata con manto de azur y el Ni\u00f1o Jes\u00fas, de plata\u00bb. Segundo, de azur, fuente, de plata, anagramada de sable, con las cifras I y MCDXVIII; acompa\u00f1ada la fuente de un rayo de oro. Tercero, de sinople, la banda de plata acompa\u00f1ada, en jefe de la rueda de Santa Catalina de oro y de una Tau del mismo metal, en punta. Al timbre, Corona Real abierta.<\/p>\n<p><strong>Art\u00edculo segundo<\/strong>: Se aprueba la <strong>Bandera Local<\/strong> del Municipio de Navalvillar de Pela, con la siguiente descripci\u00f3n: \u00bb De color verde campi\u00f1a. En diagonal, y de izquierda a derecha del espectador, una banda blanca la cuarta parte m\u00e1s estrecha que el todo. En el centro el Escudo de Armas\u00bb<\/p>\n<p><strong>Art\u00edculo tercero<\/strong>: Se aprueba <strong>Estandarte o Pend\u00f3n<\/strong> del Municipio de Navalvillar de Pela, con la siguiente descripci\u00f3n: \u00abDe color verde campi\u00f1a. En diagonal, y de izquierda a derecha, una banda blanca la cuarta parte mas estrecha que el todo, acompa\u00f1ada de la rueda de Santa Catalina de oro y de una Tau del mismo metal, colocadas en id\u00e9ntica posici\u00f3n que la que ocupan en el Escudo de Armas\u00bb<br \/>\nDado en M\u00e9rida, a 20 de octubre de 1988<br \/>\nEl Consejero de la Presidencia y Trabajo, \u00c1ngel \u00c1lvarez Morales<\/p>\n","protected":false},"excerpt":{"rendered":"<p>DOE n\u00fam. 88 JUEVES, 27 DE OCTUBRE DE 1988 CONSEJER\u00cdA DE PRESIDENCIA Y TRABAJO Escudos Her\u00e1ldicos.- Orden de 18 de octubre de 1988, por la que se aprueba el Escudo Her\u00e1ldico, Bandera Local y Estandarte del municipio de Navalvillar de <span class=\"excerpt-dots\">&hellip;<\/span> <a class=\"more-link\" href=\"https:\/\/www.laencamisa.es\/inicio\/la-fiesta\/articulos\/escudo-de-navalvillar-de-pela\/\"><span class=\"more-msg\">Sigue leyendo &rarr;<\/span><\/a><\/p>\n","protected":false},"author":1,"featured_media":0,"parent":700,"menu_order":0,"comment_status":"closed","ping_status":"closed","template":"","meta":{"ngg_post_thumbnail":0,"_links_to":"","_links_to_target":""},"_links":{"self":[{"href":"https:\/\/www.laencamisa.es\/inicio\/wp-json\/wp\/v2\/pages\/768"}],"collection":[{"href":"https:\/\/www.laencamisa.es\/inicio\/wp-json\/wp\/v2\/pages"}],"about":[{"href":"https:\/\/www.laencamisa.es\/inicio\/wp-json\/wp\/v2\/types\/page"}],"author":[{"embeddable":true,"href":"https:\/\/www.laencamisa.es\/inicio\/wp-json\/wp\/v2\/users\/1"}],"replies":[{"embeddable":true,"href":"https:\/\/www.laencamisa.es\/inicio\/wp-json\/wp\/v2\/comments?post=768"}],"version-history":[{"count":5,"href":"https:\/\/www.laencamisa.es\/inicio\/wp-json\/wp\/v2\/pages\/768\/revisions"}],"predecessor-version":[{"id":2369,"href":"https:\/\/www.laencamisa.es\/inicio\/wp-json\/wp\/v2\/pages\/768\/revisions\/2369"}],"up":[{"embeddable":true,"href":"https:\/\/www.laencamisa.es\/inicio\/wp-json\/wp\/v2\/pages\/700"}],"wp:attachment":[{"href":"https:\/\/www.laencamisa.es\/inicio\/wp-json\/wp\/v2\/media?parent=768"}],"curies":[{"name":"wp","href":"https:\/\/api.w.org\/{rel}","templated":true}]}}