{"id":757,"date":"2013-07-25T22:22:04","date_gmt":"2013-07-25T22:22:04","guid":{"rendered":"http:\/\/www.laencamisa.es\/inicio\/?page_id=757"},"modified":"2013-07-26T00:16:56","modified_gmt":"2013-07-26T00:16:56","slug":"historia-de-navalvillar-de-pela","status":"publish","type":"page","link":"https:\/\/www.laencamisa.es\/inicio\/navalvillar-de-pela\/historia-de-navalvillar-de-pela\/","title":{"rendered":"Historia de Navalvillar de Pela"},"content":{"rendered":"<p><img class=\"ngg-singlepic ngg-left alignleft\" alt=\"navalvpela\" src=\"https:\/\/www.laencamisa.es\/inicio\/wp-content\/gallery\/historioa-navalvillar\/navalvpela.jpg\" \/>El elemento m\u00e1s significativo del pasado y presente de Navalvillar de Pela y de sus habitantes los pele\u00f1os es, tal vez, su car\u00e1cter colectivo, an\u00f3nimo, en la historia tradicional de grandes personajes o hechos.<\/p>\n<p>En nuestra localidad, a diferencia de otros pueblos de nuestro entorno incluso m\u00e1s peque\u00f1os, no encontramos grandes edificios en piedra, ni p\u00fablicos como iglesias ni privados como palacios; ning\u00fan pele\u00f1o aparece como gran personaje del pasado que haya sido objeto de biograf\u00edas o haya protagonizado hechos relevantes de los que se conserve memoria escrita. Por otro lado, es clara la dilatada y amplia historia de la localidad y su t\u00e9rmino municipal, que transcurre paralela al devenir hist\u00f3rico extreme\u00f1o y por extensi\u00f3n espa\u00f1ol: contamos con restos prehist\u00f3ricos, romanos, medievales, etc.<\/p>\n<p>Si descomponemos el top\u00f3nimo de nuestra localidad, encontramos las claves para su explicaci\u00f3n: \u00abnava\u00bb significa \u00abtierra baja, h\u00fameda y pantanosa\u00bb (bastar\u00e1 preguntar a alguno de nuestros mayores para que nos cuente que el lugar donde ahora est\u00e1 situada nuestra poblaci\u00f3n estaba hasta un pasado reciente cursado por arroyos y que, por ejemplo, lo que ahora es un parque fue hasta no hace mucho una laguna donde incluso funcionaba un tejar con cuyos productos se han cubierto muchas de las casas actualmente existentes); \u00abvillar\u00bb significa &#8216;pueblo peque\u00f1o&#8217;; \u00abPela\u00bb, nombre de nuestra sierra, alude a que, acorde con nuestra tradici\u00f3n ganadera, aqu\u00ed se concentraban los ganados para el esquileo anual.<\/p>\n<p>En primer lugar deberemos se\u00f1alar algo obvio: Navalvillar de Pela en su emplazamiento actual y con esta denominaci\u00f3n topon\u00edmica nace en 1418 cuando un grupo de vecinos pide permiso al Ayuntamiento de Trujillo para deslindar y amojonar el t\u00e9rmino.<\/p>\n<p>As\u00ed est\u00e1 recogido en nuestro escudo, que con otros expertos contribuimos a investigar no hace mucho tiempo: Navalvillar de Pela se crear\u00eda partiendo de la \u00abFuente del Rayo\u00bb, desde donde se deslindar\u00eda como t\u00e9rmino el espacio que abarcara \u00abun tiro de arco\u00bb alrededor. Pero el hecho fundacional de la poblaci\u00f3n en el s. XV no debemos entenderlo como algo absoluto: con anterioridad a esa fecha, estos parajes que abarcan su t\u00e9rmino municipal tendr\u00edan ocupaci\u00f3n humana que ir\u00eda variando con el paso de los tiempos.<\/p>\n<p>As\u00ed pues, de la presencia hist\u00f3rica de Navalvillar de Pela en la Edad Contempor\u00e1nea no tenemos dudas (basta ver la cita inicial de la Gran Enciclopedia Extreme\u00f1a).<\/p>\n<p>M\u00e1s all\u00e1 de eso, sabemos que el municipio creci\u00f3 de forma continuada entre 1900 (3.609 habitantes) y 1960 (6.963 h.), descendi\u00f3 entre esa fecha y 1981 debido a la intensidad de la emigraci\u00f3n y ha logrado una ligera recuperaci\u00f3n en la primera mitad de la d\u00e9cada de los 80 (1986, 5.389 h.)como consecuencia de la paralizaci\u00f3n del \u00e9xodo y el incremento del retorno, situaci\u00f3n que se mantiene en la actualidad con una poblaci\u00f3n que ronda los 5.100 habitantes.<\/p>\n<p>Navalvillar de Pela tiene presencia hist\u00f3rica en los hechos que han marcado nuestra historia contempor\u00e1nea. Rastreando la Historia de Extremadura de Universitas Editorial, encontramos referencias a la Guerra de la Independencia contra los franceses, a las guerras carlistas con las que se inicia el Reinado de Isabel II, etc.<\/p>\n<p>A t\u00edtulo de ejemplo indicamos que \u00aba fines de 1835 y comienzos de 1836, desde finales de mayo a los \u00faltimos d\u00edas de julio se repetir\u00e1n las invasiones de partidas carlistas con objeto de proporcionarse recursos (&#8230;)\u00bb.<\/p>\n<p>Durante el largo per\u00edodo de construcci\u00f3n del Estado Liberal (siglo XIX y primer tercio del XX) Navalvillar de Pela vivir\u00eda los avatares de su tiempo: se roturar\u00edan nuevas tierras y se plantar\u00eda la mayor parte de los olivares que hoy nos enorgullecen, la desamortizaci\u00f3n :permitir\u00eda la ampliaci\u00f3n de su t\u00e9rmino con posesiones del Monasterio de Guadalupe (\u00abra\u00f1as del fraile\u00bb) y el caciquismo afectar\u00eda a la poblaci\u00f3n con menos virulencia que a otras, dado el car\u00e1cter colectivo de la propiedad y el hecho de ausencia de grandes propietarios aut\u00f3ctonos; as\u00ed, el Marqu\u00e9s de Gorbea acumular\u00eda propiedades eclesi\u00e1sticas, pero el concejo de Navalvillar de Pela logra conservar una amplia Dehesa Boyal para la posesi\u00f3n de todos los vecinos y su disfrute hasta la actualidad.<\/p>\n<p>Llegamos as\u00ed a una de las \u00e9pocas m\u00e1s convulsas de la historia espa\u00f1ola, la II Rep\u00fablica (1931-1936). Como no pod\u00eda ser menos, nuestra localidad se ve afectada por el hurac\u00e1n hist\u00f3rico que democratizar\u00e1 por primera vez nuestros municipios. Como la mayor parte de Extremadura, tendremos alcalde socialista y enfrentamientos sociales como el ocurrido a principios de 1932: \u00abEl 1 de enero de 1932, la Federaci\u00f3n Nacional de Trabajadores de la Tierra, sindicato campesino afecto a la socialista UGT inici\u00f3 una huelga general en la provincia de Badajoz destinada a protestar contra los excesos de la Guardia Civil, vi\u00e9ndose empa\u00f1ada por una dur\u00edsima violencia (&#8230;).<\/p>\n<p>Adem\u00e1s de en otros pueblos, en Navalvillar de Pela un grupo de trabajadores desarma y golpea a tres guardias.\u00bb Durante la Guerra Civil (1936-1939), Navalvillar de Pela cobra importancia por ser frontera ya en su inicio cuando Extremadura qued\u00f3 dividida en dos partes, con C\u00e1ceres controlada por los franquistas y Badajoz por los republicanos, estando una de las l\u00edneas divisorias del frente en Madrigalejo. As\u00ed, desde 1937 formamos parte de la republicana Bolsa de la Serena. En este tiempo llegaron a nuestra localidad numerosos refugiados de toda la comarca.<\/p>\n<p>Por esta fecha asistimos a uno de los acontecimientos m\u00e1s curiosos de nuestra historia: el Ayuntamiento de Navalvillar de Pela emite moneda propia, como recoge en su original investigaci\u00f3n nuestro paisano Juan Moreno Aragoneses en Los billetes locales y jurisdiccionales en la Extremadura de 1937 (1992).<br \/>\n<img loading=\"lazy\" class=\"ngg-singlepic ngg-none alignleft\" style=\"margin-top: 2px; margin-bottom: 2px;\" alt=\"billete-1\" src=\"https:\/\/www.laencamisa.es\/inicio\/wp-content\/gallery\/historioa-navalvillar\/billete-1.jpg\" width=\"221\" height=\"226\" \/><img loading=\"lazy\" class=\"ngg-singlepic ngg-none alignleft\" style=\"margin-top: 2px; margin-bottom: 2px;\" alt=\"billete-2\" src=\"https:\/\/www.laencamisa.es\/inicio\/wp-content\/gallery\/historioa-navalvillar\/billete-2.jpg\" width=\"213\" height=\"226\" \/>El 21 de julio de 1938, desde Madrigalejo bajan las tropas de la 74 Divisi\u00f3n Nacional al mando del teniente coronel Villaba Rubio, que cruza los r\u00edos Garg\u00e1ligas y Cubilar y Navalvillar de Pela cae en sus manos.<\/p>\n<p>La Guerra Civil y el franquismo posterior abrir\u00e1n muchas heridas en ambos bandos que hoy ya est\u00e1n felizmente superadas. A t\u00edtulo de ejemplo rescatamos un testimonio extra\u00eddo del libro Extremadura: la Guerra Civil, de Justo Vila Izquierdo: \u00abValent\u00edn Jim\u00e9nez estuvo preso en el campo de concentraci\u00f3n de Castuera y huy\u00f3 al ser trasladado a Navalvillar donde iba a ser fusilado, se ech\u00f3 al monte, donde con otros perseguidos formar\u00eda una partida de guerrilleros que actuar\u00eda por la zona\u00bb.<\/p>\n<p>M\u00e1s tarde, a\u00f1os cincuenta y sesenta, vendr\u00eda el Plan Badajoz, que nos traer\u00eda el regad\u00edo y la construcci\u00f3n de nuestros dos poblados: Vegas Altas y Obando.<\/p>\n<p>Como ya hemos indicado, al final de la Edad Media, en 1418, Navalvillar de Pela obtiene su acta de fundaci\u00f3n del pueblo, dependiente del Concejo de Trujillo posiblemente hasta la divisi\u00f3n provincial actual aprobada en 1833.<\/p>\n<p>Aunque es muy posible que en \u00e9poca \u00e1rabe el n\u00facleo estuviera poblado, las primeras noticias hist\u00f3ricas documentadas referentes a este centro corresponden al siglo XIV, trat\u00e1ndose, seg\u00fan las mismas, de un asentamiento fundado por Alfonso XI de Castilla a partir de algunas alquer\u00edas de pastores establecidas en ese dominio. En sus inmediaciones se encontraban los caser\u00edos desaparecidos de Villavieja y San Isidro, \u00e9ste perteneciente al Monasterio de Guadalupe.<\/p>\n<p>Ciertas fuentes mencionan la existencia en el entorno de restos de fortificaciones a las que se atribuye naturaleza templar\u00eda, as\u00ed como de minas excavadas en la sierra.<\/p>\n<p>En el s. XVIII, Tom\u00e1s L\u00f3pez niega, sin embargo, que en ese lugar existiera castillo alguno ni que se conservara memoria de que hubiera existido.<\/p>\n<p>Hist\u00f3ricamente, la evoluci\u00f3n demogr\u00e1fica fue siempre positiva: as\u00ed, de 300 vecinos<br \/>\n(1200 habitantes) en el siglo XVI se pas\u00f3 a 400 a finales del siglo XVIII. A mediados del XIX hab\u00edan subido a 600. De esta \u00e9poca nos quedar\u00eda como realizaci\u00f3n de inter\u00e9s arquitect\u00f3nico la Ermita de la Caridad (obra originaria del XVII que presenta numerosas remodelaciones de \u00e9poca posterior), la antigua iglesia parroquial de Santa Catalina (derruida en parte, es una obra del XVIII) y la arquitectura popular tradicional representada en numerosas edificaciones de una sola planta y puerta con vano de arco cobijado en calles Pilar, Matalobos, Caridad, Nueva,M\u00e1rtires, etc.<\/p>\n<p><img class=\"ngg-singlepic ngg-none\" alt=\"antigua_iglesia_santa_catalina_de_alejandria\" src=\"https:\/\/www.laencamisa.es\/inicio\/wp-content\/gallery\/historioa-navalvillar\/antigua_iglesia_santa_catalina_de_alejandria.jpg\" \/><\/p>\n<p>Peculiar, sin duda, resulta el retrato que sobre la realidad de la localidad en 1561 realiza el Profesor Molini\u00e9-Bertrand sobre cuatro pueblos del partido de Trujillo (extra\u00eddo de Historia de Extremadura): en 1561 la poblaci\u00f3n de Navalvillar de Pela era de 202 vecinos, de ellos ninguno era hidalgo; entre tanto, Madrigalejo contaba con 273 vecinos y 5 hidalgos mientras Herguijuela ten\u00eda 229 vecinos y 26 hidalgos; m\u00e1s adelante, en 1591, la situaci\u00f3n es de 284 vecinos en Navalvillar de Pela, seguimos sin tener hidalgos; Madrigalejo 353 vecinos y 4 hidalgos; Herguijuela 228 vecinos, 12 hidalgos.<\/p>\n<p>Como podemos ver, sin entrar en otras consideraciones m\u00e1s t\u00e9cnicas, aparece ya clara la ausencia de elementos nobiliarios entre nuestro vecindario.<\/p>\n<p>En cuanto a como era la vida en esta \u00e9poca, diremos que en los pueblos con t\u00e9rminos menos amplios la capa alta de la sociedad la ocupaba la figura del ganadero-labrador medio, acomodado, granjeros con buena labor o villanos ricos. En el citado estudio se se\u00f1ala que en esta \u00e9poca Navalvillar de Pela contaba con las siguientes cabezas de ganado: 2.027 lanar, 1.147 cabr\u00edo, 614 de cerda, 269 vacuno; en comparaci\u00f3n, la situaci\u00f3n en Madrigalejo era: 4.960 lanar, 60 cabr\u00edo, 737 de cerda, 434 vacuno.<\/p>\n<p>Al servicio de los ganaderos acaudalados o acomodados as\u00ed como de los concejos estaba una serie de gente modesta: al frente de la caba\u00f1a estaba generalmente el mayoral y con \u00e9l colaboraban en las tareas ganaderas los pastores en sus tres categor\u00edas de zagales, ga\u00f1anes y rabadanes, as\u00ed como cabreros, vaqueros, porqueros e incluso podadores y vareadores.<\/p>\n<p>Junto a esta actividad ganadera, ya se apunta la tradici\u00f3n agr\u00edcola. En 1561 hab\u00eda en nuestro pueblo 93 labradores (46% de la poblaci\u00f3n), 18 jornaleros (9); significativo en relaci\u00f3n con el reparto de la propiedad es el escaso numero de jornaleros. Por esas mismas fechas, en Madrigalejo hab\u00eda 84 labradores (31 ) y 37 jornaleros (14). En cuanto a su dedicaci\u00f3n, predomina el cultivo de cereales con la ayuda de animales: en Madrigalejo el 56% de los labradores dispon\u00edan de dos pares de bueyes y el 44 de un solo par, con porcentajes m\u00e1s bajos Navalvillar de Pela<\/p>\n<p>La figura del hortelano solo aparece en Navalvillar de Pela, donde hab\u00eda 3, el 1,5% de los vecinos.<\/p>\n<p>La capa m\u00e1s baja de la sociedad del pueblo la formaban los jornaleros,incluidos trabajadores, mozos a soldada, braceros; la mayor\u00eda de ellos, pobres que trataban de aliviar su pobreza bien ejerciendo un oficio artesano, bien ayud\u00e1ndose de alguna bestia para venta, transporte o acarreo bien manteniendo alguna cabra o cerdo para autoabastecerse ellos y sus familias de leche y matanza.<\/p>\n<p>En cuanto a otros oficios, nos encontramos con 1 alba\u00f1il, 1 zapatero, 1 herrero, 1 sastre, 1 jabonero, 1 taponero, 1 arriero, 1 mesonero, 2 taberneros; en total, el sector servicios ocupa al 5,44% de la poblaci\u00f3n.<\/p>\n<p>Escasa huella dejaron en nuestra localidad los visigodos, cuya presencia se limit\u00f3 a las ciudades m\u00e1s grandes de nuestro entorno como M\u00e9rida y Trujillo.<\/p>\n<p>Mayor es la influencia de los cerca de ochocientos a\u00f1os de presencia \u00e1rabe a partir del a\u00f1o 713, cuando Muza conquista M\u00e9rida, aunque esta poco documentada su presencia por falta de investigaciones precisas.<\/p>\n<p>A ellos debemos, no obstante, la tradici\u00f3n de huertas con sus peculiares elementos (norias, granados, etc.), tal vez (est\u00e1 por investigar) algunas de las palabras que diferencian el habla de Navalvillar de Pela (zarperar, escaramocho &#8230;) y nuestra tradici\u00f3n ganadera aportada por los bereberes.<\/p>\n<p>En el siglo XIII Femando III de Castilla y Le\u00f3n conquista Trujillo, con protagonismo del obispo y concejo de Plasencia y \u00f3rdenes militares, por ello ya la divisi\u00f3n eclesi\u00e1stica del siglo XIV nos incluye en el Obispado de Plasencia. En cuanto a la divisi\u00f3n jurisdiccional, sobre nuestra zona no habr\u00e1 un expreso dominio nobiliario dado que Trujillo estar\u00e1 entre los tres o cuatro grandes concejos de realenqo que constituyen islotes en el conjunto de las tierras dependientes de las \u00f3rdenes. A partir del reinado de los Reyes Cat\u00f3licos, la divisi\u00f3n administrativa tiene por base el corregimiento en las principales villas y ciudades: Badajoz, Plasencia, Trujillo y Caceres.<\/p>\n<p><img class=\"ngg-singlepic ngg-none alignleft\" alt=\"escultura\" src=\"https:\/\/www.laencamisa.es\/inicio\/wp-content\/gallery\/historioa-navalvillar\/escultura.jpg\" \/>En la Edad Antigua, el t\u00e9rmino municipal actual de nuestro pueblo pertenecer\u00eda a los dominios de los vettones, pueblo ib\u00e9rico prerromano establecido en la zona occidental de la Meseta y cuyo territorio abarcaba desde el Guadiana al Duero.<\/p>\n<p>Los vettones eran vecinos de los lusitanos, a los que apoyaron cuando se sublevaron contra Roma: entre otras cosas nos han legado representaciones en bronce de exvotos animales y otras representaciones humanas a caballo (Malparida, Aliseda y Torrejoncillo). A ellos puede pertenecer tambi\u00e9n la escultura de la Ermita la Caridad, recientemente encontrada y datada en \u00e9poca ib\u00e9rica por Antonio Aguilar Sa\u00e9nz y Pascal Guichard.<\/p>\n<p>El poblamiento de nuestras sierras desde tiempos prehist\u00f3ricos est\u00e1 atestiguado por varios estudios hist\u00f3ricos y en especial por la presencia de pinturas rupestres esquem\u00e1ticas del abrigo del Hoyo Pela. Siguiendo explicaciones aportadas por Aguilar y Guichard, se\u00f1alamos que, desde el punto de vista arqueol\u00f3gico, el yacimiento de Cogolludo-Lacimurga proporciona toda una serie de aportaciones novedosas, con referencia a la evoluci\u00f3n del poblamiento en la zona central de la Pen\u00ednsula Ib\u00e9rica, desde los siglos VI-V a. C. con materiales orientalizantes e ib\u00e9ricos: cer\u00e1mica y armas ib\u00e9ricas, monedas \u00edbero-turdetanas&#8230; Por otro lado, en la necr\u00f3polis descubierta se ha hallado una arracada (especie de collar) de oro que han datado en el siglo IV-111 a. C.<\/p>\n<p><img class=\"ngg-singlepic ngg-none\" alt=\"lacimurga\" src=\"https:\/\/www.laencamisa.es\/inicio\/wp-content\/gallery\/historioa-navalvillar\/lacimurga.jpg\" \/><\/p>\n<p>Otros restos estudiados alimentan la pol\u00e9mica acerca de si son prerromanos o de \u00e9poca romana, as\u00ed hablamos de establecimientos de la II Edad de Hierro, a los que tradicionalmente se ha llamado castros como el situado en Villavieja.<\/p>\n<p>A lo largo de todo el Bronce Final pueden fijarse una serie de relaciones bien de modo directo, bien a trav\u00e9s de intermediarios tal como se sugiere a partir de los hallazgos relacionados con el c\u00edrculo del Bronce Atl\u00e1ntico, sobre todo la joyer\u00eda; tomando como base el trabajo de M.Almagro Gorbea, pueden se\u00f1alarse las joyas espirales de Navalvillar de Pela, muy enraizadas en las modas del Bronce Pleno, a la vez que indican unas profundas relaciones con la zona irlandesa.<\/p>\n<p><img class=\"ngg-singlepic ngg-none\" alt=\"pinturas-rupestres-hoyo-pela\" src=\"https:\/\/www.laencamisa.es\/inicio\/wp-content\/gallery\/historioa-navalvillar\/pinturas-rupestres-hoyo-pela.jpg\" \/><\/p>\n<p>En el estudio El abrigo con pinturas esquem\u00e1ticas del Hoyo Pela, de Balbi Behrman, Rodrigo y otros, leemos que en este abrigo puede observarse una evoluci\u00f3n desde representaciones m\u00e1s naturalistas hasta esquemas casi absolutos con elementos intermedios.<\/p>\n<p>En cuanto a su dataci\u00f3n nos indican:<\/p>\n<p>\u00abNo es f\u00e1cil pensar que el arte que nos ocupa pueda remitirse a \u00e9pocas neol\u00edticas, ya que carecemos de pruebas fehacientes de la existencia de un Neol\u00edtico en la parte occidental de la Pen\u00ednsula Ib\u00e9rica.<\/p>\n<p>Admitiendo la hip\u00f3tesis de una derivaci\u00f3n estil\u00edstica a partir de las \u00faltimas manifestaciones levantinas por un lado y de las nuevas corrientes culturales de tipo mediterr\u00e1neo por otro, la zona que nos ocupa no podr\u00eda haber llegado a recibir estos elementos pict\u00f3ricos sino en \u00e9poca muy avanzada, seguramente el Bronce Antiguo, y en esta zona anteriores al Bronce Final\u00bb.<\/p>\n<p>Seguramente la zona de la Sierra de Pela se encuentra habitada desde hace casi dos millones de a\u00f1os, cuando se produce una expansi\u00f3n acelerada de la especie humana por todos los continentes. Esta primera ocupaci\u00f3n del territorio ,estar\u00eda ligada a una poblaci\u00f3n poco numerosa reunida en torno a grupos de 20 a 25 personas unidas entre s\u00ed por v\u00ednculos familiares y obligadas, por su dedicaci\u00f3n a la recolecci\u00f3n, a la caza y a la pesca, a tener gran movilidad con desplazamientos continuos.<\/p>\n<p>La sierra pele\u00f1a ser\u00eda un buen lugar para ellos, que buscaban espacios situados en las proximidades de los cursos de agua. En ella se han descubierto algunos \u00fatiles hechos en piedra, lascas y otros instrumentos cortantes o rasantes datados en el Paleol\u00edtico Medio.<\/p>\n<p>Escrito realizado por Federico Parralejo Arroyo. Licenciado en Historia.<\/p>\n","protected":false},"excerpt":{"rendered":"<p>El elemento m\u00e1s significativo del pasado y presente de Navalvillar de Pela y de sus habitantes los pele\u00f1os es, tal vez, su car\u00e1cter colectivo, an\u00f3nimo, en la historia tradicional de grandes personajes o hechos. En nuestra localidad, a diferencia de <span class=\"excerpt-dots\">&hellip;<\/span> <a class=\"more-link\" href=\"https:\/\/www.laencamisa.es\/inicio\/navalvillar-de-pela\/historia-de-navalvillar-de-pela\/\"><span class=\"more-msg\">Sigue leyendo &rarr;<\/span><\/a><\/p>\n","protected":false},"author":1,"featured_media":0,"parent":346,"menu_order":0,"comment_status":"closed","ping_status":"closed","template":"","meta":{"ngg_post_thumbnail":0,"_links_to":"","_links_to_target":""},"_links":{"self":[{"href":"https:\/\/www.laencamisa.es\/inicio\/wp-json\/wp\/v2\/pages\/757"}],"collection":[{"href":"https:\/\/www.laencamisa.es\/inicio\/wp-json\/wp\/v2\/pages"}],"about":[{"href":"https:\/\/www.laencamisa.es\/inicio\/wp-json\/wp\/v2\/types\/page"}],"author":[{"embeddable":true,"href":"https:\/\/www.laencamisa.es\/inicio\/wp-json\/wp\/v2\/users\/1"}],"replies":[{"embeddable":true,"href":"https:\/\/www.laencamisa.es\/inicio\/wp-json\/wp\/v2\/comments?post=757"}],"version-history":[{"count":14,"href":"https:\/\/www.laencamisa.es\/inicio\/wp-json\/wp\/v2\/pages\/757\/revisions"}],"predecessor-version":[{"id":864,"href":"https:\/\/www.laencamisa.es\/inicio\/wp-json\/wp\/v2\/pages\/757\/revisions\/864"}],"up":[{"embeddable":true,"href":"https:\/\/www.laencamisa.es\/inicio\/wp-json\/wp\/v2\/pages\/346"}],"wp:attachment":[{"href":"https:\/\/www.laencamisa.es\/inicio\/wp-json\/wp\/v2\/media?parent=757"}],"curies":[{"name":"wp","href":"https:\/\/api.w.org\/{rel}","templated":true}]}}