{"id":712,"date":"2013-07-22T17:27:55","date_gmt":"2013-07-22T17:27:55","guid":{"rendered":"http:\/\/www.laencamisa.es\/inicio\/?page_id=712"},"modified":"2022-04-10T12:38:19","modified_gmt":"2022-04-10T12:38:19","slug":"estatutos-cofradia-1942","status":"publish","type":"page","link":"https:\/\/www.laencamisa.es\/inicio\/la-fiesta\/articulos\/estatutos-cofradia-1942\/","title":{"rendered":"Estatutos Cofrad\u00eda 1942"},"content":{"rendered":"<p><strong><img loading=\"lazy\" class=\"ngg-singlepic ngg-left alignright\" alt=\"estatutos\" src=\"https:\/\/www.laencamisa.es\/inicio\/wp-content\/gallery\/articulos\/estatutos.jpg\" width=\"180\" height=\"168\">COFRAD\u00cdA DE SAN ANTONIO ABAD<\/strong><br \/>\n<strong> DE NAVALVILLAR DE PELA (BADAJOZ)<\/strong><\/p>\n<p><span style=\"text-decoration: underline;\"><strong>REGLAMENTO<\/strong><\/span><\/p>\n<p>Art\u00edculo 1\u00ba.- En 17 de Enero de 1942 en la parroquia de Santa Catalina de Alejandr\u00eda, titular de Navalvillar de Pela, Provincia de Badajoz y Obispado de Plasencia, se reorganiz\u00f3 solemnemente la Cofrad\u00eda o Asociaci\u00f3n de San Ant\u00f3n Abad, ya de entes existente en esta feligres\u00eda y deshecha con motivos de la \u00faltima guerra civil.<\/p>\n<p>Art. 2\u00ba.- Su objeto principal es honrar a este Santo, venerad\u00edsimo de siempre por nuestros antepasados; y su finalidad es confiar a sus m\u00e9ritos todos los intereses espirituales de los asociados y de la parroquia, para que con su poderosa intercesi\u00f3n nos conceda a todos gran amor a nuestro Dios, fidelidad al cumplimiento de nuestras obligaciones y la perseverancia final.<\/p>\n<p>Art. 3\u00ba.- Pueden pertenecer a esta Cofrad\u00eda como socios activos todos los hombres y mujeres mayores de siete a\u00f1os que vivan actualmente en el pueblo y se comprometan a cumplir las obligaciones del presente reglamento.<\/p>\n<p>Art. 4\u00ba.- Pueden pertenecer a esta Cofrad\u00eda como socios honorarios todos los hijos del pueblo, o simpatizantes, que no siendo feligreses de esta parroquia, sientan amor al Santo y entusiasmo por las tradiciones religiosas de su parroquia.<\/p>\n<p>Art. 5\u00ba.- Tambien pueden ser socios honorarios, los que creyendo no puedan cumplir con este reglamento, sientan los mismos fervores religiosos por el Santo y la parroquia.<\/p>\n<p>Art. 6\u00ba.- Esta Cofrad\u00eda estar\u00e1 dirigida e inspeccionada por una junta de siete asociados, asesorados por el Se\u00f1or Cura P\u00e1rroco o Sacerdote que el Sr. Obispo o P\u00e1rroco designen.<\/p>\n<p>Art. 7\u00ba.- Los cargos que integran la Directiva son: Director o Sr. Cura P\u00e1rroco, Presidente o Mayordomo, Vice-Presidente, Secretario, Tesorero y tres Vocales.<\/p>\n<p>Art. 8\u00ba.- S\u00f3lo el cargo del Sr. Cura es fijo y permanente, los dem\u00e1s duran dos a\u00f1os en ejercicio pudiendo ser reelegidos hasta seis a\u00f1os. Pasados \u00e9stos, ya cesan autom\u00e1ticamente.<\/p>\n<p>Art. 9\u00ba.- Las directivas ser\u00e1n renovadas el a\u00f1o que corresponda, el mismo d\u00eda del Santo y esta renovaci\u00f3n se har\u00e1 por orden riguroso de antig\u00fcedad o por votaci\u00f3n, si la mitad mas uno de los asociados as\u00ed lo propusiese.<\/p>\n<p>Art. 10.- Solo pueden pertenecer a la Directiva los hombres, y \u00e9stos, de veinticinco a\u00f1os en adelante.<\/p>\n<p>Art. 11.- La misi\u00f3n de la Directiva es trabajar con celo porque se cumplan con exactitud todos los art\u00edculos del reglamento, cumplimiento que llevar\u00e1 unido el amor al Santo y por el Santo la mas fiel observancia de las obligaciones del cristiano.<\/p>\n<p>Art. 12.- La Directiva se reunir\u00e1 por obligaci\u00f3n y donde el Sr. Cura ordene y bajo su direcci\u00f3n el d\u00eda de Navidad anterior a la fiesta para tomar acuerdos sobre la misma.<\/p>\n<p>Art. 13.- Otras dos reuniones obligatorias ser\u00e1n el domingo anterior al Santo para ultimar detalles y el d\u00eda siguiente a la fiesta para arreglar cuentas y nombrar nueva Directiva cuando corresponda.<\/p>\n<p>Art. 14.- Se llevar\u00e1n dos libros, uno el secretario para las actas y las altas y bajas, y otro el tesorero para los ingresos y gastos.<\/p>\n<p>SECCI\u00d3N 2 \u201cDeberes\u201d<br \/>\nArt\u00edculo 1\u00ba.- Todo asociado activo tiene la obligaci\u00f3n que ya como cat\u00f3lico le incumbe, de confesar y comulgar por lo menos una vez al a\u00f1o.<\/p>\n<p>Art. 2\u00ba.- Todo asociado al confesarse exigir\u00e1 en la Sacrist\u00eda de la Parroquia la c\u00e9dula de cumplimiento pascual y esta la entregar\u00e1 al Secretario de la Cofrad\u00eda.<\/p>\n<p>Art. 3\u00ba.- Igualmente han de observar las buenas costumbres y vivir la vida de modestia, honestidad y decencia que a su estado le corresponda, siendo inmediata y autom\u00e1ticamente expulsado aquel asociado que p\u00fablica y escandalosamente desdorase estas ineludibles obligaciones.<\/p>\n<p>Art. 4\u00ba.- Cuando un asociado est\u00e9 gravemente enfermo incumbe a todos los dem\u00e1s que conozcan esta gravedad la obligaci\u00f3n de avisar inmediatamente por si o por alguno de sus familiares el Sr. Cura, para que en lo que cabe no muera ninguno sin recibir los Santos Sacramentos.<\/p>\n<p>Art. 5\u00ba.- Cuando muera un asociado al tocar agon\u00eda se tocar\u00e1n quince golpes seguidos en la campana mayor para indicar a todos los dem\u00e1s que tienen la obligaci\u00f3n de asistir a su entierro.<\/p>\n<p>Art. 6\u00ba.- Lo mismo en estos actos f\u00fanebres que en todos los dem\u00e1s actos del culto cat\u00f3lico, los asociados han de dar siempre ejemplo de recogimiento y silencio, invitando fraternalmente a los dem\u00e1s a que observen esta ejemplar conducta.<\/p>\n<p>Art. 7\u00ba.- Todo asociado activo dar\u00e1 como cuota de ingreso una peseta y como cuota anual otra peseta, para atender a los gastos de la Cofrad\u00eda.<\/p>\n<p>Art. 8\u00ba.- Por cada asociado que muera, cada uno de los dem\u00e1s dar\u00e1 diez c\u00e9ntimos que se invertir\u00e1n en limosna para los sufragios por el alma del difunto.<\/p>\n<p>Art. 9\u00ba.- Todo asociado activo tiene obligaci\u00f3n de adquirir el distintivo de la cofrad\u00eda, que es una medalla del Santo con un lazo blanco y ostentarlo sobre su pecho en las principales festividades de la Cofrad\u00eda.<\/p>\n<p>Art. 10.- Todo socio de honor pagar\u00e1 cinco pesetas, como \u00fanica cuota, cada a\u00f1o.<\/p>\n<p>Art. 11.- Todo socio que no pagare durante dos a\u00f1os seguidos la cuota se\u00f1alada, recibir\u00e1 un aviso y si al mes no hubiere obedecido, se le dar\u00e1 la baja conceptu\u00e1ndole de nuevo ingreso si despu\u00e9s de este mes quisiera seguir.<\/p>\n<p>SECCI\u00d3N 3 \u201cDerechos\u201d<br \/>\nArt\u00edculo 1.- Todo socio tiene derecho a proponer a la Directiva aquellas sugerencias e iniciativas que su amor por el mayor esplendor de la Cofrad\u00eda se sugiriese para que aquella las tome en consideraci\u00f3n y estudio.<\/p>\n<p>Art. 2\u00ba.- El d\u00eda siguiente de la fiesta del Santo se celebrar\u00e1n funerales solemnes por los cofrades difuntos y \u00e9stos ser\u00e1n aplicados por los hermanos que murieron en el seno de la Cofrad\u00eda.<\/p>\n<p>Art. 3.- La Cofrad\u00eda pagar\u00e1 los funerales llamados de tercera clase a todos los que mueran perteneciendo a la Asociaci\u00f3n.<\/p>\n<p>Art. 4\u00ba.- Todo asociado que quiera acreditar su pertenencia a la Cofrad\u00eda, puede exigir un certificado de ello con el V\u00ba B\u00ba del Director y Presidente.<\/p>\n<p>ARTICULO ADICIONAL<\/p>\n<p>Pidamos todos al Santo que por sus m\u00e9ritos nos haga a todos ser verdaderos hermanos en Jes\u00fas para que unidos aqu\u00ed con los lazos de la fe y la esperanza nos juntemos en la Gloria unidos para siempre por indisolubles lazos de la Caridad.<br \/>\nA. M. D. G.<br \/>\nNavalvillar de Pela 7-2-1942<\/p>\n<p>Plasencia, 16 de abril de 1942<br \/>\nExaminados de nuestra orden el precedente \u201cREGLAMENTO\u201d por el que se ha de regir la reorganizada Cofrad\u00eda de San Antonio Abad, anteriormente existente en la parroquia de Navalvillar de Pela y no habi\u00e9ndose encontrado en aquel cosa alguna contraria al Dogma, Moral y Sagrados C\u00e1nones, por el presente le aprobamos al tenor del Canon 689, p\u00e1rr. 1.<br \/>\nLo decret\u00f3 y firma el Ilmo. Sr. Vicario General del Obispado, de que certifico.<\/p>\n<p>Dr. Francisco Javier Flores.<br \/>\nPor mandato de S.S. Ilmo.<br \/>\nFlori\u00e1n Miranda<\/p>\n","protected":false},"excerpt":{"rendered":"<p>COFRAD\u00cdA DE SAN ANTONIO ABAD DE NAVALVILLAR DE PELA (BADAJOZ) REGLAMENTO Art\u00edculo 1\u00ba.- En 17 de Enero de 1942 en la parroquia de Santa Catalina de Alejandr\u00eda, titular de Navalvillar de Pela, Provincia de Badajoz y Obispado de Plasencia, se <span class=\"excerpt-dots\">&hellip;<\/span> <a class=\"more-link\" href=\"https:\/\/www.laencamisa.es\/inicio\/la-fiesta\/articulos\/estatutos-cofradia-1942\/\"><span class=\"more-msg\">Sigue leyendo &rarr;<\/span><\/a><\/p>\n","protected":false},"author":1,"featured_media":0,"parent":700,"menu_order":0,"comment_status":"closed","ping_status":"closed","template":"","meta":{"ngg_post_thumbnail":0,"_links_to":"","_links_to_target":""},"_links":{"self":[{"href":"https:\/\/www.laencamisa.es\/inicio\/wp-json\/wp\/v2\/pages\/712"}],"collection":[{"href":"https:\/\/www.laencamisa.es\/inicio\/wp-json\/wp\/v2\/pages"}],"about":[{"href":"https:\/\/www.laencamisa.es\/inicio\/wp-json\/wp\/v2\/types\/page"}],"author":[{"embeddable":true,"href":"https:\/\/www.laencamisa.es\/inicio\/wp-json\/wp\/v2\/users\/1"}],"replies":[{"embeddable":true,"href":"https:\/\/www.laencamisa.es\/inicio\/wp-json\/wp\/v2\/comments?post=712"}],"version-history":[{"count":3,"href":"https:\/\/www.laencamisa.es\/inicio\/wp-json\/wp\/v2\/pages\/712\/revisions"}],"predecessor-version":[{"id":2372,"href":"https:\/\/www.laencamisa.es\/inicio\/wp-json\/wp\/v2\/pages\/712\/revisions\/2372"}],"up":[{"embeddable":true,"href":"https:\/\/www.laencamisa.es\/inicio\/wp-json\/wp\/v2\/pages\/700"}],"wp:attachment":[{"href":"https:\/\/www.laencamisa.es\/inicio\/wp-json\/wp\/v2\/media?parent=712"}],"curies":[{"name":"wp","href":"https:\/\/api.w.org\/{rel}","templated":true}]}}