{"id":700,"date":"2013-07-20T12:26:56","date_gmt":"2013-07-20T12:26:56","guid":{"rendered":"http:\/\/www.laencamisa.es\/inicio\/?page_id=700"},"modified":"2022-03-21T21:07:45","modified_gmt":"2022-03-21T21:07:45","slug":"articulos","status":"publish","type":"page","link":"https:\/\/www.laencamisa.es\/inicio\/la-fiesta\/articulos\/","title":{"rendered":"Art\u00edculos"},"content":{"rendered":"<p><img loading=\"lazy\" class=\"ngg-singlepic ngg-right alignright\" style=\"border: 0px none;\" src=\"https:\/\/www.laencamisa.es\/inicio\/wp-content\/gallery\/articulos\/documentos.jpg\" alt=\"documentos\" width=\"148\" height=\"161\">Secci\u00f3n dedicada a art\u00edculos, documentos y curiosidades relacionados con San Ant\u00f3n, La Encamis\u00e1 y Navalvillar de Pela.<\/p>\n<p><span style=\"font-size: large; color: #800000;\">Relacionados con la fiesta:<\/span><\/p>\n<ul>\n<li><span style=\"text-decoration: underline;\"><a title=\"Hechos hist\u00f3ricos acerca de San Ant\u00f3n\" href=\"https:\/\/www.laencamisa.es\/inicio\/la-fiesta\/articulos\/hechos-historicos-acerca-de-san-anton\/\">Hechos hist\u00f3ricos acerca de San Ant\u00f3n<\/a><\/span><\/li>\n<li><span style=\"text-decoration: underline;\"><a title=\"San Ant\u00f3n y sus im\u00e1genes\" href=\"https:\/\/www.laencamisa.es\/inicio\/la-fiesta\/articulos\/san-anton-y-sus-imagenes\/\">San Ant\u00f3n y sus im\u00e1genes<\/a><\/span><\/li>\n<li>Las otras \u201cEncamis\u00e1s\u201d<\/li>\n<li>Fiestas de San Ant\u00f3n de Navalvillar de Pela<\/li>\n<li><span style=\"text-decoration: underline;\"><a title=\"La Encamis\u00e1.La vispera de San Ant\u00f3n, que desde Huelva yo recuerdo\" href=\"https:\/\/www.laencamisa.es\/inicio\/la-fiesta\/articulos\/la-encamisa-la-vispera-de-san-anton-que-desde-huelva-yo-recuerdo\/\">La Encamis\u00e1.La vispera de San Ant\u00f3n, que desde Huelva yo recuerdo<\/a><\/span><\/li>\n<li><span style=\"text-decoration: underline;\"><a title=\"Leyenda de La Encamis\u00e1\" href=\"https:\/\/www.laencamisa.es\/inicio\/la-fiesta\/mas\/el-origen\/leyenda-de-la-encamisa\/\">La Leyenda de la Encamis\u00e1<\/a><\/span>.<\/li>\n<li>Lista de Moyordomos.<\/li>\n<\/ul>\n<p><span style=\"font-size: large; color: #800000;\">Relacionados con el pueblo:<\/span><\/p>\n<ul>\n<li><a href=\"https:\/\/www.laencamisa.es\/inicio\/la-fiesta\/articulos\/radiografia-economica-y-social-de-navalvillar-de-pela-a-mediados-del-siglo-xvii\/\">Radiograf\u00eda econ\u00f3mica y social de Navalvillar de Pela a mediados del siglo XVIII<\/a>. (Juan F\u00e9lix Masa Parralejo- 2018)<\/li>\n<li>Interrogatorio de la Real Audiencia de Extremadura sobre Navalvillar de Pela en el a\u00f1o 1791<\/li>\n<li><a href=\"https:\/\/www.laencamisa.es\/inicio\/la-fiesta\/articulos\/respuestas-del-catastro-de-ensenada-de-navalvillar-de-pela-en-el-ano-1753\/\">Respuestas del Catastro de Ensenada de Navalvillar de Pela en el a\u00f1o 1753<\/a><\/li>\n<li><a title=\"Escudo her\u00e1ldico de Navalvillar de Pela\" href=\"https:\/\/www.laencamisa.es\/inicio\/la-fiesta\/articulos\/escudo-de-navalvillar-de-pela\/\"><span style=\"text-decoration: underline;\">Escudo Her\u00e1ldico de Navalvillar de Pela<\/span><\/a><\/li>\n<\/ul>\n<p><span style=\"font-size: large; color: #800000;\">Estatutos de la asociaci\u00f3n:<\/span><\/p>\n<ul>\n<li><span style=\"text-decoration: underline;\"><a title=\"Estatutos Cofrad\u00eda 1942\" href=\"https:\/\/www.laencamisa.es\/inicio\/la-fiesta\/articulos\/estatutos-cofradia-1942\/\">Estatutos de la Cofrad\u00eda (a\u00f1o 1942)<\/a><\/span><\/li>\n<li><span style=\"text-decoration: underline;\"><a title=\"Estatutos ACSA 2004\" href=\"https:\/\/www.laencamisa.es\/inicio\/la-fiesta\/articulos\/estatutos-acsa-2004\/\">Estatutos actuales (a\u00f1o 2004)<\/a><\/span><\/li>\n<\/ul>\n<p><span style=\"font-size: large; color: #800000;\">Curiosidades y varios:<\/span><\/p>\n<ul>\n<li><a title=\"Encargadas de los bi\u00f1uelos\" href=\"https:\/\/www.laencamisa.es\/inicio\/la-fiesta\/articulos\/encargadas-de-los-binuelos\/\"><span style=\"text-decoration: underline;\">\u201cEncargadas de los bi\u00f1uelos\u201d (reportaje)<\/span><\/a><\/li>\n<li><a title=\"Bi\u00f1uelos del Santo\" href=\"https:\/\/www.laencamisa.es\/inicio\/la-fiesta\/articulos\/binuelos-del-santo\/\"><span style=\"text-decoration: underline;\">Receta de los \u00abbi\u00f1uelos\u00bb<\/span><\/a><\/li>\n<li><span style=\"text-decoration: underline;\"><a title=\"Curiosidades de programas de fiestas\" href=\"https:\/\/www.laencamisa.es\/inicio\/la-fiesta\/articulos\/curiosidades-de-programas-de-fiestas\/\">Curiosidades de programas de fiestas<\/a><\/span><\/li>\n<li><span style=\"text-decoration: underline;\"><a title=\"Carteles presentados al concurso\" href=\"https:\/\/www.laencamisa.es\/inicio\/la-fiesta\/articulos\/carteles-presentados-al-concurso\/\">Obras presentadas al Concurso de Carteles<\/a><\/span><\/li>\n<\/ul>\n<p>&nbsp;<\/p>\n<p>&nbsp;<\/p>\n","protected":false},"excerpt":{"rendered":"<p>Secci\u00f3n dedicada a art\u00edculos, documentos y curiosidades relacionados con San Ant\u00f3n, La Encamis\u00e1 y Navalvillar de Pela. Relacionados con la fiesta: Hechos hist\u00f3ricos acerca de San Ant\u00f3n San Ant\u00f3n y sus im\u00e1genes Las otras \u201cEncamis\u00e1s\u201d Fiestas de San Ant\u00f3n de <span class=\"excerpt-dots\">&hellip;<\/span> <a class=\"more-link\" href=\"https:\/\/www.laencamisa.es\/inicio\/la-fiesta\/articulos\/\"><span class=\"more-msg\">Sigue leyendo &rarr;<\/span><\/a><\/p>\n","protected":false},"author":1,"featured_media":0,"parent":200,"menu_order":12,"comment_status":"closed","ping_status":"closed","template":"","meta":{"ngg_post_thumbnail":0,"_links_to":"","_links_to_target":""},"_links":{"self":[{"href":"https:\/\/www.laencamisa.es\/inicio\/wp-json\/wp\/v2\/pages\/700"}],"collection":[{"href":"https:\/\/www.laencamisa.es\/inicio\/wp-json\/wp\/v2\/pages"}],"about":[{"href":"https:\/\/www.laencamisa.es\/inicio\/wp-json\/wp\/v2\/types\/page"}],"author":[{"embeddable":true,"href":"https:\/\/www.laencamisa.es\/inicio\/wp-json\/wp\/v2\/users\/1"}],"replies":[{"embeddable":true,"href":"https:\/\/www.laencamisa.es\/inicio\/wp-json\/wp\/v2\/comments?post=700"}],"version-history":[{"count":27,"href":"https:\/\/www.laencamisa.es\/inicio\/wp-json\/wp\/v2\/pages\/700\/revisions"}],"predecessor-version":[{"id":2311,"href":"https:\/\/www.laencamisa.es\/inicio\/wp-json\/wp\/v2\/pages\/700\/revisions\/2311"}],"up":[{"embeddable":true,"href":"https:\/\/www.laencamisa.es\/inicio\/wp-json\/wp\/v2\/pages\/200"}],"wp:attachment":[{"href":"https:\/\/www.laencamisa.es\/inicio\/wp-json\/wp\/v2\/media?parent=700"}],"curies":[{"name":"wp","href":"https:\/\/api.w.org\/{rel}","templated":true}]}}