{"id":63,"date":"2011-12-06T16:07:21","date_gmt":"2011-12-06T16:07:21","guid":{"rendered":"http:\/\/www.laencamisa.es\/inicio\/?page_id=63"},"modified":"2026-01-07T18:44:53","modified_gmt":"2026-01-07T18:44:53","slug":"inicio","status":"publish","type":"page","link":"https:\/\/www.laencamisa.es\/inicio\/","title":{"rendered":""},"content":{"rendered":"\n<h3><span style=\"color: #ff6600;\"><span style=\"color: #808080;\"><strong>La Encamis\u00e1: Una fiesta, un pueblo, una sensaci\u00f3n.<\/strong><\/span><span style=\"font-family: Serifa Th BT; font-size: large;\"><br><\/span><\/span><\/h3>\n\n\n\n<iframe loading=\"lazy\" width=\"560\" height=\"315\" src=\"https:\/\/www.youtube.com\/embed\/fEm7HhtBPlU?si=JxU9d8gbqQBoL0dg\" title=\"YouTube video player\" frameborder=\"0\" allow=\"accelerometer; autoplay; clipboard-write; encrypted-media; gyroscope; picture-in-picture; web-share\" referrerpolicy=\"strict-origin-when-cross-origin\" allowfullscreen><\/iframe>\n\n\n\n<div class=\"wp-container-1 wp-block-group\"><div class=\"wp-block-group__inner-container\">\n<p><span style=\"color: #ff0000;\"><strong>B<\/strong><\/span>ienvenidos a la web dedicada a la fiesta extreme\u00f1a de <em><strong>\u201dLa Encamis\u00e1\u201d<\/strong><\/em>, llamada tambi\u00e9n \u201cCarrera de San Ant\u00f3n\u201d.<br><span style=\"color: #ff0000;\"><strong>E<\/strong><\/span>sta fiesta, declarada de <strong>Inter\u00e9s Tur\u00edstico Regional de Extremadura<\/strong>, se celebra en Navalvillar de Pela, cada 16 de Enero.<\/p>\n\n\n\n<div class=\"wp-block-image\"><figure class=\"alignright is-resized\"><img loading=\"lazy\" src=\"https:\/\/www.laencamisa.es\/inicio\/wp-content\/uploads\/2011\/12\/CABALLO.gif\" alt=\"\" class=\"wp-image-73\" width=\"90\" height=\"181\" title=\"CABALLO\"\/><\/figure><\/div>\n\n\n\n<p><span style=\"color: #ff0000;\"><strong>E<\/strong><\/span>se d\u00eda, a las 8 de la noche, con repiques de campanas y estruendos de cohetes, comienza la pasi\u00f3n de todos los sanantoneros: comienza La Encamis\u00e1.<br><span style=\"color: #ff0000;\"><strong>J<\/strong><\/span>untos, pele\u00f1os y forasteros, dan vivas al santo patr\u00f3n: <strong>San Ant\u00f3n Abad<\/strong>, guardi\u00e1n de la fiesta, en ese momento los corazones de todos los participantes explotan de j\u00fabilo y alegr\u00eda.<\/p>\n<\/div><\/div>\n\n\n\n<p><span style=\"color: #ff0000;\"><strong>T<\/strong><\/span>res horas por delante, faltan a\u00fan para el t\u00e9rmino de la fiesta, unos a caballos, otros en burros y muchos en la infanter\u00eda. Tres horas donde la alegr\u00eda, la hospitalidad, las hogueras, el vino y los bi\u00f1uelos no faltar\u00e1n en ning\u00fan momento.<br><span style=\"color: #ff0000;\"><strong>L<\/strong><\/span>a Encamis\u00e1 conmemora la victoria de los pele\u00f1os sobre un ej\u00e9rcito \u00e1rabe cuando estos, en sus conquistas por la pen\u00ednsula, intentaron invadir el pueblo.<\/p>\n\n\n\n<p><span style=\"color: #ff0000;\"><strong>E<\/strong><\/span>n esta web, mostraremos el origen de la fiesta, su pasado y su presente. Igualmente mostraremos al pueblo de Navalvillar de Pela: su historia, sus costumbres, su gente, su presente y su futuro. Todo ello, sin m\u00e1s \u00e1nimo que ense\u00f1ar al mundo este pueblo: Navalvillar y esta fiesta: La Encamis\u00e1.<\/p>\n\n\n\n<div class=\"wp-block-image\"><figure class=\"alignleft\"><a href=\"https:\/\/www.laencamisa.es\/inicio\/wp-content\/uploads\/2011\/12\/la-encamisa-navalvillar-de-pela-2.jpeg\"><img loading=\"lazy\" width=\"720\" height=\"482\" src=\"https:\/\/www.laencamisa.es\/inicio\/wp-content\/uploads\/2011\/12\/la-encamisa-navalvillar-de-pela-2.jpeg\" alt=\"la encamisa-navalvillar de pela 2\" class=\"wp-image-1103\" srcset=\"https:\/\/www.laencamisa.es\/inicio\/wp-content\/uploads\/2011\/12\/la-encamisa-navalvillar-de-pela-2.jpeg 720w, https:\/\/www.laencamisa.es\/inicio\/wp-content\/uploads\/2011\/12\/la-encamisa-navalvillar-de-pela-2-300x200.jpeg 300w, https:\/\/www.laencamisa.es\/inicio\/wp-content\/uploads\/2011\/12\/la-encamisa-navalvillar-de-pela-2-448x300.jpeg 448w\" sizes=\"(max-width: 720px) 100vw, 720px\" \/><\/a><\/figure><\/div>\n\n\n\n<h2><span style=\"color: #808080;\">Pele\u00f1os, forasteros, sanantoneros&#8230;.<\/span><\/h2>\n\n\n\n<h2><span style=\"color: #808080;\"> \u00a1\u00a1 Viva San Ant\u00f3n !!<\/span><\/h2>\n\n\n\n<figure class=\"wp-block-embed is-type-video is-provider-youtube wp-block-embed-youtube wp-embed-aspect-16-9 wp-has-aspect-ratio\"><div class=\"wp-block-embed__wrapper\">\n<iframe loading=\"lazy\" title=\"La Encamis\u00e1-Carrera de San Ant\u00f3n. PROMOCIONAL 2017\" width=\"1100\" height=\"619\" src=\"https:\/\/www.youtube.com\/embed\/rDe9rTMQvbw?feature=oembed\" frameborder=\"0\" allow=\"accelerometer; autoplay; clipboard-write; encrypted-media; gyroscope; picture-in-picture; web-share\" referrerpolicy=\"strict-origin-when-cross-origin\" allowfullscreen><\/iframe>\n<\/div><\/figure>\n","protected":false},"excerpt":{"rendered":"<p>La Encamis\u00e1: Una fiesta, un pueblo, una sensaci\u00f3n. Bienvenidos a la web dedicada a la fiesta extreme\u00f1a de \u201dLa Encamis\u00e1\u201d, llamada tambi\u00e9n \u201cCarrera de San Ant\u00f3n\u201d.Esta fiesta, declarada de Inter\u00e9s Tur\u00edstico Regional de Extremadura, se celebra en Navalvillar de Pela, <span class=\"excerpt-dots\">&hellip;<\/span> <a class=\"more-link\" href=\"https:\/\/www.laencamisa.es\/inicio\/\"><span class=\"more-msg\">Sigue leyendo &rarr;<\/span><\/a><\/p>\n","protected":false},"author":1,"featured_media":0,"parent":0,"menu_order":0,"comment_status":"closed","ping_status":"closed","template":"","meta":{"ngg_post_thumbnail":0,"_links_to":"","_links_to_target":""},"_links":{"self":[{"href":"https:\/\/www.laencamisa.es\/inicio\/wp-json\/wp\/v2\/pages\/63"}],"collection":[{"href":"https:\/\/www.laencamisa.es\/inicio\/wp-json\/wp\/v2\/pages"}],"about":[{"href":"https:\/\/www.laencamisa.es\/inicio\/wp-json\/wp\/v2\/types\/page"}],"author":[{"embeddable":true,"href":"https:\/\/www.laencamisa.es\/inicio\/wp-json\/wp\/v2\/users\/1"}],"replies":[{"embeddable":true,"href":"https:\/\/www.laencamisa.es\/inicio\/wp-json\/wp\/v2\/comments?post=63"}],"version-history":[{"count":60,"href":"https:\/\/www.laencamisa.es\/inicio\/wp-json\/wp\/v2\/pages\/63\/revisions"}],"predecessor-version":[{"id":2943,"href":"https:\/\/www.laencamisa.es\/inicio\/wp-json\/wp\/v2\/pages\/63\/revisions\/2943"}],"wp:attachment":[{"href":"https:\/\/www.laencamisa.es\/inicio\/wp-json\/wp\/v2\/media?parent=63"}],"curies":[{"name":"wp","href":"https:\/\/api.w.org\/{rel}","templated":true}]}}