{"id":578,"date":"2013-05-21T18:10:52","date_gmt":"2013-05-21T18:10:52","guid":{"rendered":"http:\/\/www.laencamisa.es\/inicio\/?page_id=578"},"modified":"2016-10-30T11:02:42","modified_gmt":"2016-10-30T11:02:42","slug":"informacion","status":"publish","type":"page","link":"https:\/\/www.laencamisa.es\/inicio\/informacion\/","title":{"rendered":"Informaci\u00f3n"},"content":{"rendered":"<p><a href=\"https:\/\/www.laencamisa.es\/inicio\/wp-content\/uploads\/2013\/05\/dise\u00f1o.jpg\"><img loading=\"lazy\" class=\"alignright  wp-image-575\" alt=\"dise\u00f1o\" src=\"https:\/\/www.laencamisa.es\/inicio\/wp-content\/uploads\/2013\/05\/dise\u00f1o.jpg\" width=\"208\" height=\"201\" \/><\/a>Esta web es propiedad de la Asociaci\u00f3n Cofrad\u00eda San Ant\u00f3n.<\/p>\n<p>Contacto Postal:<br \/>\nASOCIACI\u00d3N COFRAD\u00cdA SAN ANT\u00d3N<br \/>\nC\/TRAFALGAR N\u00ba12. APDO CORREOS N\u00ba10<br \/>\n06760 NAVALVILLAR DE PELA-BADAJOZ<\/p>\n<p>Tel\u00e9fono de la asociaci\u00f3n:630 913 592<br \/>\nCorreo electr\u00f3nico: acsananton@hotmail.com<br \/>\nCorreo soporte de la web: soporte@laencamisa.es<br \/>\n_____________________________________________________________<\/p>\n<p>web dise\u00f1ada por \u2014\u2014\u2014&gt;&gt;&gt; RGM<br \/>\ncontacto: rgm321@msn.com<\/p>\n","protected":false},"excerpt":{"rendered":"<p>Esta web es propiedad de la Asociaci\u00f3n Cofrad\u00eda San Ant\u00f3n. Contacto Postal: ASOCIACI\u00d3N COFRAD\u00cdA SAN ANT\u00d3N C\/TRAFALGAR N\u00ba12. APDO CORREOS N\u00ba10 06760 NAVALVILLAR DE PELA-BADAJOZ Tel\u00e9fono de la asociaci\u00f3n:630 913 592 Correo electr\u00f3nico: acsananton@hotmail.com Correo soporte de la web: soporte@laencamisa.es <span class=\"excerpt-dots\">&hellip;<\/span> <a class=\"more-link\" href=\"https:\/\/www.laencamisa.es\/inicio\/informacion\/\"><span class=\"more-msg\">Sigue leyendo &rarr;<\/span><\/a><\/p>\n","protected":false},"author":1,"featured_media":0,"parent":0,"menu_order":10,"comment_status":"closed","ping_status":"closed","template":"paget-blank.php","meta":{"ngg_post_thumbnail":0,"_links_to":"","_links_to_target":""},"_links":{"self":[{"href":"https:\/\/www.laencamisa.es\/inicio\/wp-json\/wp\/v2\/pages\/578"}],"collection":[{"href":"https:\/\/www.laencamisa.es\/inicio\/wp-json\/wp\/v2\/pages"}],"about":[{"href":"https:\/\/www.laencamisa.es\/inicio\/wp-json\/wp\/v2\/types\/page"}],"author":[{"embeddable":true,"href":"https:\/\/www.laencamisa.es\/inicio\/wp-json\/wp\/v2\/users\/1"}],"replies":[{"embeddable":true,"href":"https:\/\/www.laencamisa.es\/inicio\/wp-json\/wp\/v2\/comments?post=578"}],"version-history":[{"count":11,"href":"https:\/\/www.laencamisa.es\/inicio\/wp-json\/wp\/v2\/pages\/578\/revisions"}],"predecessor-version":[{"id":1639,"href":"https:\/\/www.laencamisa.es\/inicio\/wp-json\/wp\/v2\/pages\/578\/revisions\/1639"}],"wp:attachment":[{"href":"https:\/\/www.laencamisa.es\/inicio\/wp-json\/wp\/v2\/media?parent=578"}],"curies":[{"name":"wp","href":"https:\/\/api.w.org\/{rel}","templated":true}]}}