{"id":545,"date":"2013-05-20T19:33:36","date_gmt":"2013-05-20T19:33:36","guid":{"rendered":"http:\/\/www.laencamisa.es\/inicio\/?page_id=545"},"modified":"2022-04-16T07:12:53","modified_gmt":"2022-04-16T07:12:53","slug":"ausencias-sanantoneras","status":"publish","type":"page","link":"https:\/\/www.laencamisa.es\/inicio\/la-fiesta\/poesias-de-san-anton\/ausencias-sanantoneras\/","title":{"rendered":"Ausencias sanantoneras"},"content":{"rendered":"<p><span style=\"text-decoration: underline;\"><strong><a href=\"https:\/\/www.laencamisa.es\/inicio\/wp-content\/uploads\/2013\/05\/portada.jpg\"><img loading=\"lazy\" class=\"alignright size-medium wp-image-548\" alt=\"portada\" src=\"https:\/\/www.laencamisa.es\/inicio\/wp-content\/uploads\/2013\/05\/portada-193x300.jpg\" width=\"193\" height=\"300\" srcset=\"https:\/\/www.laencamisa.es\/inicio\/wp-content\/uploads\/2013\/05\/portada-193x300.jpg 193w, https:\/\/www.laencamisa.es\/inicio\/wp-content\/uploads\/2013\/05\/portada.jpg 488w\" sizes=\"(max-width: 193px) 100vw, 193px\" \/><\/a>Introducci\u00f3n<\/strong><\/span><br \/>\n<em>He querido reunir, en este peque\u00f1o cuaderno, los poemas que, escritos el d\u00eda diecis\u00e9is de enero a lo largo de m\u00e1s de quince a\u00f1os, recogen mis nostal gias y recuerdo de la \u201cCarrera de San Ant\u00f3n\u201d pues, a pesar de mis ausencias, esa noche, desde la lejan\u00eda, vivo la fiesta, brindo con pitarra y me convierto en un sanantonero.<\/em><\/p>\n<p><span style=\"text-decoration: underline;\"><em><strong>ME LLUEVEN LOS RECUERDOS<\/strong><\/em><\/span><br \/>\nMe llueven los recuerdos esta noche.<br \/>\n\u00a1Que noche de nostalgias!<br \/>\nde imborrable s vivencias<br \/>\nque quedaron (igual que las hogueras)<br \/>\nprendidas en el alma.<br \/>\nRecuerdo al t\u00edo Gregorio<br \/>\napretando la cinta de la albarda<br \/>\ny hablando con mi abuelo<br \/>\nde que algunos sacaban ya hasta mantas.<br \/>\nY al t\u00edo Esteban Garlito<br \/>\nponiendo los arneses a la jaca,<br \/>\nterminando ya el nudo de la cola<br \/>\ny fijando el mosquero de la j\u00e1quima.<br \/>\nRecuerdo la primera<br \/>\nvuelta de fuego y rabia<br \/>\nsobre el hiriente lomo<br \/>\nde aquella yegua parda<br \/>\ny en ella al t\u00edo Basilio<br \/>\nque siempre sonriente desfogaba<br \/>\nel primitivo impulso de rechazo<br \/>\nque siente el animal ante las llamas.<br \/>\nRecuerdo tantas cosas\u2026<br \/>\nEcos de las campanas<br \/>\ntambor, bandera, gritos,<br \/>\nel vino de pitarra,<br \/>\nlos vivas a ese santo,<br \/>\nlas calles empedradas,<br \/>\nlas chispas y las coces<br \/>\nde las reci\u00e9n herradas<br \/>\nbestias de sombra y sue\u00f1o<br \/>\nen esta noche m\u00e1gica.<br \/>\nPero eres t\u00fa, t\u00fa solo<br \/>\ny el recuerdo perenne de tu nada<br \/>\nlo que hace que ahora escriba<br \/>\nestos versos cargados de nostalgia,<br \/>\na\u00f1orando tu ausencia,.<br \/>\n\u00a1viejo amigo!<br \/>\nrememorando otras encamisadas<br \/>\nen las que sin arneses ni oropeles,<br \/>\nentre los \u201ccambullones \u201d cabalgabas<br \/>\nerguida la cabeza y firme el trote<br \/>\npor la \u201ccuesta la ermita\u201d en la bajada.<br \/>\nComo recuerdo ahora<br \/>\nlo bien que me cuidabas<br \/>\ny como conoc\u00edas<br \/>\nlas mejores paradas<br \/>\ndel viejo vino y el orondo bu\u00f1uelo.<br \/>\nHa sonado la hora\u2026<br \/>\nPasaron la bandera y el tambor,<br \/>\npero t\u00fa muerto y yo en tierras lejanas<br \/>\nseguiremos corriendo el San Ant\u00f3n.<\/p>\n<p>Badalona, 16 \u2013 1 \u2013 89<\/p>\n<p><span style=\"text-decoration: underline;\"><em><strong>ESPERANZA<\/strong><\/em><\/span><br \/>\nSeguro que a esta hora<br \/>\nest\u00e1n ya repicando las campanas<br \/>\ny cascos chispeantes de caballos<br \/>\nanuncian la carrera ya cercana.<br \/>\nYo sue\u00f1o aqu\u00ed con ellos<br \/>\ny a pesar del trabajo y la distancia<br \/>\nesta noche, no puedo remediarlo,<br \/>\nsiento un nudo terrible en la garganta.<br \/>\nTengo la boca seca<br \/>\ny los ojos al borde de las l\u00e1grimas,<br \/>\ncomo si hubiera penetrado en ellos<br \/>\nel humo de la hoguera deseada.<br \/>\nHoguera de vivencias<br \/>\nque brilla en el.rescoldo de sus brasas<br \/>\nhaci\u00e9ndome vivir en lo m\u00e1s hondo<br \/>\nrecuerdos imborrables de la infancia.<br \/>\nTengo, en fin, esta noche<br \/>\nuna tristeza inmensa y la esperanza<br \/>\nde que el a\u00f1o que viene, si Dios quiere,<br \/>\ncorreremos t\u00fa y yo la \u201cEncamisada \u201c.<\/p>\n<p>Badalona, 16 \u2013 I \u2013 90<\/p>\n<p><span style=\"text-decoration: underline;\"><em><strong>NO ESTOY INSPIRADO<\/strong><\/em><\/span><br \/>\nA pesar de no estar inspirado,<br \/>\na pesar del trabajo y sintiendo<br \/>\nsobre el mundo una guerra inminente<br \/>\naqu\u00ed estoy otra vez escribiendo,<br \/>\ncomo el a\u00f1o pasado y el otro<br \/>\nen el mismo d\u00eda, con el mismo sue\u00f1o,<br \/>\nestos versos plenos de nostalgia<br \/>\nque me brotan de un viejo recuerdo<br \/>\ny son flores sangrantes que arranco<br \/>\ncada a\u00f1o a las ramas del tiempo<br \/>\ny me ahogan cual mano invisible<br \/>\nsi esta noche no grito a los vientos<br \/>\n\u00a1Viva San Ant\u00f3n! \u00a1Viva San Fulgencio!<br \/>\n\u00a1Que viva ese Santo!<br \/>\ny el pueblo pele\u00f1o.<\/p>\n<p>Badalona, 16-I- 91<\/p>\n<p><span style=\"text-decoration: underline;\"><em><strong>AL TERMINAR<\/strong><\/em><\/span><br \/>\nA esta hora la hoguera<br \/>\nya agoniza,<br \/>\ny se apagan los \u00a1vivas!<br \/>\npoco a poco.<br \/>\nA esta hora se rompe<br \/>\nya el embrujo<br \/>\ny a esperar otro a\u00f1o.<br \/>\nMe despojo<br \/>\nen esta lejan\u00eda, de mi mismo<br \/>\ny viajo con la mente<br \/>\ny me desboco,<br \/>\nsin vino de pitarra,<br \/>\ncon el fuego<br \/>\nde pasados recuerdos,<br \/>\ncomo el potro<br \/>\nque una vez ha probado<br \/>\nlos bu\u00f1uelos<br \/>\nsi no puede correr<br \/>\nse vuelve loco.<\/p>\n<p>Badalona, 16-1-93<\/p>\n<p><span style=\"text-decoration: underline;\"><em><strong>YA ESTAR\u00c1N<\/strong><\/em><\/span><br \/>\nYa estar\u00e1n piafando los caballos<br \/>\ny el jinete ultimando los detalles,<br \/>\nhabr\u00e1 sacado del arca la montura<br \/>\npara engrasar los secos correajes<br \/>\ny mirar si la hebilla de la cincha<br \/>\naguantar\u00e1 la carrera sin percances.<br \/>\nEl sol desde el ocaso<br \/>\npondr\u00e1 fin a la tarde,<br \/>\ndando paso a la noche<br \/>\nm\u00e1s m\u00e1gica de enero.<br \/>\nYo me imagino Pela<br \/>\nllena de forasteros<br \/>\nque vivir\u00e1n absortos<br \/>\nla tradici\u00f3n del pueblo.<br \/>\nSonar\u00e1n las campanas<br \/>\ny saldr\u00e1n los primeros<br \/>\ncaballos enjaezados;<br \/>\ndespu\u00e9s, entre el estruendo<br \/>\ndel tambor y cohetes,<br \/>\nse anunciar\u00e1 el comienzo<br \/>\nde la carrera. Luego<br \/>\nresonar\u00e1n los \u00a1vivas!<br \/>\ny el vino pitarrero<br \/>\ncorrer\u00e1 generoso<br \/>\npor las gargantas.<br \/>\nLejos yo a solas rememoro<br \/>\nel crepitar del fuego,<br \/>\nlos amigos de siempre,<br \/>\nel puro y los bu\u00f1uelos<br \/>\ny a solas tambi\u00e9n grito<br \/>\nhenchido de recuerdos<br \/>\nque \u00a1Viva San Ant\u00f3n!<br \/>\nque \u00a1Viva San Fulgencio!<\/p>\n<p>Badalona, 16-I- 95<\/p>\n<p><span style=\"text-decoration: underline;\"><em><strong>JUSTO A ESA HORA<\/strong><\/em><\/span><br \/>\nCierro el ordenador<br \/>\njusto a la hora<br \/>\nen que el ta\u00f1ido de campanas<br \/>\nen mi pueblo<br \/>\nanunciar\u00e1 con vivas<br \/>\nuna nueva \u201cEncamis\u00e1\u201d<br \/>\ndel San Ant\u00f3n pele\u00f1o.<br \/>\nY veo piafar los caballos<br \/>\nentre sombras,<br \/>\ny crepitar las retamas<br \/>\nen el fuego,<br \/>\ny correr generosa la pitarra,<br \/>\ny el chorrear de la miel<br \/>\nen los bu\u00f1uelos.<br \/>\nY oigo gritar los jinetes<br \/>\n\u00a1Viva el Santo!<br \/>\ny responderles con<br \/>\n\u00a1Viva San Fulgencio!<br \/>\ntodo ello amalgamado<br \/>\npor la mente<br \/>\nen el profundo rinc\u00f3n<br \/>\nde los recuerdos,<br \/>\nde esos recuerdos<br \/>\nque tornan cada a\u00f1o<br \/>\nen esta noche m\u00e1gica de enero,<br \/>\ncargada de nost\u00e1lgicos<br \/>\nembrujos,<br \/>\npre\u00f1ada a rebosar<br \/>\nde sentimientos<br \/>\nque me hacen, a esta hora<br \/>\nen la distancia,<br \/>\nrevivir la \u201ccarrera\u201d<br \/>\ncon mis versos.<\/p>\n<p>L \u2018Hospitalet, 16- I \u2013 96<\/p>\n<p><span style=\"text-decoration: underline;\"><em><strong>UN A\u00d1O M\u00c1S<\/strong><\/em><\/span><br \/>\nUn a\u00f1o m\u00e1s, el diecis\u00e9is de enero,<br \/>\nla noche se hace fuego en la retama<br \/>\ny caballo y jinete, entre las llamas,<br \/>\ndar\u00e1n vivas al Santo. Me refiero<br \/>\na la fiesta en que los \u201csanantoneros\u201d<br \/>\ncorren la \u201cEncamis\u00e1\u201d que as\u00ed se llama<br \/>\npor la camisa blanca que proclama<br \/>\nla luz sobre la sombra. Desespero<br \/>\nde estar sin ser en tierra tan lejana<br \/>\ny al recordar el tambor y la campana<br \/>\nla nostalgia me invade y se agiganta.<br \/>\nPero al sonar las ocho, la garganta<br \/>\nsin querer suelta un viva, y de la jarra<br \/>\nvuelve a correr generosa la pitarra.<\/p>\n<p>L \u2018Hospitalet, 16- I \u2013 97<\/p>\n<p><span style=\"text-decoration: underline;\"><em><strong>DESDE LA LEJAN\u00cdA<\/strong><\/em><\/span><br \/>\nUn a\u00f1o m\u00e1s desde la lejan\u00eda,<br \/>\nen esta noche m\u00e1gica de enero,<br \/>\nsue\u00f1o con la arrogante gallard\u00eda<br \/>\nde enjaezados corceles. Desespero<br \/>\nde mi ausencia profunda. Sinfon\u00eda<br \/>\nde colores so\u00f1ados que, en la hoguera<br \/>\nhoy crepitante de mi fantas\u00eda,<br \/>\nse convierten en luces de quimera<br \/>\nque recoge el pincel de la poes\u00eda.<br \/>\nYa sonar\u00e1 el tambor, ya la campana<br \/>\nanunciar\u00e1 el momento deseado,<br \/>\nya la pitarra fresca, sin ma\u00f1ana,<br \/>\ncorrer\u00e1 generosa. Mientras tanto<br \/>\nel clamor ser\u00e1 uno: \u00a1Viva el Santo!<\/p>\n<p>Barcelona, 16- I \u2013 98<\/p>\n<p><span style=\"text-decoration: underline;\"><em><strong>PARECE QUE FUE AYER<\/strong><\/em><\/span><br \/>\nParece que fue ayer&nbsp; \u00a1Oh desenga\u00f1o!<br \/>\ncuando (hace hoy doce meses) describ\u00eda<br \/>\ncon cuatro endecas\u00edlabos hura\u00f1os<br \/>\nla t\u00edpica carrera que, este d\u00eda,<br \/>\nse viene celebrando a\u00f1o tras a\u00f1o<br \/>\nen esta noche m\u00e1gica de enero.<br \/>\nParece que fue ayer cuando corr\u00eda<br \/>\ncon mi caballo, siempre compa\u00f1ero<br \/>\nfiel, que en la \u201cEncamis\u00e1\u201d se conoc\u00eda<br \/>\nlas mejores pitarras. Es por eso<br \/>\nque en esta hora avivo los recuerdos<br \/>\ncon nost\u00e1lgicos versos y confieso<br \/>\nque en el rescoldo de la hoguera dejo,<br \/>\nuna vez m\u00e1s, los \u201cvivas\u201d desde lejos.<\/p>\n<p>Badalona, 16\/01\/99<\/p>\n<p><span style=\"text-decoration: underline;\"><em><strong>DIECIS\u00c9IS DE ENERO<\/strong><\/em><\/span><br \/>\nDiecis\u00e9is de enero\u2026.<br \/>\nSuenan<br \/>\nla campana y el tambor.<br \/>\nSon las ocho de la tarde<br \/>\npues\u2026..<br \/>\n\u00a1Que viva San Ant\u00f3n!<\/p>\n<p>Badalona, 16\/01\/00<\/p>\n<p><span style=\"text-decoration: underline;\"><em><strong>TERCER MILENIO<\/strong><\/em><\/span><br \/>\nEn los primeros d\u00edas<br \/>\nde este tercer milenio<br \/>\nla tradici\u00f3n se hace<br \/>\ndue\u00f1a del pensamiento<br \/>\ny en la melancol\u00eda,<br \/>\ncon caballos de viento,<br \/>\nyo corro en estas horas<br \/>\ncarreras de silencios<br \/>\ny desde la distancia<br \/>\nen lo profundo siento<br \/>\nuna amarga congoja<br \/>\npor ese alejamiento<br \/>\nque a\u00f1o tras a\u00f1o me hace<br \/>\nrevivir un momento<br \/>\nel crepitar de hogueras,<br \/>\nlos vivas y el misterio<br \/>\nde un pueblo que esta noche<br \/>\nen ancestral encuentro<br \/>\nolvida diferencias<br \/>\ny acoge al forastero.<br \/>\nYo ahora con mi pluma<br \/>\nhoy, diecis\u00e9is de enero<br \/>\ndejo constancia escrita<br \/>\nde ser sanantonero<br \/>\ny brindo con pitarra<br \/>\ny a\u00f1oro los bu\u00f1uelos<br \/>\ny digo viva el Santo<br \/>\ny hago con mis recuerdos<br \/>\nde una hoguera gigante<br \/>\nun caballo de fuego.<\/p>\n<p>Metro Barna. 16\/01\/01<\/p>\n<p><span style=\"text-decoration: underline;\"><em><strong>SOMBRA DE SUE\u00d1OS<\/strong><\/em><\/span><br \/>\nSombra de sue\u00f1os. La hoguera<br \/>\nrenace de las retamas.<br \/>\nen el silencio un cohete.<br \/>\nY a las ocho la campana<br \/>\ncon su voz de bronce anuncia<br \/>\nla \u201cEncamis\u00e1\u201d centenaria.<br \/>\nPoco a poco los jinetes,<br \/>\ncon sus jacas enjaezadas,<br \/>\nllenan las calles de siempre,<br \/>\nmientras la bandera blanca<br \/>\nde la vieja cofrad\u00eda<br \/>\nmarca el paso, acompa\u00f1ada<br \/>\ndel redoblante. Se escuchan<br \/>\nvivas la Santo. Las llamas<br \/>\nde la hoguera se embravecen.<br \/>\ncorre el vino de pitarra.<br \/>\nY los caballos galopan<br \/>\npor penumbras de distancia<br \/>\nen esta noche de enero<br \/>\nque reviven mis nostalgias.<\/p>\n<p>Metro Barna., 16\/01\/02<\/p>\n<p><span style=\"text-decoration: underline;\"><em><strong>CADA A\u00d1O<\/strong><\/em><\/span><br \/>\nCada a\u00f1o las hogueras<br \/>\nme parecen m\u00e1s lejanas<br \/>\ny el repique de campanas<br \/>\ncomo un sue\u00f1o a recordar,<br \/>\nal igual que las palabras<br \/>\nSan Ant\u00f3n, San Antonino<br \/>\nla del m\u00e1s chiquirrinino<br \/>\ny el d\u00eda de San Sebasti\u00e1n.<br \/>\nCada a\u00f1o la distancia<br \/>\nmis sentires difumina<br \/>\nentre nieblas matutinas<br \/>\ny recuerdos de amistad<br \/>\nque esta noche deseada<br \/>\ncon la ausencia se agigantan<br \/>\nborrando de mi garganta<br \/>\n\u201cvivas\u201d de fraternidad.<br \/>\nPero nunca se me borra<br \/>\na pesar de la tardanza,<br \/>\nel anhelo de esperanza<br \/>\nque me lleva a desear<br \/>\nno escribir otro poema<br \/>\nen el a\u00f1o venidero<br \/>\npara ser sanantonero<br \/>\ny correr la \u201cEncamis\u00e1\u201d.<\/p>\n<p>L \u2018Hospitalet, 16- 01- 03<\/p>\n<p><span style=\"text-decoration: underline;\"><em><strong>DESPU\u00c9S DE TANTOS A\u00d1OS<\/strong><\/em><\/span><br \/>\nDespu\u00e9s de tantos a\u00f1os<br \/>\n(si Dios quiere)<br \/>\nno escribir\u00e9 poema<br \/>\nni habr\u00e1 remembranzas<br \/>\nel d\u00eda diecis\u00e9is,<br \/>\nen este enero<br \/>\ndel a\u00f1o dos mil cuatro.<br \/>\nSer\u00e9 sanantonero<br \/>\nde caballo prestado,<br \/>\nbota de vino tierno,<br \/>\nzahones desgastados<br \/>\ny voz enronquecida<br \/>\nque seguir\u00e1 gritando<br \/>\nlos vivas ancestrales<br \/>\nque mi pueblo da al Santo.<\/p>\n<p>L \u2018Hospitalet, 08 \u2013 01- 04<\/p>\n<p><span style=\"text-decoration: underline;\"><em><strong>EN LA DISTANCIA<\/strong><\/em><\/span><br \/>\nEn la distancia<br \/>\nla voz de los amigos<br \/>\nse hace nostalgia<br \/>\nel diecis\u00e9is de enero<br \/>\ny yo en la playa<br \/>\ndesierta, solitario<br \/>\ngrito a la mar:<br \/>\n-\u00a1Qu\u00e9 viva San Fulgencio!<br \/>\nOtro a\u00f1o m\u00e1s<br \/>\nsin visitar al Santo.<br \/>\nOtro a\u00f1o m\u00e1s<br \/>\nsin coger el bu\u00f1uelo.<br \/>\nOtro a\u00f1o m\u00e1s<br \/>\nsin pitarra ni puro,<br \/>\nsin caballo ni hogueras.<br \/>\nPero espero<br \/>\nseguir, a\u00fan en la ausencia,<br \/>\nrecordando,<br \/>\nsiempre esta noche,<br \/>\nque soy sanantonero.<\/p>\n<p>L\u2019Hospitalet, 16- 01- 05<\/p>\n<p><em>Autor: Juan Moreno Aragoneses<\/em><br \/>\n<em> Publicado por la Diputaci\u00f3n de Badajoz<\/em><\/p>\n<p><a href=\"https:\/\/www.laencamisa.es\/inicio\/wp-content\/uploads\/2013\/05\/dibujo-san-anton.jpg\"><img loading=\"lazy\" class=\"alignleft size-medium wp-image-546\" alt=\"dibujo-san anton\" src=\"https:\/\/www.laencamisa.es\/inicio\/wp-content\/uploads\/2013\/05\/dibujo-san-anton-168x300.jpg\" width=\"168\" height=\"300\" srcset=\"https:\/\/www.laencamisa.es\/inicio\/wp-content\/uploads\/2013\/05\/dibujo-san-anton-168x300.jpg 168w, https:\/\/www.laencamisa.es\/inicio\/wp-content\/uploads\/2013\/05\/dibujo-san-anton.jpg 209w\" sizes=\"(max-width: 168px) 100vw, 168px\" \/><\/a> <a href=\"https:\/\/www.laencamisa.es\/inicio\/wp-content\/uploads\/2013\/05\/tau.jpg\"><img loading=\"lazy\" class=\"alignleft size-medium wp-image-547\" alt=\"tau\" src=\"https:\/\/www.laencamisa.es\/inicio\/wp-content\/uploads\/2013\/05\/tau-300x300.jpg\" width=\"300\" height=\"300\" srcset=\"https:\/\/www.laencamisa.es\/inicio\/wp-content\/uploads\/2013\/05\/tau-300x300.jpg 300w, https:\/\/www.laencamisa.es\/inicio\/wp-content\/uploads\/2013\/05\/tau-150x150.jpg 150w, https:\/\/www.laencamisa.es\/inicio\/wp-content\/uploads\/2013\/05\/tau.jpg 337w\" sizes=\"(max-width: 300px) 100vw, 300px\" \/><\/a><\/p>\n","protected":false},"excerpt":{"rendered":"<p>Introducci\u00f3n He querido reunir, en este peque\u00f1o cuaderno, los poemas que, escritos el d\u00eda diecis\u00e9is de enero a lo largo de m\u00e1s de quince a\u00f1os, recogen mis nostal gias y recuerdo de la \u201cCarrera de San Ant\u00f3n\u201d pues, a pesar <span class=\"excerpt-dots\">&hellip;<\/span> <a class=\"more-link\" href=\"https:\/\/www.laencamisa.es\/inicio\/la-fiesta\/poesias-de-san-anton\/ausencias-sanantoneras\/\"><span class=\"more-msg\">Sigue leyendo &rarr;<\/span><\/a><\/p>\n","protected":false},"author":1,"featured_media":0,"parent":517,"menu_order":0,"comment_status":"closed","ping_status":"closed","template":"","meta":{"ngg_post_thumbnail":0,"_links_to":"","_links_to_target":""},"_links":{"self":[{"href":"https:\/\/www.laencamisa.es\/inicio\/wp-json\/wp\/v2\/pages\/545"}],"collection":[{"href":"https:\/\/www.laencamisa.es\/inicio\/wp-json\/wp\/v2\/pages"}],"about":[{"href":"https:\/\/www.laencamisa.es\/inicio\/wp-json\/wp\/v2\/types\/page"}],"author":[{"embeddable":true,"href":"https:\/\/www.laencamisa.es\/inicio\/wp-json\/wp\/v2\/users\/1"}],"replies":[{"embeddable":true,"href":"https:\/\/www.laencamisa.es\/inicio\/wp-json\/wp\/v2\/comments?post=545"}],"version-history":[{"count":4,"href":"https:\/\/www.laencamisa.es\/inicio\/wp-json\/wp\/v2\/pages\/545\/revisions"}],"predecessor-version":[{"id":2615,"href":"https:\/\/www.laencamisa.es\/inicio\/wp-json\/wp\/v2\/pages\/545\/revisions\/2615"}],"up":[{"embeddable":true,"href":"https:\/\/www.laencamisa.es\/inicio\/wp-json\/wp\/v2\/pages\/517"}],"wp:attachment":[{"href":"https:\/\/www.laencamisa.es\/inicio\/wp-json\/wp\/v2\/media?parent=545"}],"curies":[{"name":"wp","href":"https:\/\/api.w.org\/{rel}","templated":true}]}}