{"id":537,"date":"2013-05-20T19:18:07","date_gmt":"2013-05-20T19:18:07","guid":{"rendered":"http:\/\/www.laencamisa.es\/inicio\/?page_id=537"},"modified":"2022-04-16T07:12:28","modified_gmt":"2022-04-16T07:12:28","slug":"a-mi-amigo-el-forastero","status":"publish","type":"page","link":"https:\/\/www.laencamisa.es\/inicio\/la-fiesta\/poesias-de-san-anton\/a-mi-amigo-el-forastero\/","title":{"rendered":"A mi amigo el forastero"},"content":{"rendered":"<p>Toma un pedazo \u201cbi\u00f1uelo\u201d, echa un trago de vino,<br \/>\ndisfruta la fiesta a la lumbre<br \/>\nque esto es un milagro divino.<\/p>\n<p>Bueno es hora que te diga yo<br \/>\ncual ha de ser la esencia<br \/>\nde un buen SAN ANT\u00d3N.<br \/>\nNo intentes entender forastero,<br \/>\nque llegas al atardecer del 16 de enero<br \/>\nel porqu\u00e9 de las juergas<br \/>\nde un pueblo que est\u00e1 fiestero.<\/p>\n<p>Baile, canci\u00f3n y risas, conducen a menudo<br \/>\na la complacencia de un buen sanantonero,<br \/>\ny no intentes comprender, y no pongas empe\u00f1o,<br \/>\nporque lucir un caballo armonioso y<br \/>\nuna manta de los telares pele\u00f1os,<br \/>\ncon eso aqu\u00ed en Pela, tenemos el cielo.<\/p>\n<p>Toma un pedazo \u201cbi\u00f1uelo\u201d,<br \/>\necha un trago de vino,<br \/>\ndisfruta la fiesta a la lumbre<br \/>\nque esto es un milagro divino.<\/p>\n<p>T\u00fa que lo ves siempre igual,<br \/>\nque no pones empe\u00f1o,<br \/>\naunque todos montemos igual<br \/>\nseguro que distingues a un buen pele\u00f1o.<\/p>\n<p>Porque aunque todos corren San Ant\u00f3n<br \/>\naunque el caballo sea bonito o sea el peor,<br \/>\nel que es pele\u00f1o de verdad, corre con el coraz\u00f3n,<br \/>\ny no entiende de caballos, de hermosuras o gal\u00f3n,<br \/>\nY no como otros jinetes, que corren de exposici\u00f3n,<br \/>\nsin gorro, sin pa\u00f1uelo y sin tradici\u00f3n<\/p>\n<p>Toma un pedazo \u201cbi\u00f1uelo\u201d,<br \/>\necha un trago de vino,<br \/>\ndisfruta la fiesta a la lumbre<br \/>\nque esto es un milagro divino.<\/p>\n<p>Te digo yo amigo forastero,<br \/>\nque el que es pele\u00f1o, es sanantonero,<br \/>\ny el olor a \u201cbi\u00f1uelo\u201d le hace recordar tiempos muy buenos,<br \/>\nque aunque muchos vengan de fuera,<br \/>\ncon hermosos caballos danceros,<br \/>\nnosotros los pele\u00f1os, corremos todos los a\u00f1os,<br \/>\ncon faja, zahones, Gorro y pa\u00f1uelo,<br \/>\ny el forastero que viene con mucha ilusi\u00f3n,<br \/>\nnosotros le recibimos con vino, bi\u00f1uelo y un viva SAN ANT\u00d3N.<\/p>\n<p>Amigo forastero, si se calienta la cara y se enfr\u00edan los pies,<br \/>\nbebe vino, que esto se acaba despu\u00e9s de las diez,<br \/>\nque si te gusta este a\u00f1o, al a\u00f1o que viene vendr\u00e1s otra vez<br \/>\ny eso a los pele\u00f1os nos encanta tambi\u00e9n.<\/p>\n<p>Toma un pedazo \u201cbi\u00f1uelo\u201d,<br \/>\necha un trago de vino,<br \/>\ndisfruta la fiesta a la lumbre<br \/>\nque esto es un milagro divino.<\/p>\n<p>En esta carrera armoniosa, llena de caballos pele\u00f1os<br \/>\nse van perdiendo las cosas de otros a\u00f1os, de mis abuelos<br \/>\ndonde se corr\u00eda con mulos y burros aceituneros,<br \/>\ny los \u00fanicos caballos que hab\u00eda, eran de los ricos del pueblo.<br \/>\nHay que ver como cambian las cosas, amigo forastero<br \/>\ny que pena me da la pobre burra de mi abuelo<br \/>\nque ya ni siquiera la usamos, ni para este rato tan bueno.<\/p>\n<p>San Ant\u00f3n, a t\u00ed que no te ven siempre igual,<br \/>\nte escribo estas l\u00edneas; bien o mal,<br \/>\npara decirte con cari\u00f1o y entusiasmo<br \/>\nque como t\u00fa no hay otro santo igual.<\/p>\n<p>Toma un pedazo \u201cbi\u00f1uelo\u201d,<br \/>\necha un trago de vino,<br \/>\ndisfruta la fiesta a la lumbre<br \/>\nque esto es un milagro divino.<\/p>\n<p>Esta es la historia, amigo forastero<br \/>\nde un pele\u00f1o que se siente sanantonero,<br \/>\nque todos los a\u00f1os corre la carrera con mucho esmero<br \/>\nintentando conservar la tradici\u00f3n que dejaron sus abuelos<br \/>\ny que tan rara y a la vez bonita, ves tu, forastero.<\/p>\n<p><em>Seud\u00f3nimo: Misterio<\/em><\/p>\n","protected":false},"excerpt":{"rendered":"<p>Toma un pedazo \u201cbi\u00f1uelo\u201d, echa un trago de vino, disfruta la fiesta a la lumbre que esto es un milagro divino. Bueno es hora que te diga yo cual ha de ser la esencia de un buen SAN ANT\u00d3N. No <span class=\"excerpt-dots\">&hellip;<\/span> <a class=\"more-link\" href=\"https:\/\/www.laencamisa.es\/inicio\/la-fiesta\/poesias-de-san-anton\/a-mi-amigo-el-forastero\/\"><span class=\"more-msg\">Sigue leyendo &rarr;<\/span><\/a><\/p>\n","protected":false},"author":1,"featured_media":0,"parent":517,"menu_order":0,"comment_status":"closed","ping_status":"closed","template":"","meta":{"ngg_post_thumbnail":0,"_links_to":"","_links_to_target":""},"_links":{"self":[{"href":"https:\/\/www.laencamisa.es\/inicio\/wp-json\/wp\/v2\/pages\/537"}],"collection":[{"href":"https:\/\/www.laencamisa.es\/inicio\/wp-json\/wp\/v2\/pages"}],"about":[{"href":"https:\/\/www.laencamisa.es\/inicio\/wp-json\/wp\/v2\/types\/page"}],"author":[{"embeddable":true,"href":"https:\/\/www.laencamisa.es\/inicio\/wp-json\/wp\/v2\/users\/1"}],"replies":[{"embeddable":true,"href":"https:\/\/www.laencamisa.es\/inicio\/wp-json\/wp\/v2\/comments?post=537"}],"version-history":[{"count":3,"href":"https:\/\/www.laencamisa.es\/inicio\/wp-json\/wp\/v2\/pages\/537\/revisions"}],"predecessor-version":[{"id":567,"href":"https:\/\/www.laencamisa.es\/inicio\/wp-json\/wp\/v2\/pages\/537\/revisions\/567"}],"up":[{"embeddable":true,"href":"https:\/\/www.laencamisa.es\/inicio\/wp-json\/wp\/v2\/pages\/517"}],"wp:attachment":[{"href":"https:\/\/www.laencamisa.es\/inicio\/wp-json\/wp\/v2\/media?parent=537"}],"curies":[{"name":"wp","href":"https:\/\/api.w.org\/{rel}","templated":true}]}}