{"id":529,"date":"2013-05-20T19:11:01","date_gmt":"2013-05-20T19:11:01","guid":{"rendered":"http:\/\/www.laencamisa.es\/inicio\/?page_id=529"},"modified":"2022-04-16T07:13:38","modified_gmt":"2022-04-16T07:13:38","slug":"la-encamisa-nuestra-fiesta","status":"publish","type":"page","link":"https:\/\/www.laencamisa.es\/inicio\/la-fiesta\/poesias-de-san-anton\/la-encamisa-nuestra-fiesta\/","title":{"rendered":"La Encamis\u00e1: nuestra fiesta"},"content":{"rendered":"<p>Tu, que eres pele\u00f1o o forastero emigrante en tu destierro<br \/>\nal\u00e9grate y date un respiro<br \/>\nnuestra fiesta viene con deseo<\/p>\n<p>Todo el a\u00f1o estamos esperando<br \/>\ncada d\u00eda que pasa \u00a1uno menos!<br \/>\nuna cuenta que viene atr\u00e1s<br \/>\nesperando que llegue a cero<\/p>\n<p>Ya pas\u00f3 el te\u00f1ido oto\u00f1o<br \/>\nya llego el fr\u00edo invierno<br \/>\nel aire huele ya a fiesta<br \/>\ncon las navidades por medio<\/p>\n<p>Nos llega el primer regalo<br \/>\nlos reyes nos ponen contentos<br \/>\nlas Navidades ya se acaban<br \/>\nla fiesta tiene su comienzo<\/p>\n<p>Esperamos la bajada del Santo<br \/>\nal que los devotos acompa\u00f1aremos<br \/>\nen procesi\u00f3n desde su ermita<br \/>\nhasta su llegada al templo<\/p>\n<p>Ya suena la algarab\u00eda<br \/>\nsuena el tambor y los cencerros<br \/>\nya van chavales y chiquillos<br \/>\nen el recorrido a por el \u201cbi\u00f1uelo\u201d<\/p>\n<p>\u00a1Que alegr\u00eda tiene nuestra fiesta!<br \/>\n\u00a1Que alegr\u00eda desde su comienzo!<br \/>\nse oye el relinchar de los caballos<br \/>\nd\u00e1ndoles picadero en el pueblo<br \/>\nhay que ponerlo todo al d\u00eda<br \/>\nque se acerca \u201cSan Fulgencio\u201d<\/p>\n<p>\u00a1Que d\u00eda tan esperado por todos!<br \/>\nla gente se aproxima al pueblo<br \/>\npara ponerlo todo a punto<br \/>\ny pronto de su gran comienzo<\/p>\n<p>La le\u00f1a ya est\u00e1 en las esquinas<br \/>\nespera paciente y \u201capil\u00e1\u201d<br \/>\na que los cohetes y campanas<br \/>\nden comienzo a \u201cLa Encamis\u00e1\u201d<\/p>\n<p>Los caballos van engalanados<br \/>\ncon monturas y mantas guapas<br \/>\ncascabeles y colas trenzadas<br \/>\ncon bellas cintas coloreadas<\/p>\n<p>Los jinetes van ataviados<br \/>\ncon pantal\u00f3n oscuro, camisa blanca<br \/>\npa\u00f1uelo multicolor, zajones, faja<br \/>\ny gorro puntiagudo que su cabeza realza<\/p>\n<p>Todo el mundo se alza en \u201cvivas\u201d<br \/>\nvivas a San Ant\u00f3n y San Fulgencio<br \/>\nsuenan los estruendos de cohetes<br \/>\ncorre el vino y buenos bu\u00f1uelos<br \/>\nque amenizan toda la noche<br \/>\ncalentando el ambiente por dentro<\/p>\n<p>Tres vueltas da el tambor<br \/>\nal que escolta el abanderado<br \/>\nllegando la \u00faltima hasta la plaza<br \/>\ndonde parti\u00f3 el evento tan esperado<\/p>\n<p>ya se acaba la carrera<br \/>\nse premia al jinete y caballo<br \/>\ncon un puro y un \u201cbi\u00f1uelo\u201d<br \/>\nque ambos degustan con encanto<\/p>\n<p>\u00a1Que grande es la hospitalidad!<br \/>\nque en estos d\u00edas aqu\u00ed existe<br \/>\nel pele\u00f1o abre sus puertas<br \/>\nal que de fuera viene y asiste<\/p>\n<p>\u00a1Tu pele\u00f1o que aqu\u00ed resides!<br \/>\nque eres emigrante o fuiste<br \/>\ncolabora con esta buena fiesta<br \/>\nen todo lo que ella consiste<br \/>\ny si todavia no eres cofrade no lo dudes \u00a1ven a inscribirte!<\/p>\n<p><em>Autor: Pedro Luis Masa<\/em><\/p>\n","protected":false},"excerpt":{"rendered":"<p>Tu, que eres pele\u00f1o o forastero emigrante en tu destierro al\u00e9grate y date un respiro nuestra fiesta viene con deseo Todo el a\u00f1o estamos esperando cada d\u00eda que pasa \u00a1uno menos! una cuenta que viene atr\u00e1s esperando que llegue a <span class=\"excerpt-dots\">&hellip;<\/span> <a class=\"more-link\" href=\"https:\/\/www.laencamisa.es\/inicio\/la-fiesta\/poesias-de-san-anton\/la-encamisa-nuestra-fiesta\/\"><span class=\"more-msg\">Sigue leyendo &rarr;<\/span><\/a><\/p>\n","protected":false},"author":1,"featured_media":0,"parent":517,"menu_order":0,"comment_status":"closed","ping_status":"closed","template":"","meta":{"ngg_post_thumbnail":0,"_links_to":"","_links_to_target":""},"_links":{"self":[{"href":"https:\/\/www.laencamisa.es\/inicio\/wp-json\/wp\/v2\/pages\/529"}],"collection":[{"href":"https:\/\/www.laencamisa.es\/inicio\/wp-json\/wp\/v2\/pages"}],"about":[{"href":"https:\/\/www.laencamisa.es\/inicio\/wp-json\/wp\/v2\/types\/page"}],"author":[{"embeddable":true,"href":"https:\/\/www.laencamisa.es\/inicio\/wp-json\/wp\/v2\/users\/1"}],"replies":[{"embeddable":true,"href":"https:\/\/www.laencamisa.es\/inicio\/wp-json\/wp\/v2\/comments?post=529"}],"version-history":[{"count":3,"href":"https:\/\/www.laencamisa.es\/inicio\/wp-json\/wp\/v2\/pages\/529\/revisions"}],"predecessor-version":[{"id":565,"href":"https:\/\/www.laencamisa.es\/inicio\/wp-json\/wp\/v2\/pages\/529\/revisions\/565"}],"up":[{"embeddable":true,"href":"https:\/\/www.laencamisa.es\/inicio\/wp-json\/wp\/v2\/pages\/517"}],"wp:attachment":[{"href":"https:\/\/www.laencamisa.es\/inicio\/wp-json\/wp\/v2\/media?parent=529"}],"curies":[{"name":"wp","href":"https:\/\/api.w.org\/{rel}","templated":true}]}}