{"id":520,"date":"2013-05-20T19:00:08","date_gmt":"2013-05-20T19:00:08","guid":{"rendered":"http:\/\/www.laencamisa.es\/inicio\/?page_id=520"},"modified":"2022-04-16T07:13:00","modified_gmt":"2022-04-16T07:13:00","slug":"la-aurora-de-san-anton","status":"publish","type":"page","link":"https:\/\/www.laencamisa.es\/inicio\/la-fiesta\/poesias-de-san-anton\/la-aurora-de-san-anton\/","title":{"rendered":"La Aurora de San Ant\u00f3n"},"content":{"rendered":"<p><strong>La Aurora de San Ant\u00f3n<\/strong><\/p>\n<p>Amanece un nuevo d\u00eda<br \/>\nsuenan los cohetes, el viento<br \/>\ny la brisa de la Sierra de Pela.<\/p>\n<p>A las ocho de la tarde<br \/>\npele\u00f1os, forasteros y sanantoneros<br \/>\nen la plaza se congregan<br \/>\npara llenarla de pregones<br \/>\ny con tres vivas a San Ant\u00f3n<br \/>\nel mayordomo da comienzo la carrera.<\/p>\n<p>Los caballos resoplan<br \/>\ncon br\u00edo, elegancia y madro\u00f1eras<br \/>\nlos jinetes, camisa blanca y gorro multicolor<br \/>\nlos infantes, recorren calles y afueras.<\/p>\n<p>Arde la lumbre, crepita la hoguera<br \/>\nsu color rojizo sublime<br \/>\nllena de brillo y color nuestra fiesta.<\/p>\n<p>Corre la pitarra<br \/>\nse come el bu\u00f1uelo de la tierra<br \/>\nre\u00edmos en el festejo<br \/>\ndisfrutamos de la fiesta.<\/p>\n<p>Y siempre el 16 de Enero<br \/>\nSan Ant\u00f3n Bendito<br \/>\nPatrono de Navalvillar de Pela.<br \/>\nSanantoneros de Europa!<br \/>\n\u00a1Viva San Ant\u00f3n!<\/p>\n<p><em>Autor: Jos\u00e9 Ballesteros-2013<\/em><\/p>\n","protected":false},"excerpt":{"rendered":"<p>La Aurora de San Ant\u00f3n Amanece un nuevo d\u00eda suenan los cohetes, el viento y la brisa de la Sierra de Pela. A las ocho de la tarde pele\u00f1os, forasteros y sanantoneros en la plaza se congregan para llenarla de <span class=\"excerpt-dots\">&hellip;<\/span> <a class=\"more-link\" href=\"https:\/\/www.laencamisa.es\/inicio\/la-fiesta\/poesias-de-san-anton\/la-aurora-de-san-anton\/\"><span class=\"more-msg\">Sigue leyendo &rarr;<\/span><\/a><\/p>\n","protected":false},"author":1,"featured_media":0,"parent":517,"menu_order":0,"comment_status":"closed","ping_status":"closed","template":"","meta":{"ngg_post_thumbnail":0,"_links_to":"","_links_to_target":""},"_links":{"self":[{"href":"https:\/\/www.laencamisa.es\/inicio\/wp-json\/wp\/v2\/pages\/520"}],"collection":[{"href":"https:\/\/www.laencamisa.es\/inicio\/wp-json\/wp\/v2\/pages"}],"about":[{"href":"https:\/\/www.laencamisa.es\/inicio\/wp-json\/wp\/v2\/types\/page"}],"author":[{"embeddable":true,"href":"https:\/\/www.laencamisa.es\/inicio\/wp-json\/wp\/v2\/users\/1"}],"replies":[{"embeddable":true,"href":"https:\/\/www.laencamisa.es\/inicio\/wp-json\/wp\/v2\/comments?post=520"}],"version-history":[{"count":4,"href":"https:\/\/www.laencamisa.es\/inicio\/wp-json\/wp\/v2\/pages\/520\/revisions"}],"predecessor-version":[{"id":1205,"href":"https:\/\/www.laencamisa.es\/inicio\/wp-json\/wp\/v2\/pages\/520\/revisions\/1205"}],"up":[{"embeddable":true,"href":"https:\/\/www.laencamisa.es\/inicio\/wp-json\/wp\/v2\/pages\/517"}],"wp:attachment":[{"href":"https:\/\/www.laencamisa.es\/inicio\/wp-json\/wp\/v2\/media?parent=520"}],"curies":[{"name":"wp","href":"https:\/\/api.w.org\/{rel}","templated":true}]}}