{"id":517,"date":"2013-05-20T18:49:34","date_gmt":"2013-05-20T18:49:34","guid":{"rendered":"http:\/\/www.laencamisa.es\/inicio\/?page_id=517"},"modified":"2022-03-20T20:23:43","modified_gmt":"2022-03-20T20:23:43","slug":"poesias-de-san-anton","status":"publish","type":"page","link":"https:\/\/www.laencamisa.es\/inicio\/la-fiesta\/poesias-de-san-anton\/","title":{"rendered":"Poes\u00edas de San Ant\u00f3n"},"content":{"rendered":"<p><a href=\"https:\/\/www.laencamisa.es\/inicio\/wp-content\/uploads\/2013\/05\/poesias.jpg\"><img loading=\"lazy\" class=\"alignleft size-medium wp-image-518\" src=\"https:\/\/www.laencamisa.es\/inicio\/wp-content\/uploads\/2013\/05\/poesias-300x240.jpg\" alt=\"poesias\" width=\"221\" height=\"179\"><\/a>En esta secci\u00f3n encontrar\u00e1s una colecci\u00f3n de poes\u00edas relacionadas con La Encamis\u00e1 y San Ant\u00f3n.<\/p>\n<p>La mayor\u00eda de ellas est\u00e1n recogidas en los diferentes programas de festejos de San Ant\u00f3n e incluso algunas son an\u00f3nimas. Estas poes\u00edas muestran el sentir, el recuerdo, el a\u00f1oro o la emoci\u00f3n de sus autores hacia la fiesta de San Ant\u00f3n y hacia La Carrera.<\/p>\n<p>En gran medida, muchos a leerlas se sentir\u00e1n identificados con sus relatos, otros descubrir\u00e1n el sentimiento sanantonero.<\/p>\n<p>Se\u00f1alar que algunas de las poes\u00edas no poseen t\u00edtulo, es por ello, que desde esta web daremos un t\u00edtulo para poder identificar unas poes\u00edas de otras.<\/p>\n<p>\u00bf Tienes alguna poes\u00eda que quieras publicar en esta secci\u00f3n?<br \/>\nm\u00e1ndanosla a : soporte@laencamisa.es<\/p>\n<hr style=\"color: #0056b2;\" size=\"5\">\n<p><strong>Lista de poes\u00edas y relatos<\/strong><\/p>\n<ul>\n<li><a title=\"Acervo Sanantonero\" href=\"https:\/\/www.laencamisa.es\/inicio\/la-fiesta\/poesias-de-san-anton\/acervo-sanantonero\/\">Acervo Sanantonero<\/a>. (Caridad Jim\u00e9nez Parralejo-2016)<\/li>\n<li><a title=\"Padres, as\u00ed es la nueva Encamis\u00e1\" href=\"https:\/\/www.laencamisa.es\/inicio\/la-fiesta\/poesias-de-san-anton\/padres-asi-es-la-nueva-encamisa\/\">Padres, as\u00ed es la nueva Encamis\u00e1<\/a>. (Caridad Jim\u00e9nez Parralejo-2015)<\/li>\n<li><a title=\"La Magia de La Encamis\u00e1\" href=\"https:\/\/www.laencamisa.es\/inicio\/la-fiesta\/poesias-de-san-anton\/la-magia-de-la-encamisa\/\">La Magia de La Encamis\u00e1<\/a> (Jos\u00e9 Ballesteros-2015 )<\/li>\n<li><a title=\"La Encamis\u00e1\" href=\"https:\/\/www.laencamisa.es\/inicio\/la-fiesta\/poesias-de-san-anton\/la-encamisa\/\">La Encamis\u00e1.<\/a> ( Victor Gallego Baviano-2015 )<\/li>\n<li><a title=\"La Aurora de San Ant\u00f3n\" href=\"https:\/\/www.laencamisa.es\/inicio\/la-fiesta\/poesias-de-san-anton\/la-aurora-de-san-anton\/\">La Aurora de San Ant\u00f3n.<\/a> ( Jos\u00e9 Ballesteros-2013 )<\/li>\n<li><a title=\"\u00a1 Somos sanantoneros !\" href=\"https:\/\/www.laencamisa.es\/inicio\/la-fiesta\/poesias-de-san-anton\/somos-sanantoneros\/\">\u00a1 Somos Sanantorenos !<\/a>. ( To\u00f1i Guisado Moreno- 2012)<\/li>\n<li><a title=\"La Carrera de San Ant\u00f3n\" href=\"https:\/\/www.laencamisa.es\/inicio\/la-fiesta\/poesias-de-san-anton\/la-carrera-de-san-anton\/\">La Carrera de San Ant\u00f3n<\/a>. ( Jos\u00e9 Ballesteros-2012 )<\/li>\n<li><a title=\"La Encamis\u00e1: nuestra fiesta\" href=\"https:\/\/www.laencamisa.es\/inicio\/la-fiesta\/poesias-de-san-anton\/la-encamisa-nuestra-fiesta\/\">La Encamis\u00e1: nuestra fiesta<\/a>. ( Pedro Luis Masa )<\/li>\n<li><a title=\"A Navalvillar de Pela\" href=\"https:\/\/www.laencamisa.es\/inicio\/la-fiesta\/poesias-de-san-anton\/a-navalvillar-de-pela\/\">A Navalvillar de Pela<\/a>. ( Julio D\u00edaz Mu\u00f1oz- Getafe )<\/li>\n<li><a title=\"A mi amigo el forastero\" href=\"https:\/\/www.laencamisa.es\/inicio\/la-fiesta\/poesias-de-san-anton\/a-mi-amigo-el-forastero\/\">A Mi amigo el forastero<\/a>. ( Seud\u00f3nimo: Misterio)<\/li>\n<li><a title=\"Tarde de San Fulgencio\" href=\"https:\/\/www.laencamisa.es\/inicio\/la-fiesta\/poesias-de-san-anton\/tarde-de-san-fulgencio\/\">Tarde de San Fulgencio<\/a>. ( An\u00f3nimo.1982 )<\/li>\n<li><a title=\"Melaconl\u00eda de Ausencias\" href=\"https:\/\/www.laencamisa.es\/inicio\/la-fiesta\/poesias-de-san-anton\/melaconlia-de-ausencias\/\">Melancol\u00eda de Ausencias<\/a>. ( Salvador Fausto Vald\u00e9s )<\/li>\n<li><a title=\"Ausencias sanantoneras\" href=\"https:\/\/www.laencamisa.es\/inicio\/la-fiesta\/poesias-de-san-anton\/ausencias-sanantoneras\/\">Ausencias Sanantoneras<\/a>. ( Juan Moreno Aragoneses )<\/li>\n<\/ul>\n<p>&nbsp;<\/p>\n","protected":false},"excerpt":{"rendered":"<p>En esta secci\u00f3n encontrar\u00e1s una colecci\u00f3n de poes\u00edas relacionadas con La Encamis\u00e1 y San Ant\u00f3n. La mayor\u00eda de ellas est\u00e1n recogidas en los diferentes programas de festejos de San Ant\u00f3n e incluso algunas son an\u00f3nimas. Estas poes\u00edas muestran el sentir, <span class=\"excerpt-dots\">&hellip;<\/span> <a class=\"more-link\" href=\"https:\/\/www.laencamisa.es\/inicio\/la-fiesta\/poesias-de-san-anton\/\"><span class=\"more-msg\">Sigue leyendo &rarr;<\/span><\/a><\/p>\n","protected":false},"author":1,"featured_media":0,"parent":200,"menu_order":11,"comment_status":"closed","ping_status":"closed","template":"","meta":{"ngg_post_thumbnail":0,"_links_to":"","_links_to_target":""},"_links":{"self":[{"href":"https:\/\/www.laencamisa.es\/inicio\/wp-json\/wp\/v2\/pages\/517"}],"collection":[{"href":"https:\/\/www.laencamisa.es\/inicio\/wp-json\/wp\/v2\/pages"}],"about":[{"href":"https:\/\/www.laencamisa.es\/inicio\/wp-json\/wp\/v2\/types\/page"}],"author":[{"embeddable":true,"href":"https:\/\/www.laencamisa.es\/inicio\/wp-json\/wp\/v2\/users\/1"}],"replies":[{"embeddable":true,"href":"https:\/\/www.laencamisa.es\/inicio\/wp-json\/wp\/v2\/comments?post=517"}],"version-history":[{"count":24,"href":"https:\/\/www.laencamisa.es\/inicio\/wp-json\/wp\/v2\/pages\/517\/revisions"}],"predecessor-version":[{"id":2284,"href":"https:\/\/www.laencamisa.es\/inicio\/wp-json\/wp\/v2\/pages\/517\/revisions\/2284"}],"up":[{"embeddable":true,"href":"https:\/\/www.laencamisa.es\/inicio\/wp-json\/wp\/v2\/pages\/200"}],"wp:attachment":[{"href":"https:\/\/www.laencamisa.es\/inicio\/wp-json\/wp\/v2\/media?parent=517"}],"curies":[{"name":"wp","href":"https:\/\/api.w.org\/{rel}","templated":true}]}}