{"id":440,"date":"2013-04-16T19:52:05","date_gmt":"2013-04-16T19:52:05","guid":{"rendered":"http:\/\/www.laencamisa.es\/inicio\/?page_id=440"},"modified":"2022-04-16T07:09:16","modified_gmt":"2022-04-16T07:09:16","slug":"saludas-2012","status":"publish","type":"page","link":"https:\/\/www.laencamisa.es\/inicio\/la-fiesta\/saludas\/saludas-2012\/","title":{"rendered":"Saludas 2012"},"content":{"rendered":"<p><strong>Saluda de la Directiva<\/strong><\/p>\n<p><a href=\"https:\/\/www.laencamisa.es\/inicio\/wp-content\/uploads\/2013\/04\/DIRECTIVA-2012.jpg\"><img loading=\"lazy\" class=\"alignleft size-medium wp-image-961\" alt=\"DIRECTIVA 2012\" src=\"https:\/\/www.laencamisa.es\/inicio\/wp-content\/uploads\/2013\/04\/DIRECTIVA-2012-300x188.jpg\" width=\"300\" height=\"188\" srcset=\"https:\/\/www.laencamisa.es\/inicio\/wp-content\/uploads\/2013\/04\/DIRECTIVA-2012-300x188.jpg 300w, https:\/\/www.laencamisa.es\/inicio\/wp-content\/uploads\/2013\/04\/DIRECTIVA-2012-478x300.jpg 478w, https:\/\/www.laencamisa.es\/inicio\/wp-content\/uploads\/2013\/04\/DIRECTIVA-2012.jpg 737w\" sizes=\"(max-width: 300px) 100vw, 300px\" \/><\/a>Como cada a\u00f1o pasando el verano, todos los pele\u00f1os estamos deseando de que lleguen las Navidades, fecha en la que empezamos a sentir en el cuerpo ese maravilloso mariposeo del sentir sanantonero.<\/p>\n<p>Empieza el fr\u00edo, tardes tristes por el cambio del tiempo, d\u00edas de lluvia y de nieve, las almazaras se ponen en funcionamiento con la recogida de las aceitunas, ya el pueblo huele a humo por las matanzas y en esta \u00e9poca es cuando la directiva de la A.C.S.A. comienza con los preparativos de tan maravillosa fiesta, la de nuestro Santo Patr\u00f3n San Ant\u00f3n Abad.<\/p>\n<p>Muchos d\u00edas de trabajo, reuniones y m\u00e1s reuniones, con el fin de que cuando llegue la fecha del 16 de enero, est\u00e9 todo preparado para que los pele\u00f1os y forasteros, disfrutemos de la fiesta que todo el a\u00f1o llevamos esperando.<\/p>\n<p>Otro a\u00f1o m\u00e1s desde la Directiva, esperamos hacerlo lo mejor posible, para que un a\u00f1o m\u00e1s podamos disfrutar de nuestras fiestas, tres meses de duro trabajo, que al ver las caras de toda persona que se siente sanantonero, no es tiempo ninguno.<\/p>\n<p>Tambi\u00e9n desde la directiva, queremos dar las gracias a todas las personas que desinteresadamente aportan mucho o poco para la realizaci\u00f3n de nuestras fiestas, a todo aquel que tuvo que marchar alg\u00fan d\u00eda del pueblo pero que lleve dentro el sentir sanantonero, est\u00e9n donde est\u00e9n, para todos ellos . . .<\/p>\n<p>\u00a1\u00a1\u00a1 VIVA SAN ANT\u00d3N !!!<br \/>\nSin m\u00e1s, un cordial saludo y\u2026<\/p>\n<p>\u00a1\u00a1\u00a1 Viva San Ant\u00f3n !!!<\/p>\n<p><strong>Saluda del Alcalde<\/strong><\/p>\n<p><a href=\"https:\/\/www.laencamisa.es\/inicio\/wp-content\/uploads\/2013\/04\/manuel-sanchez-custodio-2011.jpg\"><img loading=\"lazy\" class=\"alignleft size-medium wp-image-959\" alt=\"manuel sanchez custodio-2011\" src=\"https:\/\/www.laencamisa.es\/inicio\/wp-content\/uploads\/2013\/04\/manuel-sanchez-custodio-2011-238x300.jpg\" width=\"238\" height=\"300\" srcset=\"https:\/\/www.laencamisa.es\/inicio\/wp-content\/uploads\/2013\/04\/manuel-sanchez-custodio-2011-238x300.jpg 238w, https:\/\/www.laencamisa.es\/inicio\/wp-content\/uploads\/2013\/04\/manuel-sanchez-custodio-2011.jpg 305w\" sizes=\"(max-width: 238px) 100vw, 238px\" \/><\/a>Queridos pele\u00f1os y pele\u00f1as:<\/p>\n<p>Al calor de las hogueras en la noche de \u201cla Encamisa\u201d, nos preparamos para vivir nuestras esperadas Fiestas de San Ant\u00f3n Abad, que vuelven cada a\u00f1o desde tiempos inmemoriales, siempre puntuales pero siempre diferentes, para estallar en unos d\u00edas de luz y color, de algarab\u00eda por las calles y divertimiento en general, que proyecta nuestra localidad hacia todos los vecinos y visitantes art\u00edfice de una de las Fiestas de Inter\u00e9s Tur\u00edstico Regional m\u00e1s apreciadas y vistosas en Extremadura.<\/p>\n<p>En estos tiempos en que la alegr\u00eda y la sana convivencia son tan necesarios en nuestras vidas, el pueblo de Pela, con todos y cada uno de sus vecinos se ponen a trabajar para alcanzar el objetivo de cada mes de Enero: conseguir unas Fiestas inolvidables, abiertas a todos los visitantes y llenas de calidad desde su inmejorable Ferial, con atracciones, casetas e innumerables actividades l\u00fadicas donde los caballos, la m\u00fasica\u2026\u2026 son protagonistas estos d\u00edas.<\/p>\n<p>Especial menci\u00f3n merece la Cofrad\u00eda de San Ant\u00f3n, un grupo de j\u00f3venes de la localidad que sienten en su coraz\u00f3n las Fiestas y trabajan durante varios meses para que estos d\u00edas sean un \u00e9xito.<\/p>\n<p>Estos d\u00edas donde Pela ser\u00e1 ejemplo de como una localidad puede colaborar a elevar nuestro \u00e1nimo colectivo en estos tiempos dif\u00edciles que estamos viviendo. Es un orgullo para mi como Alcalde y como pele\u00f1o participar de estas Fiestas y poder decir \u201cViva San Ant\u00f3n, San Fulgencio\u2026\u2026.\u201d.<\/p>\n<p>Deseo sinceramente que estas Fiestas sean la mejor vivencia para todos y os convoco a que particip\u00e9is activamente, con la ilusi\u00f3n y buena concordia que caracteriza a los vecinos y vecinas de Pela.<\/p>\n<p>Un saludo afectuoso de vuestro alcalde.<br \/>\nManuel S\u00e1nchez Custodio.<\/p>\n","protected":false},"excerpt":{"rendered":"<p>Saluda de la Directiva Como cada a\u00f1o pasando el verano, todos los pele\u00f1os estamos deseando de que lleguen las Navidades, fecha en la que empezamos a sentir en el cuerpo ese maravilloso mariposeo del sentir sanantonero. Empieza el fr\u00edo, tardes <span class=\"excerpt-dots\">&hellip;<\/span> <a class=\"more-link\" href=\"https:\/\/www.laencamisa.es\/inicio\/la-fiesta\/saludas\/saludas-2012\/\"><span class=\"more-msg\">Sigue leyendo &rarr;<\/span><\/a><\/p>\n","protected":false},"author":1,"featured_media":0,"parent":952,"menu_order":2,"comment_status":"closed","ping_status":"closed","template":"","meta":{"ngg_post_thumbnail":0,"_links_to":"","_links_to_target":""},"_links":{"self":[{"href":"https:\/\/www.laencamisa.es\/inicio\/wp-json\/wp\/v2\/pages\/440"}],"collection":[{"href":"https:\/\/www.laencamisa.es\/inicio\/wp-json\/wp\/v2\/pages"}],"about":[{"href":"https:\/\/www.laencamisa.es\/inicio\/wp-json\/wp\/v2\/types\/page"}],"author":[{"embeddable":true,"href":"https:\/\/www.laencamisa.es\/inicio\/wp-json\/wp\/v2\/users\/1"}],"replies":[{"embeddable":true,"href":"https:\/\/www.laencamisa.es\/inicio\/wp-json\/wp\/v2\/comments?post=440"}],"version-history":[{"count":4,"href":"https:\/\/www.laencamisa.es\/inicio\/wp-json\/wp\/v2\/pages\/440\/revisions"}],"predecessor-version":[{"id":2614,"href":"https:\/\/www.laencamisa.es\/inicio\/wp-json\/wp\/v2\/pages\/440\/revisions\/2614"}],"up":[{"embeddable":true,"href":"https:\/\/www.laencamisa.es\/inicio\/wp-json\/wp\/v2\/pages\/952"}],"wp:attachment":[{"href":"https:\/\/www.laencamisa.es\/inicio\/wp-json\/wp\/v2\/media?parent=440"}],"curies":[{"name":"wp","href":"https:\/\/api.w.org\/{rel}","templated":true}]}}