{"id":429,"date":"2013-04-16T19:33:46","date_gmt":"2013-04-16T19:33:46","guid":{"rendered":"http:\/\/www.laencamisa.es\/inicio\/?page_id=429"},"modified":"2022-04-16T07:07:58","modified_gmt":"2022-04-16T07:07:58","slug":"saludas-2013","status":"publish","type":"page","link":"https:\/\/www.laencamisa.es\/inicio\/la-fiesta\/saludas\/saludas-2013\/","title":{"rendered":"Saludas 2013"},"content":{"rendered":"<p><strong>Saluda de la Directiva<\/strong><\/p>\n<p><a href=\"https:\/\/www.laencamisa.es\/inicio\/wp-content\/uploads\/2013\/04\/DIRECTIVA-2013.jpg\"><img loading=\"lazy\" class=\"alignleft size-medium wp-image-957\" alt=\"DIRECTIVA 2013\" src=\"https:\/\/www.laencamisa.es\/inicio\/wp-content\/uploads\/2013\/04\/DIRECTIVA-2013-300x210.jpg\" width=\"300\" height=\"210\" srcset=\"https:\/\/www.laencamisa.es\/inicio\/wp-content\/uploads\/2013\/04\/DIRECTIVA-2013-300x210.jpg 300w, https:\/\/www.laencamisa.es\/inicio\/wp-content\/uploads\/2013\/04\/DIRECTIVA-2013-426x300.jpg 426w, https:\/\/www.laencamisa.es\/inicio\/wp-content\/uploads\/2013\/04\/DIRECTIVA-2013.jpg 488w\" sizes=\"(max-width: 300px) 100vw, 300px\" \/><\/a>Ya ha pasado el verano, un verano muy caluroso por cierto y empieza el mayordomo con sus llamadas a todos los miembros de la Directiva para empezar a cuadrar las cuentas y ponerlo todo al d\u00eda para el nuevo a\u00f1o que comienza. Se prepara la asamblea de septiembre (renovaci\u00f3n de cargos, estado de cuentas, \u2026) con el fin de empezar a organizar las pr\u00f3ximas fiestas de nuestro \u201cSanto Patr\u00f3n\u201d.<\/p>\n<p>Conocemos a los nuevos directivos, nuevo mayordomo, gente con muchas ganas de trabajar por seguir haciendo de tan maravillosa fiesta la mejor del mundo.<\/p>\n<p>Ya bien entrado el mes de noviembre la chimenea de la casa de los bi\u00f1uelos no para de humear, la Directiva se re\u00fane para empezar a prepararlo todo, (publicidades, programa de actos, cata de aceite,\u2026) un mont\u00f3n de tareas repartidas entre todos nosotros.<\/p>\n<p>Caen las primeras heladas, ya va oliendo por las calles las primeras matanzas, cuantos vibros que llegan a las almazaras , alg\u00fan que otro jinete que se prepara y la Directiva recorri\u00e9ndose el pueblo con el reparto del programa.<\/p>\n<p>Como miembros de la Directiva queremos dar las gracias a todas las personas que desinteresadamente aportan todo lo que pueden para seguir haciendo las fiestas lo mejor posible. Tambi\u00e9n a todos aquellos que en su d\u00eda tuvieron que partir en busca de una vida mejor, para todos ellos y para que lo escuche el que m\u00e1s lejos est\u00e9 les damos muchos \u201cviva\u201d por nuestro Santo y que est\u00e9n donde est\u00e9n no olviden nunca el sentir Sanantonero como todo buen pele\u00f1o.<\/p>\n<p>\u00a1\u00a1\u00a1Viva San Ant\u00f3n!!!<\/p>\n<p>Sin m\u00e1s, un cordial saludo de la Directiva San Ant\u00f3n 2013<\/p>\n<p><strong>Saluda del Alcalde<\/strong><\/p>\n<p><a href=\"https:\/\/www.laencamisa.es\/inicio\/wp-content\/uploads\/2013\/04\/manuel-sanchez-custodio-2011.jpg\"><img loading=\"lazy\" class=\"alignleft size-medium wp-image-959\" alt=\"manuel sanchez custodio-2011\" src=\"https:\/\/www.laencamisa.es\/inicio\/wp-content\/uploads\/2013\/04\/manuel-sanchez-custodio-2011-238x300.jpg\" width=\"238\" height=\"300\" srcset=\"https:\/\/www.laencamisa.es\/inicio\/wp-content\/uploads\/2013\/04\/manuel-sanchez-custodio-2011-238x300.jpg 238w, https:\/\/www.laencamisa.es\/inicio\/wp-content\/uploads\/2013\/04\/manuel-sanchez-custodio-2011.jpg 305w\" sizes=\"(max-width: 238px) 100vw, 238px\" \/><\/a>Queridos pele\u00f1os y pele\u00f1as:<\/p>\n<p>Un a\u00f1o m\u00e1s la devoci\u00f3n inunda las calles de nuestro querido pueblo.<\/p>\n<p>Llegan las fiestas en Honor a nuestro Santo Patr\u00f3n, San Ant\u00f3n y nos disponemos a celebrar \u201cLa Encamis\u00e1\u201d. Con su llegada, Navalvillar de Pela se llena de calor y de luz. Sus calles rebosar\u00e1n alegr\u00eda y diversi\u00f3n. Sus vecinos volver\u00e1n a demostrar el esp\u00edritu hospitalario que los caracteriza, de nuevo abrir\u00e1n sus puertas y ofrecer\u00e1n, tanto a vecinos como forasteros, los ricos \u201cbi\u00f1uelos\u201d y el buen vino pitarrero de nuestra tierra. Y todo esto, a pesar de los tiempos dif\u00edciles que nos toca vivir.<\/p>\n<p>Y un a\u00f1o m\u00e1s, durante unas horas, esas dificultades quedar\u00e1n a un lado y se vivir\u00e1 intensamente ese esp\u00edritu de uni\u00f3n que caracteriza a todos los pele\u00f1os. Y con nuestros \u201cVivas San Ant\u00f3n\u201ddemostraremos una vez m\u00e1s, esa devoci\u00f3n a nuestro patr\u00f3n y ese amor a nuestra Fiesta de la \u201cEncamis\u00e1\u201d, declarada Fiesta de Inter\u00e9s Tur\u00edstico Regional.<\/p>\n<p>Para m\u00ed, es un orgullo ser Alcalde de Navalvillar de Pela, porque en momentos tan dif\u00edciles, nuestro pueblo es capaz de hacer un esfuerzo m\u00e1s para afrontar esta complicada situaci\u00f3n y durante unos d\u00edas dejar a un lado todos sus problemas para centrarse en una sola cuesti\u00f3n, demostrar con sus \u201cVivas\u201d la devoci\u00f3n que sentimos por nuestro Patr\u00f3n, San Ant\u00f3n.<\/p>\n<p>Gracias a todos por intentar con ah\u00ednco que en estas fechas la emoci\u00f3n, la diversi\u00f3n, la algarab\u00eda, la devoci\u00f3n religiosa, la hospitabilidad y sobre todo el SENTIR SANANTONERO, sean sentimientos que re\u00fanen en nuestras calles y en nuestro pueblo.<\/p>\n<p>Tambi\u00e9n las gracias a la Directiva de San Ant\u00f3n, que con su duro trabajo, un a\u00f1o m\u00e1s ha conseguido organizar las mejores fiestas ara el disfrute de todos los pele\u00f1os y pele\u00f1as. Sin olvidar a las se\u00f1oras que nos hacen los \u201cbi\u00f1uelos\u201d para hacer m\u00e1s dulce la noche. Deseo que este esp\u00edritu que durante estos d\u00edas del mes de Enero se respira por nuestro pueblo, nos acompa\u00f1e durante el resto del a\u00f1o y nos ayude a afrontar estos dif\u00edciles tiempos con un \u00e1nimo fuerte y renovado.<\/p>\n<p>Pele\u00f1os,Pele\u00f1as, \u00a1VIVA SAN ANT\u00d3N!<\/p>\n<p>Vuestro Alcalde.- Manuel S\u00e1nchez<\/p>\n","protected":false},"excerpt":{"rendered":"<p>Saluda de la Directiva Ya ha pasado el verano, un verano muy caluroso por cierto y empieza el mayordomo con sus llamadas a todos los miembros de la Directiva para empezar a cuadrar las cuentas y ponerlo todo al d\u00eda <span class=\"excerpt-dots\">&hellip;<\/span> <a class=\"more-link\" href=\"https:\/\/www.laencamisa.es\/inicio\/la-fiesta\/saludas\/saludas-2013\/\"><span class=\"more-msg\">Sigue leyendo &rarr;<\/span><\/a><\/p>\n","protected":false},"author":1,"featured_media":0,"parent":952,"menu_order":0,"comment_status":"closed","ping_status":"closed","template":"","meta":{"ngg_post_thumbnail":0,"_links_to":"","_links_to_target":""},"_links":{"self":[{"href":"https:\/\/www.laencamisa.es\/inicio\/wp-json\/wp\/v2\/pages\/429"}],"collection":[{"href":"https:\/\/www.laencamisa.es\/inicio\/wp-json\/wp\/v2\/pages"}],"about":[{"href":"https:\/\/www.laencamisa.es\/inicio\/wp-json\/wp\/v2\/types\/page"}],"author":[{"embeddable":true,"href":"https:\/\/www.laencamisa.es\/inicio\/wp-json\/wp\/v2\/users\/1"}],"replies":[{"embeddable":true,"href":"https:\/\/www.laencamisa.es\/inicio\/wp-json\/wp\/v2\/comments?post=429"}],"version-history":[{"count":8,"href":"https:\/\/www.laencamisa.es\/inicio\/wp-json\/wp\/v2\/pages\/429\/revisions"}],"predecessor-version":[{"id":2607,"href":"https:\/\/www.laencamisa.es\/inicio\/wp-json\/wp\/v2\/pages\/429\/revisions\/2607"}],"up":[{"embeddable":true,"href":"https:\/\/www.laencamisa.es\/inicio\/wp-json\/wp\/v2\/pages\/952"}],"wp:attachment":[{"href":"https:\/\/www.laencamisa.es\/inicio\/wp-json\/wp\/v2\/media?parent=429"}],"curies":[{"name":"wp","href":"https:\/\/api.w.org\/{rel}","templated":true}]}}