{"id":418,"date":"2013-04-16T19:24:35","date_gmt":"2013-04-16T19:24:35","guid":{"rendered":"http:\/\/www.laencamisa.es\/inicio\/?page_id=418"},"modified":"2026-01-04T11:36:53","modified_gmt":"2026-01-04T11:36:53","slug":"programas-de-fiesta","status":"publish","type":"page","link":"https:\/\/www.laencamisa.es\/inicio\/la-fiesta\/programas-de-fiesta\/","title":{"rendered":"Programas de Fiesta"},"content":{"rendered":"<p style=\"text-align:left;\">\n  <img loading=\"lazy\" class=\"alignright size-full wp-image-935\" src=\"https:\/\/www.laencamisa.es\/inicio\/wp-content\/uploads\/2013\/04\/programa-300x194.jpg\" alt=\"programa\" width=\"300\" height=\"194\">\n  Elige el a\u00f1o del programa de fiesta.\n<\/p>\n\n<p>\n  <select id=\"liste1\" name=\"liste1\">\n    <option value=\"https:\/\/www.laencamisa.es\/inicio\/la-fiesta\/programas-de-fiesta\/programa-de-fiesta-2026\/\">San Ant\u00f3n 2026<\/option>\n    <option value=\"https:\/\/www.laencamisa.es\/inicio\/la-fiesta\/programas-de-fiesta\/programa-de-fiesta-2024\/\">San Ant\u00f3n 2024<\/option>\n    <option value=\"https:\/\/www.laencamisa.es\/inicio\/la-fiesta\/programas-de-fiesta\/programa-de-fiesta-2023\/\">San Ant\u00f3n 2023<\/option>\n    <option value=\"https:\/\/www.laencamisa.es\/inicio\/la-fiesta\/programas-de-fiesta\/programa-de-fiesta-2021\/\">San Ant\u00f3n 2021<\/option>\n    <option value=\"https:\/\/www.laencamisa.es\/inicio\/la-fiesta\/programas-de-fiesta\/programa-de-fiesta-2020\/\">San Ant\u00f3n 2020<\/option>\n    <option value=\"https:\/\/www.laencamisa.es\/inicio\/la-fiesta\/programas-de-fiesta\/programa-de-fiesta-2019\/\">San Ant\u00f3n 2019<\/option>\n    <option value=\"https:\/\/www.laencamisa.es\/inicio\/la-fiesta\/programas-de-fiesta\/programa-de-fiesta-2018\/\">San Ant\u00f3n 2018<\/option>\n    <option value=\"https:\/\/www.laencamisa.es\/inicio\/la-fiesta\/programas-de-fiesta\/programa-de-fiesta-2017\/\">San Ant\u00f3n 2017<\/option>\n    <option value=\"https:\/\/www.laencamisa.es\/inicio\/la-fiesta\/programas-de-fiesta\/programa-de-fiesta-2016\/\">San Ant\u00f3n 2016<\/option>\n    <option value=\"https:\/\/www.laencamisa.es\/inicio\/la-fiesta\/programas-de-fiesta\/programa-de-fiesta-2015\/\">San Ant\u00f3n 2015<\/option>\n    <option value=\"https:\/\/www.laencamisa.es\/inicio\/la-fiesta\/programas-de-fiesta\/programa-de-fiesta-2014\/\">San Ant\u00f3n 2014<\/option>\n    <option value=\"https:\/\/www.laencamisa.es\/inicio\/la-fiesta\/programas-de-fiesta\/programa-de-fiesta-2013\/\">San Ant\u00f3n 2013<\/option>\n    <option value=\"https:\/\/www.laencamisa.es\/inicio\/la-fiesta\/programas-de-fiesta\/programa-de-fiesta-2012\/\">San Ant\u00f3n 2012<\/option>\n    <option value=\"https:\/\/www.laencamisa.es\/inicio\/la-fiesta\/programas-de-fiesta\/programa-de-fiesta-2011\/\">San Ant\u00f3n 2011<\/option>\n    <option value=\"https:\/\/www.laencamisa.es\/inicio\/la-fiesta\/programas-de-fiesta\/programa-de-fiesta-2010\/\">San Ant\u00f3n 2010<\/option>\n  <\/select>\n<\/p>\n\n<p>\n  <input type=\"button\" value=\"Consultar\" onclick=\"irPrograma()\">\n<\/p>\n\n<script>\nfunction irPrograma() {\n  const url = document.getElementById(\"liste1\").value;\n  if (url) {\n    window.location.href = url;\n  }\n}\n<\/script>\n\n\n\n<p><\/p>\n","protected":false},"excerpt":{"rendered":"<p>Elige el a\u00f1o del programa de fiesta. San Ant\u00f3n 2026San Ant\u00f3n 2024San Ant\u00f3n 2023San Ant\u00f3n 2021San Ant\u00f3n 2020San Ant\u00f3n 2019San Ant\u00f3n 2018San Ant\u00f3n 2017San Ant\u00f3n 2016San Ant\u00f3n 2015San Ant\u00f3n 2014San Ant\u00f3n 2013San Ant\u00f3n 2012San Ant\u00f3n 2011San Ant\u00f3n 2010<\/p>\n <a class=\"more-link\" href=\"https:\/\/www.laencamisa.es\/inicio\/la-fiesta\/programas-de-fiesta\/\"><span class=\"more-msg\">Sigue leyendo &rarr;<\/span><\/a>","protected":false},"author":1,"featured_media":0,"parent":200,"menu_order":9,"comment_status":"closed","ping_status":"closed","template":"","meta":{"ngg_post_thumbnail":0,"_links_to":"","_links_to_target":""},"_links":{"self":[{"href":"https:\/\/www.laencamisa.es\/inicio\/wp-json\/wp\/v2\/pages\/418"}],"collection":[{"href":"https:\/\/www.laencamisa.es\/inicio\/wp-json\/wp\/v2\/pages"}],"about":[{"href":"https:\/\/www.laencamisa.es\/inicio\/wp-json\/wp\/v2\/types\/page"}],"author":[{"embeddable":true,"href":"https:\/\/www.laencamisa.es\/inicio\/wp-json\/wp\/v2\/users\/1"}],"replies":[{"embeddable":true,"href":"https:\/\/www.laencamisa.es\/inicio\/wp-json\/wp\/v2\/comments?post=418"}],"version-history":[{"count":51,"href":"https:\/\/www.laencamisa.es\/inicio\/wp-json\/wp\/v2\/pages\/418\/revisions"}],"predecessor-version":[{"id":2919,"href":"https:\/\/www.laencamisa.es\/inicio\/wp-json\/wp\/v2\/pages\/418\/revisions\/2919"}],"up":[{"embeddable":true,"href":"https:\/\/www.laencamisa.es\/inicio\/wp-json\/wp\/v2\/pages\/200"}],"wp:attachment":[{"href":"https:\/\/www.laencamisa.es\/inicio\/wp-json\/wp\/v2\/media?parent=418"}],"curies":[{"name":"wp","href":"https:\/\/api.w.org\/{rel}","templated":true}]}}