{"id":411,"date":"2013-04-16T19:11:19","date_gmt":"2013-04-16T19:11:19","guid":{"rendered":"http:\/\/www.laencamisa.es\/inicio\/?page_id=411"},"modified":"2025-10-16T19:36:56","modified_gmt":"2025-10-16T19:36:56","slug":"pregones","status":"publish","type":"page","link":"https:\/\/www.laencamisa.es\/inicio\/la-fiesta\/pregones\/","title":{"rendered":"Pregones"},"content":{"rendered":"\n<p>Aqu\u00ed encontrar\u00e1s los pregones de fiesta realizados desde el a\u00f1o 2004.<\/p>\n\n\n\n    <link href=\"https:\/\/fonts.googleapis.com\/css?family=Open+Sans:300,400,600,700,800%7CShadows+Into+Light\" rel=\"stylesheet\" type=\"text\/css\">\n    <script type='text\/javascript' src='https:\/\/ajax.googleapis.com\/ajax\/libs\/jquery\/1.11.1\/jquery.min.js'><\/script>\n    <div id=\"gallery2845\" style=\"margin:0px auto;display:none;\">                <div data-type=\"youtube\"\n                    data-title=\"Preg\u00f3n San Ant\u00f3n 2026\"\n                    data-description=\"Preg\u00f3n San Ant\u00f3n 2026\"\n                    data-thumb=\"https:\/\/i.ytimg.com\/vi\/s7Lw9F2I-_k\/mqdefault.jpg\"\n                    data-image=\"https:\/\/i.ytimg.com\/vi\/s7Lw9F2I-_k\/sddefault.jpg\"\n                    data-videoid=\"s7Lw9F2I-_k\"><\/div>\n                            <div data-type=\"youtube\"\n                    data-title=\"Preg\u00f3n San Ant\u00f3n 2025\"\n                    data-description=\"Preg\u00f3n San Ant\u00f3n 2025\"\n                    data-thumb=\"https:\/\/i.ytimg.com\/vi\/Kh62bh-OeEU\/mqdefault.jpg\"\n                    data-image=\"https:\/\/i.ytimg.com\/vi\/Kh62bh-OeEU\/sddefault.jpg\"\n                    data-videoid=\"Kh62bh-OeEU\"><\/div>\n                            <div data-type=\"youtube\"\n                    data-title=\"Preg\u00f3n San Ant\u00f3n 2024\"\n                    data-description=\"Preg\u00f3n San Ant\u00f3n 2024\"\n                    data-thumb=\"https:\/\/i.ytimg.com\/vi\/qT7K43zYz-U\/mqdefault.jpg\"\n                    data-image=\"https:\/\/i.ytimg.com\/vi\/qT7K43zYz-U\/sddefault.jpg\"\n                    data-videoid=\"qT7K43zYz-U\"><\/div>\n                            <div data-type=\"youtube\"\n                    data-title=\"Preg\u00f3n San Ant\u00f3n 2023\"\n                    data-description=\"Preg\u00f3n San Ant\u00f3n 2023\"\n                    data-thumb=\"https:\/\/i.ytimg.com\/vi\/rqIjsbeEFvY\/mqdefault.jpg\"\n                    data-image=\"https:\/\/i.ytimg.com\/vi\/rqIjsbeEFvY\/sddefault.jpg\"\n                    data-videoid=\"rqIjsbeEFvY\"><\/div>\n                            <div data-type=\"youtube\"\n                    data-title=\"Preg\u00f3n San Ant\u00f3n 2022\"\n                    data-description=\"Preg\u00f3n San Ant\u00f3n 2022\"\n                    data-thumb=\"https:\/\/i.ytimg.com\/vi\/EL2Xt4kgDKg\/mqdefault.jpg\"\n                    data-image=\"https:\/\/i.ytimg.com\/vi\/EL2Xt4kgDKg\/sddefault.jpg\"\n                    data-videoid=\"EL2Xt4kgDKg\"><\/div>\n                            <div data-type=\"youtube\"\n                    data-title=\"Preg\u00f3n San Ant\u00f3n 2021\"\n                    data-description=\"Preg\u00f3n San Ant\u00f3n 2021\"\n                    data-thumb=\"https:\/\/i.ytimg.com\/vi\/jW-qF8-jJt4\/mqdefault.jpg\"\n                    data-image=\"https:\/\/i.ytimg.com\/vi\/jW-qF8-jJt4\/sddefault.jpg\"\n                    data-videoid=\"jW-qF8-jJt4\"><\/div>\n                            <div data-type=\"youtube\"\n                    data-title=\"Preg\u00f3n San Ant\u00f3n 2019\"\n                    data-description=\"Preg\u00f3n San Ant\u00f3n 2019\"\n                    data-thumb=\"https:\/\/i.ytimg.com\/vi\/jivyxC0d-oc\/mqdefault.jpg\"\n                    data-image=\"https:\/\/i.ytimg.com\/vi\/jivyxC0d-oc\/sddefault.jpg\"\n                    data-videoid=\"jivyxC0d-oc\"><\/div>\n                            <div data-type=\"youtube\"\n                    data-title=\"Preg\u00f3n San Ant\u00f3n 2018\"\n                    data-description=\"Preg\u00f3n San Ant\u00f3n 2018\"\n                    data-thumb=\"https:\/\/i.ytimg.com\/vi\/N9PZT0bEP5c\/mqdefault.jpg\"\n                    data-image=\"https:\/\/i.ytimg.com\/vi\/N9PZT0bEP5c\/sddefault.jpg\"\n                    data-videoid=\"N9PZT0bEP5c\"><\/div>\n                            <div data-type=\"youtube\"\n                    data-title=\"Preg\u00f3n San Ant\u00f3n 2017\"\n                    data-description=\"Preg\u00f3n San Ant\u00f3n 2017\"\n                    data-thumb=\"https:\/\/i.ytimg.com\/vi\/DYaHpuLhNj0\/mqdefault.jpg\"\n                    data-image=\"https:\/\/i.ytimg.com\/vi\/DYaHpuLhNj0\/sddefault.jpg\"\n                    data-videoid=\"DYaHpuLhNj0\"><\/div>\n                            <div data-type=\"youtube\"\n                    data-title=\"Preg\u00f3n San Ant\u00f3n 2016\"\n                    data-description=\"Preg\u00f3n San Ant\u00f3n 2016\"\n                    data-thumb=\"https:\/\/i.ytimg.com\/vi\/D_oYlDwQkV4\/mqdefault.jpg\"\n                    data-image=\"https:\/\/i.ytimg.com\/vi\/D_oYlDwQkV4\/sddefault.jpg\"\n                    data-videoid=\"D_oYlDwQkV4\"><\/div>\n                            <div data-type=\"youtube\"\n                    data-title=\"Preg\u00f3n San Ant\u00f3n 2015\"\n                    data-description=\"Preg\u00f3n San Ant\u00f3n 2015\"\n                    data-thumb=\"https:\/\/i.ytimg.com\/vi\/QvVl8KvyAI4\/mqdefault.jpg\"\n                    data-image=\"https:\/\/i.ytimg.com\/vi\/QvVl8KvyAI4\/sddefault.jpg\"\n                    data-videoid=\"QvVl8KvyAI4\"><\/div>\n                            <div data-type=\"youtube\"\n                    data-title=\"Preg\u00f3n San Ant\u00f3n 2014\"\n                    data-description=\"Preg\u00f3n San Ant\u00f3n 2014\"\n                    data-thumb=\"https:\/\/i.ytimg.com\/vi\/R-ZDJVXmP98\/mqdefault.jpg\"\n                    data-image=\"https:\/\/i.ytimg.com\/vi\/R-ZDJVXmP98\/sddefault.jpg\"\n                    data-videoid=\"R-ZDJVXmP98\"><\/div>\n                            <div data-type=\"youtube\"\n                    data-title=\"Preg\u00f3n San Ant\u00f3n 2013\"\n                    data-description=\"Preg\u00f3n San Ant\u00f3n 2013\"\n                    data-thumb=\"https:\/\/i.ytimg.com\/vi\/jJPEqb2Ortg\/mqdefault.jpg\"\n                    data-image=\"https:\/\/i.ytimg.com\/vi\/jJPEqb2Ortg\/sddefault.jpg\"\n                    data-videoid=\"jJPEqb2Ortg\"><\/div>\n                            <div data-type=\"youtube\"\n                    data-title=\"Preg\u00f3n San Ant\u00f3n 2012\"\n                    data-description=\"Preg\u00f3n San Ant\u00f3n 2012\"\n                    data-thumb=\"https:\/\/i.ytimg.com\/vi\/qGrMglg-nLs\/mqdefault.jpg\"\n                    data-image=\"https:\/\/i.ytimg.com\/vi\/qGrMglg-nLs\/sddefault.jpg\"\n                    data-videoid=\"qGrMglg-nLs\"><\/div>\n                            <div data-type=\"youtube\"\n                    data-title=\"Preg\u00f3n San Ant\u00f3n 2011\"\n                    data-description=\"Preg\u00f3n San Ant\u00f3n 2011\"\n                    data-thumb=\"https:\/\/i.ytimg.com\/vi\/ZPRzY5ayGvA\/mqdefault.jpg\"\n                    data-image=\"https:\/\/i.ytimg.com\/vi\/ZPRzY5ayGvA\/sddefault.jpg\"\n                    data-videoid=\"ZPRzY5ayGvA\"><\/div>\n                            <div data-type=\"youtube\"\n                    data-title=\"Preg\u00f3n San Ant\u00f3n 2010\"\n                    data-description=\"Preg\u00f3n San Ant\u00f3n 2010\"\n                    data-thumb=\"https:\/\/i.ytimg.com\/vi\/ZPRzY5ayGvA\/mqdefault.jpg\"\n                    data-image=\"https:\/\/i.ytimg.com\/vi\/ZPRzY5ayGvA\/sddefault.jpg\"\n                    data-videoid=\"ZPRzY5ayGvA\"><\/div>\n                            <div data-type=\"youtube\"\n                    data-title=\"Preg\u00f3n San Ant\u00f3n 2009\"\n                    data-description=\"Preg\u00f3n San Ant\u00f3n 2009\"\n                    data-thumb=\"https:\/\/i.ytimg.com\/vi\/lysR19-Tp-s\/mqdefault.jpg\"\n                    data-image=\"https:\/\/i.ytimg.com\/vi\/lysR19-Tp-s\/sddefault.jpg\"\n                    data-videoid=\"lysR19-Tp-s\"><\/div>\n                            <div data-type=\"youtube\"\n                    data-title=\"Preg\u00f3n San Ant\u00f3n 2008\"\n                    data-description=\"Preg\u00f3n San Ant\u00f3n 2008\"\n                    data-thumb=\"https:\/\/i.ytimg.com\/vi\/ABOvyT3ZzOc\/mqdefault.jpg\"\n                    data-image=\"https:\/\/i.ytimg.com\/vi\/ABOvyT3ZzOc\/sddefault.jpg\"\n                    data-videoid=\"ABOvyT3ZzOc\"><\/div>\n                            <div data-type=\"youtube\"\n                    data-title=\"Preg\u00f3n San Ant\u00f3n 2007\"\n                    data-description=\"Preg\u00f3n San Ant\u00f3n 2007\"\n                    data-thumb=\"https:\/\/i.ytimg.com\/vi\/SWf_oP5_pCE\/mqdefault.jpg\"\n                    data-image=\"https:\/\/i.ytimg.com\/vi\/SWf_oP5_pCE\/sddefault.jpg\"\n                    data-videoid=\"SWf_oP5_pCE\"><\/div>\n                            <div data-type=\"youtube\"\n                    data-title=\"Preg\u00f3n San Ant\u00f3n 2006\"\n                    data-description=\"Preg\u00f3n San Ant\u00f3n 2006\"\n                    data-thumb=\"https:\/\/i.ytimg.com\/vi\/OBiVY6Tle8A\/mqdefault.jpg\"\n                    data-image=\"https:\/\/i.ytimg.com\/vi\/OBiVY6Tle8A\/sddefault.jpg\"\n                    data-videoid=\"OBiVY6Tle8A\"><\/div>\n                            <div data-type=\"youtube\"\n                    data-title=\"Preg\u00f3n San Ant\u00f3n 2005\"\n                    data-description=\"Preg\u00f3n San Ant\u00f3n 2005\"\n                    data-thumb=\"https:\/\/i.ytimg.com\/vi\/NXOSx95pdnU\/mqdefault.jpg\"\n                    data-image=\"https:\/\/i.ytimg.com\/vi\/NXOSx95pdnU\/sddefault.jpg\"\n                    data-videoid=\"NXOSx95pdnU\"><\/div>\n                            <div data-type=\"youtube\"\n                    data-title=\"Preg\u00f3n San Ant\u00f3n 2004\"\n                    data-description=\"Preg\u00f3n San Ant\u00f3n 2004\"\n                    data-thumb=\"https:\/\/i.ytimg.com\/vi\/hI6D7wu2sz8\/mqdefault.jpg\"\n                    data-image=\"https:\/\/i.ytimg.com\/vi\/hI6D7wu2sz8\/sddefault.jpg\"\n                    data-videoid=\"hI6D7wu2sz8\"><\/div>\n            <\/div>        <script>\n            jQuery(document).ready(function() {\n                jQuery(\"#gallery2845\").unitegallery({\n                    gallery_theme: \"video\",\n                    gallery_width: 1100,\n                    gallery_height: 450,\n                    theme_autoplay: false,\n                });\n            });\n        <\/script>\n    \n\n\n\n\n<p>Arrastra arriba o bajo con el puntero la lista de la derecha<\/p>\n\n\n\n<p><img loading=\"lazy\" class=\"alignright size-medium wp-image-632\" src=\"https:\/\/www.laencamisa.es\/inicio\/wp-content\/uploads\/2013\/04\/pregon-300x194.jpg\" alt=\"pregon\" width=\"237\" height=\"154\" srcset=\"https:\/\/www.laencamisa.es\/inicio\/wp-content\/uploads\/2013\/04\/pregon-300x194.jpg 300w, https:\/\/www.laencamisa.es\/inicio\/wp-content\/uploads\/2013\/04\/pregon.jpg 400w\" sizes=\"(max-width: 237px) 100vw, 237px\" \/><span id=\"Total_Soft_Gallery_Video_ID\"><\/span><\/p>\n<p>&nbsp;<\/p>\n<p><code><\/code><span style=\"color: #ffffff; background-color: #ff6600;\">Pregones en texto, elige el a\u00f1o:<\/span><\/p>\n<p><select id=\"liste1\" name=\"liste1\">\n<option value=\"www.laencamisa.es\/inicio\/la-fiesta\/pregones\/pregon-san-anton-2016\/\">San Ant\u00f3n 2016<\/option>\n<option value=\"www.laencamisa.es\/inicio\/la-fiesta\/pregones\/pregon-san-anton-2015\/\">San Ant\u00f3n 2015<\/option>\n<option value=\"www.laencamisa.es\/inicio\/la-fiesta\/pregones\/pregon-san-anton-2014\/\">San Ant\u00f3n 2014<\/option>\n<option value=\"www.laencamisa.es\/inicio\/la-fiesta\/pregones\/pregon-san-anton-2013\/\">San Ant\u00f3n 2013<\/option>\n<option value=\"www.laencamisa.es\/inicio\/la-fiesta\/pregones\/pregon-san-anton-2010\/\">San Ant\u00f3n 2010<\/option>\n<\/select><\/p>\n<p style=\"text-align: left;\"><input type=\"button\" value=\"Consultar\"><\/p>\n\n\n\n<p><\/p>\n","protected":false},"excerpt":{"rendered":"<p>Aqu\u00ed encontrar\u00e1s los pregones de fiesta realizados desde el a\u00f1o 2004. Arrastra arriba o bajo con el puntero la lista de la derecha &nbsp; Pregones en texto, elige el a\u00f1o: San Ant\u00f3n 2016San Ant\u00f3n 2015San Ant\u00f3n 2014San Ant\u00f3n 2013San Ant\u00f3n <span class=\"excerpt-dots\">&hellip;<\/span> <a class=\"more-link\" href=\"https:\/\/www.laencamisa.es\/inicio\/la-fiesta\/pregones\/\"><span class=\"more-msg\">Sigue leyendo &rarr;<\/span><\/a><\/p>\n","protected":false},"author":1,"featured_media":0,"parent":200,"menu_order":8,"comment_status":"closed","ping_status":"closed","template":"","meta":{"ngg_post_thumbnail":0,"_links_to":"","_links_to_target":""},"_links":{"self":[{"href":"https:\/\/www.laencamisa.es\/inicio\/wp-json\/wp\/v2\/pages\/411"}],"collection":[{"href":"https:\/\/www.laencamisa.es\/inicio\/wp-json\/wp\/v2\/pages"}],"about":[{"href":"https:\/\/www.laencamisa.es\/inicio\/wp-json\/wp\/v2\/types\/page"}],"author":[{"embeddable":true,"href":"https:\/\/www.laencamisa.es\/inicio\/wp-json\/wp\/v2\/users\/1"}],"replies":[{"embeddable":true,"href":"https:\/\/www.laencamisa.es\/inicio\/wp-json\/wp\/v2\/comments?post=411"}],"version-history":[{"count":62,"href":"https:\/\/www.laencamisa.es\/inicio\/wp-json\/wp\/v2\/pages\/411\/revisions"}],"predecessor-version":[{"id":2866,"href":"https:\/\/www.laencamisa.es\/inicio\/wp-json\/wp\/v2\/pages\/411\/revisions\/2866"}],"up":[{"embeddable":true,"href":"https:\/\/www.laencamisa.es\/inicio\/wp-json\/wp\/v2\/pages\/200"}],"wp:attachment":[{"href":"https:\/\/www.laencamisa.es\/inicio\/wp-json\/wp\/v2\/media?parent=411"}],"curies":[{"name":"wp","href":"https:\/\/api.w.org\/{rel}","templated":true}]}}