{"id":396,"date":"2013-04-16T18:42:03","date_gmt":"2013-04-16T18:42:03","guid":{"rendered":"http:\/\/www.laencamisa.es\/inicio\/?page_id=396"},"modified":"2025-10-16T19:13:45","modified_gmt":"2025-10-16T19:13:45","slug":"videos","status":"publish","type":"page","link":"https:\/\/www.laencamisa.es\/inicio\/la-fiesta\/mas\/videos\/","title":{"rendered":"V\u00eddeos"},"content":{"rendered":"\n<p> En esta secci\u00f3n podemos visualizar videos relacionados con La Encamis\u00e1 y San Ant\u00f3n. Puedes seguir todos nuestro v\u00eddeos en nuestro canal de youtube: <a href=\"https:\/\/www.youtube.com\/channel\/UClNx1fQ4UT-vcoo_x7rcKsg\">acsanavalvillar<\/a> <\/p>\n\n\n\n<figure class=\"wp-block-embed is-type-video is-provider-youtube wp-block-embed-youtube wp-embed-aspect-16-9 wp-has-aspect-ratio\"><div class=\"wp-block-embed__wrapper\">\n<iframe loading=\"lazy\" title=\"San Ant\u00f3n 2025. La Encamis\u00e1 de Navalvillar de Pela\" width=\"1100\" height=\"619\" src=\"https:\/\/www.youtube.com\/embed\/70DFAEBNOh0?feature=oembed\" frameborder=\"0\" allow=\"accelerometer; autoplay; clipboard-write; encrypted-media; gyroscope; picture-in-picture; web-share\" referrerpolicy=\"strict-origin-when-cross-origin\" allowfullscreen><\/iframe>\n<\/div><figcaption>Fiestas de San Ant\u00f3n. La Encamis\u00e1 de Navalvillar de Pea, Carrera de san Ant\u00f3n.<\/figcaption><\/figure>\n\n\n\n<figure class=\"wp-block-embed is-type-video is-provider-youtube wp-block-embed-youtube wp-embed-aspect-16-9 wp-has-aspect-ratio\"><div class=\"wp-block-embed__wrapper\">\n<iframe loading=\"lazy\" title=\"La Encamis\u00e1-Carrera de San Ant\u00f3n. PROMOCIONAL 2017\" width=\"1100\" height=\"619\" src=\"https:\/\/www.youtube.com\/embed\/rDe9rTMQvbw?start=5&#038;feature=oembed\" frameborder=\"0\" allow=\"accelerometer; autoplay; clipboard-write; encrypted-media; gyroscope; picture-in-picture; web-share\" referrerpolicy=\"strict-origin-when-cross-origin\" allowfullscreen><\/iframe>\n<\/div><figcaption> V\u00eddeo promocional producido por el Ayuntamiento de Navalvillar de Pela. 2017<br><\/figcaption><\/figure>\n\n\n\n<div class=\"wp-container-1 wp-block-group\"><div class=\"wp-block-group__inner-container\">\n<figure class=\"wp-block-embed is-type-video is-provider-youtube wp-block-embed-youtube wp-embed-aspect-16-9 wp-has-aspect-ratio\"><div class=\"wp-block-embed__wrapper\">\n<iframe loading=\"lazy\" title=\"Fiestas de Inter\u00e9s Tur\u00edstico de Badajoz: La Encamis\u00e1 (Navalvillar de Pela)\" width=\"1100\" height=\"619\" src=\"https:\/\/www.youtube.com\/embed\/tGQyJfOkBRY?feature=oembed\" frameborder=\"0\" allow=\"accelerometer; autoplay; clipboard-write; encrypted-media; gyroscope; picture-in-picture; web-share\" referrerpolicy=\"strict-origin-when-cross-origin\" allowfullscreen><\/iframe>\n<\/div><figcaption>Video promocional de Diputacion de Badajoz. 2021<br><\/figcaption><\/figure>\n<\/div><\/div>\n\n\n\n<figure class=\"wp-block-embed is-type-video is-provider-youtube wp-block-embed-youtube wp-embed-aspect-16-9 wp-has-aspect-ratio\"><div class=\"wp-block-embed__wrapper\">\n<iframe loading=\"lazy\" title=\"Reportaje de La Encamisa en Canal Extremadura.2012\" width=\"1100\" height=\"619\" src=\"https:\/\/www.youtube.com\/embed\/WIRhJc_RXl4?feature=oembed\" frameborder=\"0\" allow=\"accelerometer; autoplay; clipboard-write; encrypted-media; gyroscope; picture-in-picture; web-share\" referrerpolicy=\"strict-origin-when-cross-origin\" allowfullscreen><\/iframe>\n<\/div><figcaption>  Reportaje en Canal Extremadura 2012 <br><\/figcaption><\/figure>\n\n\n\n<figure class=\"wp-block-embed is-type-video is-provider-youtube wp-block-embed-youtube wp-embed-aspect-16-9 wp-has-aspect-ratio\"><div class=\"wp-block-embed__wrapper\">\n<iframe loading=\"lazy\" title=\"Fiestas de San Ant\u00f3n-La Encamis\u00e1 en Canal Extremadura\" width=\"1100\" height=\"619\" src=\"https:\/\/www.youtube.com\/embed\/bDTFudfoZBM?feature=oembed\" frameborder=\"0\" allow=\"accelerometer; autoplay; clipboard-write; encrypted-media; gyroscope; picture-in-picture; web-share\" referrerpolicy=\"strict-origin-when-cross-origin\" allowfullscreen><\/iframe>\n<\/div><figcaption>Reportaje en Canal Extremadura 2014<br><\/figcaption><\/figure>\n\n\n\n<figure class=\"wp-block-embed is-type-video is-provider-youtube wp-block-embed-youtube wp-embed-aspect-4-3 wp-has-aspect-ratio\"><div class=\"wp-block-embed__wrapper\">\n<iframe loading=\"lazy\" title=\"Reportaje de La Encamis\u00e1 de Navalvillar de Pela.Carrera de San Ant\u00f3n\" width=\"1100\" height=\"825\" src=\"https:\/\/www.youtube.com\/embed\/KjDrCZQ20dM?feature=oembed\" frameborder=\"0\" allow=\"accelerometer; autoplay; clipboard-write; encrypted-media; gyroscope; picture-in-picture; web-share\" referrerpolicy=\"strict-origin-when-cross-origin\" allowfullscreen><\/iframe>\n<\/div><figcaption> Reportaje en Canal Extremadura 2012<br><\/figcaption><\/figure>\n\n\n\n<figure class=\"wp-block-embed is-type-video is-provider-youtube wp-block-embed-youtube wp-embed-aspect-16-9 wp-has-aspect-ratio\"><div class=\"wp-block-embed__wrapper\">\n<iframe loading=\"lazy\" title=\"San Ant\u00f3n 2024. La Encamis\u00e1 de Navalvillar de Pela\" width=\"1100\" height=\"619\" src=\"https:\/\/www.youtube.com\/embed\/W-MPS2_aGFc?feature=oembed\" frameborder=\"0\" allow=\"accelerometer; autoplay; clipboard-write; encrypted-media; gyroscope; picture-in-picture; web-share\" referrerpolicy=\"strict-origin-when-cross-origin\" allowfullscreen><\/iframe>\n<\/div><figcaption>San Ant\u00f3n 2024<\/figcaption><\/figure>\n\n\n\n<figure class=\"wp-block-embed is-type-video is-provider-youtube wp-block-embed-youtube wp-embed-aspect-4-3 wp-has-aspect-ratio\"><div class=\"wp-block-embed__wrapper\">\n<iframe loading=\"lazy\" title=\"Bajada del Santo 2008.Navalvillar de Pela\" width=\"1100\" height=\"825\" src=\"https:\/\/www.youtube.com\/embed\/xa2ItaW92ZE?feature=oembed\" frameborder=\"0\" allow=\"accelerometer; autoplay; clipboard-write; encrypted-media; gyroscope; picture-in-picture; web-share\" referrerpolicy=\"strict-origin-when-cross-origin\" allowfullscreen><\/iframe>\n<\/div><figcaption>Bajada del Santo 2008<\/figcaption><\/figure>\n","protected":false},"excerpt":{"rendered":"<p>En esta secci\u00f3n podemos visualizar videos relacionados con La Encamis\u00e1 y San Ant\u00f3n. Puedes seguir todos nuestro v\u00eddeos en nuestro canal de youtube: acsanavalvillar<\/p>\n <a class=\"more-link\" href=\"https:\/\/www.laencamisa.es\/inicio\/la-fiesta\/mas\/videos\/\"><span class=\"more-msg\">Sigue leyendo &rarr;<\/span><\/a>","protected":false},"author":1,"featured_media":0,"parent":1836,"menu_order":5,"comment_status":"closed","ping_status":"closed","template":"","meta":{"ngg_post_thumbnail":0,"_links_to":"","_links_to_target":""},"_links":{"self":[{"href":"https:\/\/www.laencamisa.es\/inicio\/wp-json\/wp\/v2\/pages\/396"}],"collection":[{"href":"https:\/\/www.laencamisa.es\/inicio\/wp-json\/wp\/v2\/pages"}],"about":[{"href":"https:\/\/www.laencamisa.es\/inicio\/wp-json\/wp\/v2\/types\/page"}],"author":[{"embeddable":true,"href":"https:\/\/www.laencamisa.es\/inicio\/wp-json\/wp\/v2\/users\/1"}],"replies":[{"embeddable":true,"href":"https:\/\/www.laencamisa.es\/inicio\/wp-json\/wp\/v2\/comments?post=396"}],"version-history":[{"count":21,"href":"https:\/\/www.laencamisa.es\/inicio\/wp-json\/wp\/v2\/pages\/396\/revisions"}],"predecessor-version":[{"id":2865,"href":"https:\/\/www.laencamisa.es\/inicio\/wp-json\/wp\/v2\/pages\/396\/revisions\/2865"}],"up":[{"embeddable":true,"href":"https:\/\/www.laencamisa.es\/inicio\/wp-json\/wp\/v2\/pages\/1836"}],"wp:attachment":[{"href":"https:\/\/www.laencamisa.es\/inicio\/wp-json\/wp\/v2\/media?parent=396"}],"curies":[{"name":"wp","href":"https:\/\/api.w.org\/{rel}","templated":true}]}}