{"id":359,"date":"2013-02-19T21:02:19","date_gmt":"2013-02-19T21:02:19","guid":{"rendered":"http:\/\/www.laencamisa.es\/inicio\/?page_id=359"},"modified":"2013-08-01T23:39:01","modified_gmt":"2013-08-01T23:39:01","slug":"lugares-de-interes","status":"publish","type":"page","link":"https:\/\/www.laencamisa.es\/inicio\/navalvillar-de-pela\/lugares-de-interes\/","title":{"rendered":"Lugares de Inter\u00e9s"},"content":{"rendered":"<p><strong>ERMITA DE LA CARIDAD<\/strong><\/p>\n<p>Construcci\u00f3n de peque\u00f1as proporciones, con nave de tres tramos cubierta mediante b\u00f3veda de lunetos sobre arcos de medio punto, y cabermita de la Caridadecera cupulada de reducido testero posterior.<\/p>\n<p style=\"text-align: left;\"><img loading=\"lazy\" class=\"ngg-singlepic ngg-left alignleft\" alt=\"ermita-de-la-caridad\" src=\"https:\/\/www.laencamisa.es\/inicio\/wp-content\/gallery\/lugares-de-interes\/ermita-de-la-caridad.jpg\" width=\"410\" height=\"545\" \/>En uno de los costados presenta peque\u00f1a portada con vano adintelado, acogida bajo arco cobijo en avance. La obra, originaria del siglo XVII, presenta numerosas remodelaciones de \u00e9poca posterior, entre ellas la fachada principal, levantada de nuevo en 1980.<br \/>\nSe ha encontrado en uno de sus muros una escultura femenina de gran valor hist\u00f3rico-art\u00edstico, de la que algunos arque\u00f3logos han afirmado que posee caracter\u00edsticas del arte ib\u00e9rico; de unos 60 cms. de altura, est\u00e1 esculpida en piedra, en posici\u00f3n estante (orante seg\u00fan la forma de sus brazos), de expresi\u00f3n ingenua y rasgos simples en sus vestiduras, si bien se observan algunos adornos que rodean la cabeza.<\/p>\n<p style=\"text-align: left;\"><strong>ERMITA DE SAN ANT\u00d3N<\/strong><\/p>\n<p style=\"text-align: left;\">Es la antigua iglesia parroquial de Santa Catalina de Alejandr\u00eda, derruida en parte al haberse demolido en los a\u00f1os 80 la nave principal a causa de la grave ruina que la amenazaba. El edificio es obra del siglo XVIII con numerosas transformaciones de \u00e9pocas m\u00e1s tard\u00edas. La cabecera es de planta cuadrangular, ejecutada en mamposter\u00eda, con estribos angulares y un peque\u00f1o ed\u00edculo adosado sobre el testero.<br \/>\n<img class=\"ngg-singlepic ngg-left alignleft\" alt=\"ermisa-san-anton\" src=\"https:\/\/www.laencamisa.es\/inicio\/wp-content\/gallery\/lugares-de-interes\/ermisa-san-anton.jpg\" \/>El cuerpo exterior de la c\u00fapula que la cubre se dispone inscrito sobre otro inferior, originando una inusual estructura arquitect\u00f3nica. Una min\u00fascula linternilla remata sobre las tejas el cuerpo superior.<br \/>\nEl arco toral ha sido cerrado por la parte frontal mediante un muro de ladrillo sin enlucir, con un arco de medio punto para el acceso. La desaparecida nave era de tres tramos con capillas laterales entre estribos y cubierta de madera a dos aguas sobre pi\u00f1ones.<\/p>\n<p style=\"text-align: left;\"><strong>IGLESIA PARROQUIAL<\/strong><\/p>\n<p>Inaugurada en 1986, la actual iglesia parroquial est\u00e1 consagrada a Santa Catalina de Alejandr\u00eda. De grandes proporciones, consta de una sola nave que alberga algunas im\u00e1genes de la antigua parroquia as\u00ed como relieves en madera.En su fachada exterior se exponen unos ladrillos bendecido por el Papa Juan Puablo.<br \/>\n<img class=\"ngg-singlepic ngg-none\" alt=\"iglesia-santa-catalina-de-alejandria\" src=\"https:\/\/www.laencamisa.es\/inicio\/wp-content\/gallery\/lugares-de-interes\/iglesia-santa-catalina-de-alejandria.jpg\" \/><br \/>\n<strong>ARQUITECTURA POPULAR<\/strong><\/p>\n<p><img loading=\"lazy\" class=\"ngg-singlepic ngg-left alignleft\" style=\"margin: 3px;\" alt=\"casa-tipica-serrana\" src=\"https:\/\/www.laencamisa.es\/inicio\/wp-content\/gallery\/lugares-de-interes\/casa-tipica-serrana.jpg\" width=\"182\" height=\"138\" \/>La arquitectura popular tradicional queda representada en numerosas viviendas que a\u00fan muestran las caracter\u00edsticas seculares dominantes en las realizaciones peculiares en ciertos sectores serranos.<\/p>\n<p>Se trata de peque\u00f1as edificaciones de una sola planta, con fachada de piedra sin enlucir, hoy encalada, puerta con vano de arco cobijado en otro, o enfatizada mediante estribos, tejaroz y otros elementos y ventanas de reducidas dimensiones.<br \/>\nNumerosos ejemplos de singular pintoresquismo perduran en las calles Matalobos, Nueva, Caridad, M\u00e1rtires, Pilar..<br \/>\n<img class=\"ngg-singlepic ngg-none\" alt=\"arquitectura-popular\" src=\"https:\/\/www.laencamisa.es\/inicio\/wp-content\/gallery\/lugares-de-interes\/arquitectura-popular.jpg\" \/><\/p>\n<p><strong>CIUDAD ANTIGUA LACIMURGA<\/strong><\/p>\n<p>Antonio Aguilar Sa\u00e9nz y Pascal Guichard, en su libro La ciudad antigua de Lacimurga y su entorno rural,\u00bb<em>demuestran<\/em>\u00bb con toda claridad que en nuestro t\u00e9rmino municipal se hallaba la antigua ciudad romana de Lacimurga Constantia lulia.<br \/>\n<img class=\"ngg-singlepic ngg-left\" alt=\"catas\" src=\"https:\/\/www.laencamisa.es\/inicio\/wp-content\/gallery\/lugares-de-interes\/catas.jpg\" \/>Era un municipio de derecho latino y de acuerdo con el cognomen lulia parece ser una fundaci\u00f3n cesariana. Ubicada en el cerro de Cogolludo (Navalvillar de Pela-Puebla de Alcocer), es la reutilizaci\u00f3n m\u00e1s importante de un asentamiento prerromano en la zona.<\/p>\n<p>Bien es cierto, que no esta demostrado que Lacimurga de Navalvillar sea realmente la que lleva como apellidos \u00abConstantia Iulia\u00bb,\u00a0 ciudad a\u00fan no situada con exactitud por los expertos en la materia.<\/p>\n<p><img loading=\"lazy\" class=\"ngg-singlepic ngg-none alignleft\" style=\"margin: 5px;\" alt=\"moneda\" src=\"https:\/\/www.laencamisa.es\/inicio\/wp-content\/gallery\/lugares-de-interes\/moneda.jpg\" width=\"277\" height=\"227\" \/>Situada en la orilla derecha del r\u00edo Guadiana, su posici\u00f3n le permiti\u00f3 dominar uno de los vados del ri\u00f3 Guadiana y ser paso natural importante que sin dumonedas encontradasda sirvi\u00f3 para poner en contacto Andaluc\u00eda con la Meseta.<br \/>\nDebi\u00f3 de ejercer como centro urbano principal con una fuerte influencia sobre un entorno rural en sus alrededores, donde se localizan numerosos restos: villas con obras hidr\u00e1ulicas, pueblos o vicus, minas\u2026<br \/>\nLas excavaciones realizadas hasta la fecha han puesto al descubierto bases de su muralla exterior, muros de varias casas, necr\u00f3polis o cementerio, dep\u00f3sito de agua para el abastecimiento, termas o ba\u00f1os p\u00fablicos\u2026<\/p>\n<p><strong>Dehesa de Moheda Alta<\/strong><br \/>\n<strong> Parque Periurbano de Conservaci\u00f3n y Ocio \u201d Dehesa de Moheda Alta \u201c<\/strong><\/p>\n<p><img loading=\"lazy\" class=\"ngg-singlepic ngg-left alignleft\" style=\"margin: 10px;\" alt=\"moheda-alta\" src=\"https:\/\/www.laencamisa.es\/inicio\/wp-content\/gallery\/lugares-de-interes\/moheda-alta.jpg\" width=\"153\" height=\"132\" \/>La Dehesa de Moheda Alta se encuentra en la cabecera de la comarca de Vegas Altas del Guadiana, a medio camino entre la Sierra de Pela y las sierras de las Villuercas. Se trata de una extensa superficie de dehesas que permanecieron a salvo de las transformaciones en regad\u00edo realizadas con el Plan Badajoz por tratarse de terrenos menos aptos para el cultivo y por mantener explotaciones agr\u00edcolas y ganaderas cuyos propietarios no quisieron convertir regad\u00edos.<\/p>\n<p>Localizada en el t\u00e9rmino municipal de Navalvillar de Pela, con una extensi\u00f3n de 150 hect\u00e1reas y enclavada en una llanura entre los r\u00edos Cubilar y Ruecas, fue declarada Parque Periurbano de Conservaci\u00f3n y Ocio por la Junta de Extremadura el 6 de marzo de 2001<\/p>\n<p><img loading=\"lazy\" class=\"ngg-singlepic ngg-left alignleft\" alt=\"moheda-alta-2\" src=\"https:\/\/www.laencamisa.es\/inicio\/wp-content\/gallery\/lugares-de-interes\/moheda-alta-2.jpg\" width=\"307\" height=\"461\" \/>Esta finca fue adquirida por el Ayuntamiento de Navalvillar de Pela en 1999 dada la trascendencia hist\u00f3rica que tiene para todos sus vecinos, pues desde tiempo inmemorial se celebra en ella la \u201cRomer\u00eda del Lunes de Pascua\u201d y porque en una de las encinas que hay, la llamada Encina \u201cEl Convenio\u201d se celebraban las reuniones entre los alcaldes de los municipios circundantes cuando era necesario debatir sobre cuestiones que les afectaran entre ellos.<\/p>\n<p>Moheda Alta ,las dehesas colindantes, la Sierra de Pela y el embalse de Orellana se convierten durante buena parte del a\u00f1o en una de las mayores reservas de grullas de Europa (cerca de 30.000 ejemplares). Este n\u00famero equivale al 70% de grullas de Extremadura y al 30% de grullas del conjunto de Espa\u00f1a.<\/p>\n<p>Los embalses y regad\u00edos pr\u00f3ximos sienten desde el oto\u00f1o su presencia y la de multitud de aves que nos acompa\u00f1an hasta la primavera.<\/p>\n<p>La dehesa de Moheda Alta se compone exclusivamente de encinas, mostrando \u00e9stas una gran variedad de edades y estados de desarrollo. Aunque la mayor parte de los pies est\u00e1n bien formados, existe una alta densidad de chaparros y \u00e1rboles de edades intermedias que nunca han sido podados por el hombre. Por esta raz\u00f3n, el Parque Periurbano pretende desarrollar una actividad divulgativa centrada en ense\u00f1ar la intervenci\u00f3n del hombre en la creaci\u00f3n de las dehesas y como se ha logrado un modelo de aprovechamiento sostenible y respetuoso con el medio ambiente.<\/p>\n<p><img loading=\"lazy\" class=\"ngg-singlepic ngg-left alignleft\" alt=\"encina-convenio\" src=\"https:\/\/www.laencamisa.es\/inicio\/wp-content\/gallery\/lugares-de-interes\/encina-convenio.jpg\" width=\"256\" height=\"193\" \/>Al estar el parque periurbano dentro de la red de Espacios Protegidos de Extremadura, el Ayuntamiento y la Junta de Extremadura persiguen los siguientes objetivos: aunar conservaci\u00f3n con el desarrollo y disfrute respetuoso de la poblaci\u00f3n manteniendo los usos tradicionales. Para ello se est\u00e1n llevando a cabo actuaciones que permitan la observaci\u00f3n y el conocimiento de la riqueza ambiental del Espacio Protegido sirviendo adem\u00e1s de motor para el desarrollo tur\u00edstico y socioecon\u00f3mico del municipio.<\/p>\n<p>La instalaci\u00f3n cuenta con:<\/p>\n<p>&#8211; Restaurante<\/p>\n<p>&#8211; Centro de interpretaci\u00f3n de aves, con la hist\u00f3rica encina \u00bb El Convenio\u00bb.<\/p>\n<p>&#8211; Albergues tipo \u00abchozos\u00bb, totalmente climatizados<\/p>\n<p>&#8211; Aparcamientos<\/p>\n<p>&#8211; Miradores y cajas de nidos<\/p>\n<p>&#8211; Rutas para el avistamiento de grullas.<\/p>\n<p><strong> Sierra de Pela y Embalse de Orellana<br \/>\n<span style=\"text-decoration: underline;\"><a title=\"Naturaleza\" href=\"https:\/\/www.laencamisa.es\/inicio\/navalvillar-de-pela\/naturaleza\/\"><span style=\"color: #c0c0c0; text-decoration: underline;\">Ir al enlace<\/span><\/a><\/span><\/strong><\/p>\n","protected":false},"excerpt":{"rendered":"<p>ERMITA DE LA CARIDAD Construcci\u00f3n de peque\u00f1as proporciones, con nave de tres tramos cubierta mediante b\u00f3veda de lunetos sobre arcos de medio punto, y cabermita de la Caridadecera cupulada de reducido testero posterior. En uno de los costados presenta peque\u00f1a <span class=\"excerpt-dots\">&hellip;<\/span> <a class=\"more-link\" href=\"https:\/\/www.laencamisa.es\/inicio\/navalvillar-de-pela\/lugares-de-interes\/\"><span class=\"more-msg\">Sigue leyendo &rarr;<\/span><\/a><\/p>\n","protected":false},"author":1,"featured_media":0,"parent":346,"menu_order":2,"comment_status":"closed","ping_status":"closed","template":"","meta":{"ngg_post_thumbnail":0,"_links_to":"","_links_to_target":""},"_links":{"self":[{"href":"https:\/\/www.laencamisa.es\/inicio\/wp-json\/wp\/v2\/pages\/359"}],"collection":[{"href":"https:\/\/www.laencamisa.es\/inicio\/wp-json\/wp\/v2\/pages"}],"about":[{"href":"https:\/\/www.laencamisa.es\/inicio\/wp-json\/wp\/v2\/types\/page"}],"author":[{"embeddable":true,"href":"https:\/\/www.laencamisa.es\/inicio\/wp-json\/wp\/v2\/users\/1"}],"replies":[{"embeddable":true,"href":"https:\/\/www.laencamisa.es\/inicio\/wp-json\/wp\/v2\/comments?post=359"}],"version-history":[{"count":8,"href":"https:\/\/www.laencamisa.es\/inicio\/wp-json\/wp\/v2\/pages\/359\/revisions"}],"predecessor-version":[{"id":1830,"href":"https:\/\/www.laencamisa.es\/inicio\/wp-json\/wp\/v2\/pages\/359\/revisions\/1830"}],"up":[{"embeddable":true,"href":"https:\/\/www.laencamisa.es\/inicio\/wp-json\/wp\/v2\/pages\/346"}],"wp:attachment":[{"href":"https:\/\/www.laencamisa.es\/inicio\/wp-json\/wp\/v2\/media?parent=359"}],"curies":[{"name":"wp","href":"https:\/\/api.w.org\/{rel}","templated":true}]}}