{"id":346,"date":"2013-02-17T13:25:47","date_gmt":"2013-02-17T13:25:47","guid":{"rendered":"http:\/\/www.laencamisa.es\/inicio\/?page_id=346"},"modified":"2013-07-31T23:07:00","modified_gmt":"2013-07-31T23:07:00","slug":"navalvillar-de-pela","status":"publish","type":"page","link":"https:\/\/www.laencamisa.es\/inicio\/navalvillar-de-pela\/","title":{"rendered":"Navalvillar de Pela"},"content":{"rendered":"<p><img loading=\"lazy\" class=\"ngg-singlepic ngg-left alignleft\" alt=\"navalvillar-de-pela-vista-aerea\" src=\"https:\/\/www.laencamisa.es\/inicio\/wp-content\/gallery\/navalvillar\/navalvillar-de-pela-vista-aerea.jpg\" width=\"357\" height=\"293\" \/>Con una poblaci\u00f3n cercana a los 5.000 habitantes, Navalvillar de Pela est\u00e1 situada al este de Extremadura, en la comarca de Vegas Altas del Guadiana siendo la puerta de entrada a La Siberia, en la provincia de Badajoz.<\/p>\n<p>Su t\u00e9rmino municipal es de 248 kil\u00f3metros cuadrados. La posici\u00f3n geogr\u00e1fica viene referida por los siguientes datos : LATITUD NORTE 39\u00ba 04\u2032 LONGITUD OESTE 5\u00ba 30\u2032<\/p>\n<p>El pueblo se ubica en la falda de la Sierra de Pela, en su vertiente norte, avist\u00e1ndose desde \u00e9l las Villuercas.<\/p>\n<p>El importante valor ecol\u00f3gico de la Sierra de Pela queda reflejado al estar (junto al embalse de Orellana) catalogada como Zona Zepa ( Zona de Especial Protecci\u00f3n de Aves), no es dif\u00edcil ver bandadas de grullas desplaz\u00e1ndose desde la dehesa hasta el pantano.<\/p>\n<p>Navalvillar de Pela cuenta con el primer parque Periurbano de Extremadura llamado \u201d Dehesa de Moheda Alta \u201c, donde se a\u00fanan la conservaci\u00f3n de la naturaleza con el desarrollo y disfrute respetuoso de la poblaci\u00f3n, manteniendo los usos tradicionales<\/p>\n<p><img loading=\"lazy\" class=\"ngg-singlepic ngg-left alignleft\" style=\"margin-top: 2px; margin-bottom: 2px;\" alt=\"pela-134\" src=\"https:\/\/www.laencamisa.es\/inicio\/wp-content\/gallery\/navalvillar\/pela-134.jpg\" width=\"360\" height=\"270\" \/>Navalvillar de Pela (como norma general en Extremadura) es un pueblo agr\u00edcola, famosa en toda Extremadura por la calidad de su aceite de oliva, sin olvidarse de la gran cantidad de cultivos de regad\u00edo (tomate, ma\u00edz, arroz) gracias a la cercan\u00eda de canales y pantanos que engloban sus tierras. En la d\u00e9cada del 2000, pimientos producidos en invernaderos por medios ecol\u00f3gicos , salen todas las semanas desde Navalvillar de Pela hasta los pa\u00edses del norte de Europa. En esta misma d\u00e9cada, el privilegio ambiental de contar con uno de los mayores n\u00fameros de horas de sol al a\u00f1o en Europa, ha atraido a una nuevo tipo de industria: La Termosolar. En su t\u00e9rmino municipal se han construido dos plantas termosolares de 50 MW de potencia.<\/p>\n<p>El sector industrial es pues, el derivado de la transformaci\u00f3n de productos agr\u00edcolas y el de industrias transformadoras : talleres, carpinter\u00edas, carrocer\u00edas, reciclajes de veh\u00edculos. El sector industrial y el sector servicio se encuentran en la actualidad en alza.<img loading=\"lazy\" class=\"ngg-singlepic ngg-none alignleft\" alt=\"pela-154\" src=\"https:\/\/www.laencamisa.es\/inicio\/wp-content\/gallery\/navalvillar\/pela-154.jpg\" width=\"547\" height=\"412\" \/><\/p>\n","protected":false},"excerpt":{"rendered":"<p>Con una poblaci\u00f3n cercana a los 5.000 habitantes, Navalvillar de Pela est\u00e1 situada al este de Extremadura, en la comarca de Vegas Altas del Guadiana siendo la puerta de entrada a La Siberia, en la provincia de Badajoz. Su t\u00e9rmino <span class=\"excerpt-dots\">&hellip;<\/span> <a class=\"more-link\" href=\"https:\/\/www.laencamisa.es\/inicio\/navalvillar-de-pela\/\"><span class=\"more-msg\">Sigue leyendo &rarr;<\/span><\/a><\/p>\n","protected":false},"author":1,"featured_media":0,"parent":0,"menu_order":0,"comment_status":"closed","ping_status":"closed","template":"","meta":{"ngg_post_thumbnail":0,"_links_to":"","_links_to_target":""},"_links":{"self":[{"href":"https:\/\/www.laencamisa.es\/inicio\/wp-json\/wp\/v2\/pages\/346"}],"collection":[{"href":"https:\/\/www.laencamisa.es\/inicio\/wp-json\/wp\/v2\/pages"}],"about":[{"href":"https:\/\/www.laencamisa.es\/inicio\/wp-json\/wp\/v2\/types\/page"}],"author":[{"embeddable":true,"href":"https:\/\/www.laencamisa.es\/inicio\/wp-json\/wp\/v2\/users\/1"}],"replies":[{"embeddable":true,"href":"https:\/\/www.laencamisa.es\/inicio\/wp-json\/wp\/v2\/comments?post=346"}],"version-history":[{"count":16,"href":"https:\/\/www.laencamisa.es\/inicio\/wp-json\/wp\/v2\/pages\/346\/revisions"}],"predecessor-version":[{"id":2213,"href":"https:\/\/www.laencamisa.es\/inicio\/wp-json\/wp\/v2\/pages\/346\/revisions\/2213"}],"wp:attachment":[{"href":"https:\/\/www.laencamisa.es\/inicio\/wp-json\/wp\/v2\/media?parent=346"}],"curies":[{"name":"wp","href":"https:\/\/api.w.org\/{rel}","templated":true}]}}