{"id":314,"date":"2013-02-16T00:13:52","date_gmt":"2013-02-16T00:13:52","guid":{"rendered":"http:\/\/www.laencamisa.es\/inicio\/?page_id=314"},"modified":"2018-01-06T08:24:24","modified_gmt":"2018-01-06T08:24:24","slug":"san-anton","status":"publish","type":"page","link":"https:\/\/www.laencamisa.es\/inicio\/la-fiesta\/mas\/san-anton\/","title":{"rendered":"San Ant\u00f3n"},"content":{"rendered":"<h2><a style=\"img { border: 0px;\" href=\"https:\/\/www.laencamisa.es\/inicio\/wp-content\/uploads\/2011\/12\/san-anton.jpg\"><img loading=\"lazy\" class=\"alignright\" style=\"border: 0px none;\" alt=\"San Ant\u00f3n Abad\" src=\"https:\/\/www.laencamisa.es\/inicio\/wp-content\/uploads\/2011\/12\/san-anton-220x300.jpg\" width=\"224\" height=\"299\" \/><\/a><span style=\"color: #993300;\">San Ant\u00f3n Abad<\/span><br \/>\n<span style=\"color: #993300;\"> Patr\u00f3n de Navalvillar de Pela<\/span><\/h2>\n<p>San Ant\u00f3n es el patr\u00f3n de Navalvillar de Pela y en su honor se dedican la Fiesta de San Ant\u00f3n Abad, cuyo acto m\u00e1s relevante es La Encamis\u00e1.<br \/>\nDel v\u00ednculo hist\u00f3rico entre San Ant\u00f3n y La Encamis\u00e1 no se puede aseverar nada, no existen documentos, solo hip\u00f3tesis.<\/p>\n<p>Seg\u00fan la Leyenda de la Encamis\u00e1, la victoria de los pele\u00f1os contra los moros se culmin\u00f3 en la ma\u00f1ana del d\u00eda 17( d\u00eda de San Ant\u00f3n), cuando \u00e9stos abandonaron las cercan\u00edas del pueblo, es por ello que desde entonces los vivas al Santo es todo un ritual en la noche de la Carrera. A \u00e9l se le dedic\u00f3 la salvaci\u00f3n de Navalvillar de Pela.<\/p>\n<p>En lo que no cabe duda alguna, es el vinculo sentimental existente entre San Ant\u00f3n y La Encamis\u00e1 en la actualidad y siglos recientes, donde si existen documentos.<br \/>\nYa fuera en la rep\u00fablica, en la guerra civil o en la dictadura, La Carrera de San Ant\u00f3n o Encamis\u00e1 siempre se corri\u00f3, y nunca faltaron los v\u00edtores al Santo Patr\u00f3n.<img loading=\"lazy\" class=\"alignright\" title=\"subida santo\" alt=\"\" src=\"http:\/\/www.laencamisa.com\/inicio\/wp-content\/uploads\/2010\/02\/subida-santo.jpg\" width=\"343\" height=\"258\" \/><\/p>\n<p>Por otro lado San Ant\u00f3n Abad, representa fielmente el esp\u00edritu de La Encamis\u00e1: la pasi\u00f3n de un pueblo por su fiesta y su entrega para que todo el mundo pueda disfrutarla, donde la hospitalidad hacia los dem\u00e1s es todo un privilegio para cualquier pele\u00f1o.<\/p>\n<p>Si al principio, a San Ant\u00f3n se le dedic\u00f3 una victoria contra otros, hoy a San Ant\u00f3n, se le dedica la fiesta mas querida de un pueblo que quiere compartirla con todos.<\/p>\n<h2>\u00bf quien fue San Ant\u00f3n ?<\/h2>\n<p>Antonio, San (251-356), ermita\u00f1o egipcio, primer monje de la cristiandad. Siendo un acaudalado joven de 20 a\u00f1os qued\u00f3 impresionado por la ense\u00f1anza cristiana encontrada en el evangelio: \u201cAnda y vende cuanto tienes, y d\u00e1selo a los pobres y tendr\u00e1s un tesoro en el cielo\u201d Mt. 19,21. Reparti\u00f3 su herencia y march\u00f3 a vivir como un asceta. Sus c\u00e9lebres \u2018tentaciones\u2019 como solitario ermita\u00f1o fueron motivo de inspiraci\u00f3n de numerosos artistas.<\/p>\n<p>Su vida atrajo a muchos seguidores, y dedic\u00f3 varios a\u00f1os a la instrucci\u00f3n de estos disc\u00edpulos en la vida mon\u00e1stica. Sin embargo, no formaliz\u00f3 la regla que gobernaba la comunidad as\u00ed formada. \u00c9sta fue escrita tras su muerte por san Atanasio, amigo personal y bi\u00f3grafo. Abandon\u00f3 su retiro en varias ocasiones.<\/p>\n<p>Hacia el a\u00f1o 311 ayud\u00f3 a los cristianos de Alejandr\u00eda perseguidos por el emperador Maximino, y en el 350 se uni\u00f3 a Atanasio en la lucha contra el arrianismo. El tipo de ascetismo de San Antonio, basado en la vida eremita o solitaria, es una de las dos tendencias que rigen la vida monacal; la otra est\u00e1 tipificada por la regla de vida comunal de san Benito. Su celebraci\u00f3n se cumple el 17 de enero.<\/p>\n<p><a href=\"http:\/\/www.laencamisa.com\/inicio\/articulos\/\" target=\"_self\">m\u00e1s informaci\u00f3n<\/a><\/p>\n","protected":false},"excerpt":{"rendered":"<p>San Ant\u00f3n Abad Patr\u00f3n de Navalvillar de Pela San Ant\u00f3n es el patr\u00f3n de Navalvillar de Pela y en su honor se dedican la Fiesta de San Ant\u00f3n Abad, cuyo acto m\u00e1s relevante es La Encamis\u00e1. Del v\u00ednculo hist\u00f3rico entre <span class=\"excerpt-dots\">&hellip;<\/span> <a class=\"more-link\" href=\"https:\/\/www.laencamisa.es\/inicio\/la-fiesta\/mas\/san-anton\/\"><span class=\"more-msg\">Sigue leyendo &rarr;<\/span><\/a><\/p>\n","protected":false},"author":1,"featured_media":0,"parent":1836,"menu_order":2,"comment_status":"closed","ping_status":"closed","template":"","meta":{"ngg_post_thumbnail":0,"_links_to":"","_links_to_target":""},"_links":{"self":[{"href":"https:\/\/www.laencamisa.es\/inicio\/wp-json\/wp\/v2\/pages\/314"}],"collection":[{"href":"https:\/\/www.laencamisa.es\/inicio\/wp-json\/wp\/v2\/pages"}],"about":[{"href":"https:\/\/www.laencamisa.es\/inicio\/wp-json\/wp\/v2\/types\/page"}],"author":[{"embeddable":true,"href":"https:\/\/www.laencamisa.es\/inicio\/wp-json\/wp\/v2\/users\/1"}],"replies":[{"embeddable":true,"href":"https:\/\/www.laencamisa.es\/inicio\/wp-json\/wp\/v2\/comments?post=314"}],"version-history":[{"count":10,"href":"https:\/\/www.laencamisa.es\/inicio\/wp-json\/wp\/v2\/pages\/314\/revisions"}],"predecessor-version":[{"id":1124,"href":"https:\/\/www.laencamisa.es\/inicio\/wp-json\/wp\/v2\/pages\/314\/revisions\/1124"}],"up":[{"embeddable":true,"href":"https:\/\/www.laencamisa.es\/inicio\/wp-json\/wp\/v2\/pages\/1836"}],"wp:attachment":[{"href":"https:\/\/www.laencamisa.es\/inicio\/wp-json\/wp\/v2\/media?parent=314"}],"curies":[{"name":"wp","href":"https:\/\/api.w.org\/{rel}","templated":true}]}}