{"id":2267,"date":"2022-03-20T20:04:53","date_gmt":"2022-03-20T20:04:53","guid":{"rendered":"http:\/\/www.laencamisa.es\/inicio\/?page_id=2267"},"modified":"2022-04-10T12:45:24","modified_gmt":"2022-04-10T12:45:24","slug":"radiografia-economica-y-social-de-navalvillar-de-pela-a-mediados-del-siglo-xvii","status":"publish","type":"page","link":"https:\/\/www.laencamisa.es\/inicio\/la-fiesta\/articulos\/radiografia-economica-y-social-de-navalvillar-de-pela-a-mediados-del-siglo-xvii\/","title":{"rendered":"Radiograf\u00eda econ\u00f3mica y social de Navalvillar de Pela a mediados del siglo XVIII"},"content":{"rendered":"\n<p><strong>\u201cDiagn\u00f3stico que nos proporcionan<\/strong><br><strong>las Respuestas Generales del Catastro de<\/strong><br><strong>Ensenada\u00bb.&nbsp; Por Juan F\u00e9lix Masa Parralejo<br><\/strong><\/p>\n\n\n\n<p>Resumen:<br>El presente trabajo, aborda el estudio de los aspectos m\u00e1s destacados de<br>los sectores de actividad, agr\u00edcola, ganadera, industrial y de servicios; as\u00ed como<br>el an\u00e1lisis de los sueldos y salarios devengados por los profesionales y jornaleros<br>de los distintos oficios de la \u00e9poca. Contin\u00faa el trabajo estudiando la demograf\u00eda<br>y habitabilidad, impuestos que recaudaban la Iglesia y la Corona, para finalmente<br>analizar el presupuesto municipal de 1753; mientras que pr\u00f3logo y ep\u00edlogo nos<br>permiten resaltar las formalidades seguidas y caracter\u00edsticas m\u00e1s relevantes de<br>los participantes. Finalmente en los anexos recogemos una serie de datos que<br>nos parecen relevantes para explicar y profundizar los expuestos en el estudio.<br>Palabras clave: Catastro, Deuda P\u00fablica, Deuda municipal, rentabilidad,<br>intermisi\u00f3n, fanega, alcabala, diezmo, \u00danica Contribuci\u00f3n, reales de plata.<\/p>\n\n\n\n<p><br>Abstract:<br>This work begins evaluating the sectors of activity, agriculture, livestock,<br>industry and services; followed by the analysis of wages and salaries earned<br>by non-manual professionals, by mechanics or manuals professionals and<br>day laborers according to the different trades they held. It continues studying<br>demography and habitability, taxes collected by the Crown and the Church at<br>that time; and a final scrutiny of the budget of income and expenditure of the<br>municipality in that year 1753. The prologue and epilogue gives us the opportunity<br>to highlight the formalities followed and the most relevant characteristics<br>of those who participated. Finally, in the annexes we collect a series of data<br>that we consider relevant to deepen those exposed in the study.<br>Keywords: Catastro, cadastre, casdaster, public debt, local debt, profitability, bushel,<br>alcabala, tithe, \u00danica Contribuci\u00f3n, single tax, reales de plata, Castilian silver reales<\/p>\n\n\n\n\t\t<style>\r\n            #pdfp69df345895c59 .title {  font-size: 16px; }#pdfp69df345895c59 iframe {  height: 750px; }#pdfp69df345895c59 {  width: 100%; }                                <\/style>\r\n                <div id=\"pdfp69df345895c59\" class=\"pdfp_wrapper \" data-infos=\"{&quot;protect&quot;:false,&quot;alert&quot;:true,&quot;adobeOptions&quot;:[]}\">\r\n            <div class=\"cta_wrapper\">\r\n                \r\n                \r\n                \t                <a class=\"pdfp_fullscreen\" target=\"_self\" href=\"https:\/\/www.laencamisa.es\/inicio\/wp-content\/plugins\/pdf-poster\/pdfjs-new\/web\/viewer.html?file=http:\/\/www.laencamisa.es\/inicio\/wp-content\/uploads\/2022\/03\/Radiograf\u00eda-econ\u00f3mica-y-social-de.pdf&#038;nobaki=false&#038;z=auto&#038;stdono=&#038;onlypdf=&#038;raw=&#038;fullscreen=1&#038;sidebarOpen=false&#038;side=false&#038;open=false&#038;hrscroll=#page=0\"><button>View Fullscreen<\/button><\/a>\r\n                \r\n            <\/div>\r\n            <div class=\"iframe_wrapper\" >\r\n                <span class=\"close\">&times;<\/span>\r\n                <iframe  id=\"frame-pdfp69df345895c59\" class=\"pdfp_iframe\" width=\"100%\" height=\"750px\" data-source=\"https:\/\/www.laencamisa.es\/inicio\/wp-content\/plugins\/pdf-poster\/pdfjs-new\/web\/viewer.html?file=http:\/\/www.laencamisa.es\/inicio\/wp-content\/uploads\/2022\/03\/Radiograf\u00eda-econ\u00f3mica-y-social-de.pdf&#038;nobaki=false&#038;z=auto&#038;stdono=&#038;onlypdf=&#038;raw=&#038;fullscreen=1&#038;sidebarOpen=false&#038;side=false&#038;open=false&#038;hrscroll=#page=0&new\" src=\"https:\/\/www.laencamisa.es\/inicio\/wp-content\/plugins\/pdf-poster\/pdfjs-new\/web\/viewer.html?file=http:\/\/www.laencamisa.es\/inicio\/wp-content\/uploads\/2022\/03\/Radiograf\u00eda-econ\u00f3mica-y-social-de.pdf&#038;nobaki=false&#038;z=auto&#038;stdono=&#038;onlypdf=&#038;raw=&#038;fullscreen=1&#038;sidebarOpen=false&#038;side=false&#038;open=false&#038;hrscroll=#page=0\"><\/iframe>\r\n            <\/div>\r\n\t    <\/div>\r\n        \n","protected":false},"excerpt":{"rendered":"<p>\u201cDiagn\u00f3stico que nos proporcionanlas Respuestas Generales del Catastro deEnsenada\u00bb.&nbsp; Por Juan F\u00e9lix Masa Parralejo Resumen:El presente trabajo, aborda el estudio de los aspectos m\u00e1s destacados delos sectores de actividad, agr\u00edcola, ganadera, industrial y de servicios; as\u00ed comoel an\u00e1lisis de los <span class=\"excerpt-dots\">&hellip;<\/span> <a class=\"more-link\" href=\"https:\/\/www.laencamisa.es\/inicio\/la-fiesta\/articulos\/radiografia-economica-y-social-de-navalvillar-de-pela-a-mediados-del-siglo-xvii\/\"><span class=\"more-msg\">Sigue leyendo &rarr;<\/span><\/a><\/p>\n","protected":false},"author":1,"featured_media":0,"parent":700,"menu_order":0,"comment_status":"closed","ping_status":"closed","template":"","meta":{"ngg_post_thumbnail":0,"_links_to":"","_links_to_target":""},"_links":{"self":[{"href":"https:\/\/www.laencamisa.es\/inicio\/wp-json\/wp\/v2\/pages\/2267"}],"collection":[{"href":"https:\/\/www.laencamisa.es\/inicio\/wp-json\/wp\/v2\/pages"}],"about":[{"href":"https:\/\/www.laencamisa.es\/inicio\/wp-json\/wp\/v2\/types\/page"}],"author":[{"embeddable":true,"href":"https:\/\/www.laencamisa.es\/inicio\/wp-json\/wp\/v2\/users\/1"}],"replies":[{"embeddable":true,"href":"https:\/\/www.laencamisa.es\/inicio\/wp-json\/wp\/v2\/comments?post=2267"}],"version-history":[{"count":7,"href":"https:\/\/www.laencamisa.es\/inicio\/wp-json\/wp\/v2\/pages\/2267\/revisions"}],"predecessor-version":[{"id":2312,"href":"https:\/\/www.laencamisa.es\/inicio\/wp-json\/wp\/v2\/pages\/2267\/revisions\/2312"}],"up":[{"embeddable":true,"href":"https:\/\/www.laencamisa.es\/inicio\/wp-json\/wp\/v2\/pages\/700"}],"wp:attachment":[{"href":"https:\/\/www.laencamisa.es\/inicio\/wp-json\/wp\/v2\/media?parent=2267"}],"curies":[{"name":"wp","href":"https:\/\/api.w.org\/{rel}","templated":true}]}}