{"id":219,"date":"2013-02-11T19:44:50","date_gmt":"2013-02-11T19:44:50","guid":{"rendered":"http:\/\/www.laencamisa.es\/inicio\/?page_id=219"},"modified":"2018-01-06T08:25:00","modified_gmt":"2018-01-06T08:25:00","slug":"la-cofradia","status":"publish","type":"page","link":"https:\/\/www.laencamisa.es\/inicio\/la-fiesta\/mas\/la-cofradia\/","title":{"rendered":"La Cofrad\u00eda"},"content":{"rendered":"<p><a href=\"https:\/\/www.laencamisa.es\/inicio\/wp-content\/uploads\/2011\/12\/directiva2000.jpg\"><img loading=\"lazy\" class=\"alignright size-medium wp-image-171\" alt=\"directiva2000\" src=\"https:\/\/www.laencamisa.es\/inicio\/wp-content\/uploads\/2011\/12\/directiva2000-300x261.jpg\" width=\"300\" height=\"261\" srcset=\"https:\/\/www.laencamisa.es\/inicio\/wp-content\/uploads\/2011\/12\/directiva2000-300x261.jpg 300w, https:\/\/www.laencamisa.es\/inicio\/wp-content\/uploads\/2011\/12\/directiva2000.jpg 391w\" sizes=\"(max-width: 300px) 100vw, 300px\" \/><\/a>La Cofrad\u00eda es la encargada de la organizaci\u00f3n de los actos de las Fiestas Patronales de San Ant\u00f3n, cuyo acto m\u00e1s popular es La Encamis\u00e1 o Carrera de San Ant\u00f3n.<\/p>\n<p>El 13 de Octubre de 1989 la Cofrad\u00eda (hasta entonces asociaci\u00f3n religiosa) se convirti\u00f3 en asociaci\u00f3n cultural sin \u00e1nimo de lucro, inscribi\u00e9ndose\u00a0 como Asociaci\u00f3n Cofrad\u00eda San Ant\u00f3n Abad ( A.C.S.A.).<\/p>\n<p>Seg\u00fan dictan sus estatutos, la Cofrad\u00eda tiene entre sus fines fomentar el desarrollo y mantenimiento de las fiestas de San Ant\u00f3n, as\u00ed como todas las tradiciones que \u00e9sta conlleva.<\/p>\n<p>Por otro lado, desde su plena autonom\u00eda, la Cofrad\u00eda colabora estrechamente con el Ayuntamiento y con la Iglesia de Sta. Catalina de Alejandr\u00eda, para el buen desarrollo de la fiesta.<\/p>\n<p>A d\u00eda de hoy, la asociaci\u00f3n cuenta con 1100 socios \u00f3 cofrades. Los socios pueden ser todos los que lo deseen, \u00e9stos pagan una cuota anual para el sostenimiento de la Cofrad\u00eda.<\/p>\n<p>Como toda asociaci\u00f3n, la A.C.S.A. tiene su \u00f3rgano de gobierno: La Directiva. Esta es elegida mediante Asamblea General de socios y est\u00e1 compuesta por:<\/p>\n<ul>\n<li>Presidente \u2013 Mayordomo<\/li>\n<li>Vicepresidente \u2013 Vicemayordomo<\/li>\n<li>Tesorero<\/li>\n<li>Secretario<\/li>\n<li>Vocales (entre 7 y 11<\/li>\n<\/ul>\n<p><a href=\"https:\/\/www.laencamisa.es\/inicio\/wp-content\/uploads\/2011\/12\/subida2005.jpg\"><img loading=\"lazy\" class=\"alignleft size-medium wp-image-175\" alt=\"subida2005\" src=\"https:\/\/www.laencamisa.es\/inicio\/wp-content\/uploads\/2011\/12\/subida2005-300x225.jpg\" width=\"300\" height=\"225\" srcset=\"https:\/\/www.laencamisa.es\/inicio\/wp-content\/uploads\/2011\/12\/subida2005-300x225.jpg 300w, https:\/\/www.laencamisa.es\/inicio\/wp-content\/uploads\/2011\/12\/subida2005.jpg 400w\" sizes=\"(max-width: 300px) 100vw, 300px\" \/><\/a>Los miembros de la Directiva, son elegidos por un periodo de dos a\u00f1os, el relevo afecta cada a\u00f1o a la mitad de los directivos, quedando el resto con la experiencia suficiente para formar a los nuevos.<\/p>\n<p>Como es l\u00f3gico, toda la gesti\u00f3n que realiza la Directiva, tiene que ser aprobada en Asamblea por los socios \u00f3 cofrades.<\/p>\n<p>La Directiva, es sin lugar a duda, el \u201cmotor\u201d de la organizaci\u00f3n de las fiestas. La mayor parte de la organizaci\u00f3n pasa por sus gesti\u00f3n. Bajo su responsabilidad se encuentra, entre otras, las siguientes funciones:<\/p>\n<ul>\n<li>Elaboraci\u00f3n de los t\u00edpicos bi\u00f1uelos.<\/li>\n<li>Confecci\u00f3n del programa de festejos.<\/li>\n<li>Compra y reparto del vino de la Carrera.<\/li>\n<li>Organizaci\u00f3n y participaci\u00f3n de todos los actos de la fiesta: religiosos, culturales y l\u00fadicos.<\/li>\n<li>Organizaci\u00f3n de La Encamis\u00e1.<\/li>\n<li>La Pedida.<\/li>\n<\/ul>\n<p>Adem\u00e1s de todas las competencias que le son inherentes: Hacer propuestas a la Asamblea y llevar a cabo sus acuerdos, velar por el cumplimiento de los estatutos, presentar los presupuestos de la Cofrad\u00eda \u2026 etc.<\/p>\n<p><a href=\"https:\/\/www.laencamisa.es\/inicio\/wp-content\/uploads\/2011\/12\/bu\u00f1uelos.jpg\"><img loading=\"lazy\" class=\"alignleft size-medium wp-image-176\" alt=\"bu\u00f1uelos\" src=\"https:\/\/www.laencamisa.es\/inicio\/wp-content\/uploads\/2011\/12\/bu\u00f1uelos-300x225.jpg\" width=\"300\" height=\"225\" srcset=\"https:\/\/www.laencamisa.es\/inicio\/wp-content\/uploads\/2011\/12\/bu\u00f1uelos-300x225.jpg 300w, https:\/\/www.laencamisa.es\/inicio\/wp-content\/uploads\/2011\/12\/bu\u00f1uelos.jpg 400w\" sizes=\"(max-width: 300px) 100vw, 300px\" \/><\/a>Si la Directiva es el \u201cmotor\u201d de la organizaci\u00f3n, el Mayordomo es el \u201ccombustible\u201d necesario para su funcionamiento. La representaci\u00f3n legal y p\u00fablica de la asociaci\u00f3n es una de sus funciones. El Mayordomo es quien convoca a la Directiva y a la Asamblea, presidi\u00e9ndola y moder\u00e1ndola. \u00c9l es quien lleva el Estandarte de San Ant\u00f3n en las procesiones y quien da el preg\u00f3n de La Encamis\u00e1.<\/p>\n<p>El trabajo de la Directiva, comienza a crecer exponencialmente, desde el mes de Octubre, mes donde se convoca la Asamblea General donde se elige a los nuevos directivos, hasta llegar al d\u00eda 19 ( El Chiquirrinino ), \u00faltimo d\u00eda de las fiestas patronales.<\/p>\n<p>Las reuniones se realizan en La Casa del Santo ( sede social de la asociaci\u00f3n ), all\u00ed junto al calor de una chimenea se organizan todos los actos.<\/p>\n<p>Hasta el 6 de Enero, todas las reuniones son privadas, a partir de ese d\u00eda La Casa del Santo abre sus puertas a los diversos colectivos, donde se los invitan a una parrillada al calor de una buena lumbre.<\/p>\n<p>Una de las funciones de la Directiva es, como se dijo anteriormente, la Pedida. Esta consiste en recorrer una a una todas las casas de Navalvillar de Pela donde se entrega el programa de festejo y donde los vecinos aportan un donativo para el sufragio de las fiestas. Es este un hecho que demuestra que la fiesta y La Encamis\u00e1 son patrimonio de todo el pueblo, porque todo el pueblo colabora en su desarrollo.<\/p>\n<p><a href=\"https:\/\/www.laencamisa.es\/inicio\/wp-content\/uploads\/2013\/02\/directiva2009.jpg\"><img loading=\"lazy\" class=\"alignleft size-medium wp-image-488\" alt=\"directiva2009\" src=\"https:\/\/www.laencamisa.es\/inicio\/wp-content\/uploads\/2013\/02\/directiva2009-300x225.jpg\" width=\"300\" height=\"225\" srcset=\"https:\/\/www.laencamisa.es\/inicio\/wp-content\/uploads\/2013\/02\/directiva2009-300x225.jpg 300w, https:\/\/www.laencamisa.es\/inicio\/wp-content\/uploads\/2013\/02\/directiva2009.jpg 400w\" sizes=\"(max-width: 300px) 100vw, 300px\" \/><\/a>Aparte de la Pedida, la Asociaci\u00f3n Cofrad\u00eda San Ant\u00f3n Abad, obtiene sus ingresos de las cuotas anuales de cofrades, venta de motivos publicitarios, organizaci\u00f3n del tiro al plato, ayudas de casas comerciales y particulares, subvenciones\u00a0 .. etc.<\/p>\n<p>En los \u00faltimos a\u00f1os, a la Directiva se le ha agregado la llamada Directiva Juvenil, \u00e9sta esta compuesta por j\u00f3venes entre 15 y 18 a\u00f1os de edad. Su misi\u00f3n es ayudar a la Directiva en la organizaci\u00f3n de la fiesta, por otro lado, es una forma de que estos j\u00f3venes vean de cerca el proceso organizativo y se sientan parte del mismo. La experiencia ha demostrado que estos j\u00f3venes, en un alto n\u00famero reingresar\u00e1n mas adelante en la Directiva.<\/p>\n<p>Por\u00a0 \u00faltimo, destacar que hoy en d\u00eda la Cofrad\u00eda goza de una estupenda salud, el n\u00famero de socios aumentan constantemente, cada vez existen m\u00e1s personas dispuestas a pertenecer a la Directiva, todo debido a que la gente percibe que las cosas se est\u00e1n haciendo bien, y lo que es mas importante donde la fiesta de San Ant\u00f3n en general y La Encamis\u00e1 en particular comienza a ser una fiesta a tenerse muy en cuenta no solo a nivel regional, sino a nivel nacional. No es exagerado afirmar que la magia de esta fiesta conquista corazones: conquista nuevos sanantoneros.<\/p>\n","protected":false},"excerpt":{"rendered":"<p>La Cofrad\u00eda es la encargada de la organizaci\u00f3n de los actos de las Fiestas Patronales de San Ant\u00f3n, cuyo acto m\u00e1s popular es La Encamis\u00e1 o Carrera de San Ant\u00f3n. El 13 de Octubre de 1989 la Cofrad\u00eda (hasta entonces <span class=\"excerpt-dots\">&hellip;<\/span> <a class=\"more-link\" href=\"https:\/\/www.laencamisa.es\/inicio\/la-fiesta\/mas\/la-cofradia\/\"><span class=\"more-msg\">Sigue leyendo &rarr;<\/span><\/a><\/p>\n","protected":false},"author":1,"featured_media":0,"parent":1836,"menu_order":3,"comment_status":"closed","ping_status":"closed","template":"","meta":{"ngg_post_thumbnail":0,"_links_to":"","_links_to_target":""},"_links":{"self":[{"href":"https:\/\/www.laencamisa.es\/inicio\/wp-json\/wp\/v2\/pages\/219"}],"collection":[{"href":"https:\/\/www.laencamisa.es\/inicio\/wp-json\/wp\/v2\/pages"}],"about":[{"href":"https:\/\/www.laencamisa.es\/inicio\/wp-json\/wp\/v2\/types\/page"}],"author":[{"embeddable":true,"href":"https:\/\/www.laencamisa.es\/inicio\/wp-json\/wp\/v2\/users\/1"}],"replies":[{"embeddable":true,"href":"https:\/\/www.laencamisa.es\/inicio\/wp-json\/wp\/v2\/comments?post=219"}],"version-history":[{"count":8,"href":"https:\/\/www.laencamisa.es\/inicio\/wp-json\/wp\/v2\/pages\/219\/revisions"}],"predecessor-version":[{"id":640,"href":"https:\/\/www.laencamisa.es\/inicio\/wp-json\/wp\/v2\/pages\/219\/revisions\/640"}],"up":[{"embeddable":true,"href":"https:\/\/www.laencamisa.es\/inicio\/wp-json\/wp\/v2\/pages\/1836"}],"wp:attachment":[{"href":"https:\/\/www.laencamisa.es\/inicio\/wp-json\/wp\/v2\/media?parent=219"}],"curies":[{"name":"wp","href":"https:\/\/api.w.org\/{rel}","templated":true}]}}