{"id":212,"date":"2013-02-11T19:38:56","date_gmt":"2013-02-11T19:38:56","guid":{"rendered":"http:\/\/www.laencamisa.es\/inicio\/?page_id=212"},"modified":"2018-01-15T12:36:31","modified_gmt":"2018-01-15T12:36:31","slug":"el-origen","status":"publish","type":"page","link":"https:\/\/www.laencamisa.es\/inicio\/la-fiesta\/mas\/el-origen\/","title":{"rendered":"El origen de La Encamis\u00e1"},"content":{"rendered":"<p><a href=\"https:\/\/www.laencamisa.es\/inicio\/wp-content\/uploads\/2011\/12\/el-origen.jpg\"><img loading=\"lazy\" class=\"size-full wp-image-150 alignright\" alt=\"el-origen\" src=\"https:\/\/www.laencamisa.es\/inicio\/wp-content\/uploads\/2011\/12\/el-origen.jpg\" width=\"250\" height=\"292\" \/><\/a>El origen de la fiesta de La Encamis\u00e1 cuenta con dos hip\u00f3tesis:<\/p>\n<p>La primera, leyenda transmitida oralmente y recogida en verso por la escritora Mar\u00eda Petra Baviano, conmemora un hecho hist\u00f3rico que se remonta a la Edad Media, cuando un ej\u00e9rcito \u00e1rabe se dispon\u00eda a invadir el pueblo.<\/p>\n<p>En aquel momento, el pueblo movilizado ante la amenaza, utiliz\u00f3 la oscuridad de la noche para contrarrestar la superioridad num\u00e9rica del ej\u00e9rcito moro.<br \/>\nLa intenci\u00f3n era hacer creer al ejercito enemigo que el pueblo contaba con una fuerte defensa. Para ello, encendieron numerosas y grandes hogueras, a caballo galoparon veloces portando hachas encendidas con estruendo de tambores, cencerros y campanillas dando vueltas por las estrechas calles del pueblo formando un gran esc\u00e1ndalo, todo ello para impresionar a las fuerzas invasoras.<\/p>\n<p><a href=\"https:\/\/www.laencamisa.es\/inicio\/wp-content\/uploads\/2011\/12\/origen-2.jpg\"><img loading=\"lazy\" class=\"size-medium wp-image-151 alignright\" alt=\"origen 2\" src=\"https:\/\/www.laencamisa.es\/inicio\/wp-content\/uploads\/2011\/12\/origen-2-300x147.jpg\" width=\"300\" height=\"147\" srcset=\"https:\/\/www.laencamisa.es\/inicio\/wp-content\/uploads\/2011\/12\/origen-2-300x147.jpg 300w, https:\/\/www.laencamisa.es\/inicio\/wp-content\/uploads\/2011\/12\/origen-2.jpg 500w\" sizes=\"(max-width: 300px) 100vw, 300px\" \/><\/a>Los jinetes deb\u00edan intimidar, para ello, se ataviaron con gorros puntiagudos que a gigantes asemejan y para tener m\u00e1s ligereza se vistieron con amplias camisas blancas.<br \/>\nEl ej\u00e9rcito moro, al ver tal algarab\u00eda, huyeron despavoridos creyendo que se trataba de un ej\u00e9rcito numeroso y fantasmal.<\/p>\n<p>La segunda hip\u00f3tesis trata sobre la cristianizaci\u00f3n de una fiesta pagana que se ven\u00eda celebrando con anterioridad.<\/p>\n<hr \/>\n<ul>\n<li><a title=\"Leyenda de La Encamis\u00e1\" href=\"https:\/\/www.laencamisa.es\/inicio\/la-fiesta\/mas\/el-origen\/leyenda-de-la-encamisa\/\">La leyenda de la Encamisa<\/a>. Poes\u00eda por Mar\u00eda Petra Baviano<\/li>\n<li><a title=\"La fiesta tradicional de la La Encamis\u00e1 o Carrera de San Ant\u00f3n\" href=\"https:\/\/www.laencamisa.es\/inicio\/la-fiesta\/mas\/el-origen\/la-fiesta-tradicional-de-la-la-encamisa-o-carrera-de-san-anton\/\">La Fiesta tradicional de la Encamis\u00e1 o Carrera de San Ant\u00f3n<\/a>. Federico Parralejo Arroyo<\/li>\n<li><a title=\"Del rito al festejo\" href=\"https:\/\/www.laencamisa.es\/inicio\/la-fiesta\/mas\/el-origen\/del-rito-al-festejo\/\">Del rito al festejo<\/a>. Juan Miguel Collado Campos<\/li>\n<li><a title=\"La Fiesta de San Ant\u00f3n en Navalvillar de Pela\" href=\"https:\/\/www.laencamisa.es\/inicio\/la-fiesta\/mas\/el-origen\/la-fiesta-de-san-anton-en-navalvillar-de-pela\/\">La Fiesta de San Ant\u00f3n en Navalvillar de Pela<\/a>. Pedro Castro Arroyo<\/li>\n<\/ul>\n","protected":false},"excerpt":{"rendered":"<p>El origen de la fiesta de La Encamis\u00e1 cuenta con dos hip\u00f3tesis: La primera, leyenda transmitida oralmente y recogida en verso por la escritora Mar\u00eda Petra Baviano, conmemora un hecho hist\u00f3rico que se remonta a la Edad Media, cuando un <span class=\"excerpt-dots\">&hellip;<\/span> <a class=\"more-link\" href=\"https:\/\/www.laencamisa.es\/inicio\/la-fiesta\/mas\/el-origen\/\"><span class=\"more-msg\">Sigue leyendo &rarr;<\/span><\/a><\/p>\n","protected":false},"author":1,"featured_media":0,"parent":1836,"menu_order":1,"comment_status":"closed","ping_status":"closed","template":"","meta":{"ngg_post_thumbnail":0,"_links_to":"","_links_to_target":""},"_links":{"self":[{"href":"https:\/\/www.laencamisa.es\/inicio\/wp-json\/wp\/v2\/pages\/212"}],"collection":[{"href":"https:\/\/www.laencamisa.es\/inicio\/wp-json\/wp\/v2\/pages"}],"about":[{"href":"https:\/\/www.laencamisa.es\/inicio\/wp-json\/wp\/v2\/types\/page"}],"author":[{"embeddable":true,"href":"https:\/\/www.laencamisa.es\/inicio\/wp-json\/wp\/v2\/users\/1"}],"replies":[{"embeddable":true,"href":"https:\/\/www.laencamisa.es\/inicio\/wp-json\/wp\/v2\/comments?post=212"}],"version-history":[{"count":35,"href":"https:\/\/www.laencamisa.es\/inicio\/wp-json\/wp\/v2\/pages\/212\/revisions"}],"predecessor-version":[{"id":1903,"href":"https:\/\/www.laencamisa.es\/inicio\/wp-json\/wp\/v2\/pages\/212\/revisions\/1903"}],"up":[{"embeddable":true,"href":"https:\/\/www.laencamisa.es\/inicio\/wp-json\/wp\/v2\/pages\/1836"}],"wp:attachment":[{"href":"https:\/\/www.laencamisa.es\/inicio\/wp-json\/wp\/v2\/media?parent=212"}],"curies":[{"name":"wp","href":"https:\/\/api.w.org\/{rel}","templated":true}]}}