{"id":1808,"date":"2018-01-05T18:32:31","date_gmt":"2018-01-05T18:32:31","guid":{"rendered":"http:\/\/www.laencamisa.es\/inicio\/?page_id=1808"},"modified":"2022-04-16T07:08:54","modified_gmt":"2022-04-16T07:08:54","slug":"saludas-2018","status":"publish","type":"page","link":"https:\/\/www.laencamisa.es\/inicio\/la-fiesta\/saludas\/saludas-2018\/","title":{"rendered":"Saludas 2018"},"content":{"rendered":"<p><strong>SALUDA DE LA DIRECTIVA 2018<\/strong><\/p>\n<p><a href=\"https:\/\/www.laencamisa.es\/inicio\/wp-content\/uploads\/2018\/01\/directiva-acsa-2018.jpg\"><img loading=\"lazy\" class=\"alignleft size-medium wp-image-1810\" alt=\"directiva acsa 2018\" src=\"https:\/\/www.laencamisa.es\/inicio\/wp-content\/uploads\/2018\/01\/directiva-acsa-2018-244x300.jpg\" width=\"244\" height=\"300\" srcset=\"https:\/\/www.laencamisa.es\/inicio\/wp-content\/uploads\/2018\/01\/directiva-acsa-2018-244x300.jpg 244w, https:\/\/www.laencamisa.es\/inicio\/wp-content\/uploads\/2018\/01\/directiva-acsa-2018-835x1024.jpg 835w, https:\/\/www.laencamisa.es\/inicio\/wp-content\/uploads\/2018\/01\/directiva-acsa-2018.jpg 1638w\" sizes=\"(max-width: 244px) 100vw, 244px\" \/><\/a>Parece que fue ayer cuando est\u00e1bamos nerviosos esperando en la puerta de la asamblea, desde ese d\u00eda nos comprometimos a hacer un buen trabajo y a intentar que todo el p\u00fablico quedara lo m\u00e1s contento posible.<\/p>\n<p>Nuestro esfuerzo ha sido capaz de sacar adelante un a\u00f1o m\u00e1s lo que todos los sanantoneros esperan, por eso damos las gracias al apoyo que aporta la gente que entiende que esto es algo voluntario y agradecen que cada a\u00f1o haya gente dedicando su tiempo por una fiesta tan importante como es La Encamis\u00e1. Todo esto no ser\u00eda posible si un pueblo no se volcara ayudando cada uno a su manera a que pueda continuar esta tradici\u00f3n.<\/p>\n<p>A esas personas que aun habiendo cumplido sus dos a\u00f1os, no han parado a\u00f1o tras a\u00f1o de dedicar tiempo para que no falte ning\u00fan detalle. Todo esto existe porque es una experiencia maravillosa, que nosotros este a\u00f1o disfrutaremos la mayor\u00eda de la directiva con pena sabiendo que es nuestro \u00faltimo a\u00f1o en esta andadura. Animamos a que la gente entre y sienta que la fiesta te empapa y se convierte en algo m\u00e1s especial de lo que ya es.<\/p>\n<p>Como hemos dicho, este a\u00f1o salimos doce integrantes de esta directiva, quedando tres directivos al frente para el siguiente a\u00f1o que esperamos que lo hagan con tanta ilusi\u00f3n como hasta ahora lo han ido haciendo todas las directivas que pasaron por aqu\u00ed.<\/p>\n<p>Dar las gracias un a\u00f1o m\u00e1s a todos los negocios que colaboran con esta fiesta sabiendo lo dif\u00edcil que es en estos tiempos.<br \/>\nY con mucha ilusi\u00f3n comenzaremos nuestras fiestas el 16 de enero deseando que sean gratas para todas las personas que deseen asistir y dejando un cachito de nosotros en ella para que las disfrut\u00e9is al m\u00e1ximo.<\/p>\n<p>La Directiva de San Ant\u00f3n Abad les desea Felices Fiestas y en Pela \u00a1\u00a1\u00a1Viva San Ant\u00f3n!!!<\/p>\n<p><strong>Saluda del Alcalde<\/strong><\/p>\n<p><a href=\"https:\/\/www.laencamisa.es\/inicio\/wp-content\/uploads\/2018\/01\/Francisco-Javier-Fern\u00e1ndez-Cano-Alcalde-Navalvillar-.jpg\"><img loading=\"lazy\" class=\"alignleft size-medium wp-image-1811\" alt=\"Francisco Javier Fern\u00e1ndez Cano-Alcalde Navalvillar\" src=\"https:\/\/www.laencamisa.es\/inicio\/wp-content\/uploads\/2018\/01\/Francisco-Javier-Fern\u00e1ndez-Cano-Alcalde-Navalvillar--199x300.jpg\" width=\"199\" height=\"300\" srcset=\"https:\/\/www.laencamisa.es\/inicio\/wp-content\/uploads\/2018\/01\/Francisco-Javier-Fern\u00e1ndez-Cano-Alcalde-Navalvillar--199x300.jpg 199w, https:\/\/www.laencamisa.es\/inicio\/wp-content\/uploads\/2018\/01\/Francisco-Javier-Fern\u00e1ndez-Cano-Alcalde-Navalvillar--682x1024.jpg 682w, https:\/\/www.laencamisa.es\/inicio\/wp-content\/uploads\/2018\/01\/Francisco-Javier-Fern\u00e1ndez-Cano-Alcalde-Navalvillar-.jpg 1825w\" sizes=\"(max-width: 199px) 100vw, 199px\" \/><\/a>Estimados vecinos, otro a\u00f1o m\u00e1s llegan las Fiestas m\u00e1s queridas y anheladas por todos los pele\u00f1os, las Fiestas en honor de nuestro Santo Patr\u00f3n, San Ant\u00f3n Abad.<\/p>\n<p>Las labores agr\u00edcolas ya han dado comienzo para recoger nuestro preciado oro l\u00edquido de los olivos, las navidades ya quedaron atr\u00e1s, nochevieja volvi\u00f3 a pasar como cada a\u00f1o y el esperado D\u00eda de Reyes nos trae el mejor regalo para todos, mayores y ni\u00f1os, la Bajada del Santo y el comienzo de los actos de la festividad de San Ant\u00f3n.<\/p>\n<p>La Encamis\u00e1 es la fiesta m\u00e1s deseada por todos los pele\u00f1os y por muchos hijos de Pela que por circunstancias de la vida un d\u00eda tuvieron que emigrar;pero que vuelven a su Fiesta, a sus or\u00edgenes y al calor de sus familias, siempre ser\u00e1n bien recibidos y tendr\u00e1n un espacio entre nosotros.<\/p>\n<p>Es de justicia que todos reconozcamos la labor y el esfuerzo realizado por todos y cada uno de los miembros de la Directiva y especialmente el compromiso de su Mayordomo, por hacer que la fiesta crezca, por promocionarla como se merece y por dar a conocer nuestro \u201ctesoro\u201d en todos los foros y lugares.<\/p>\n<p>En un a\u00f1o tan especial como 2018, a\u00f1o en el que conmemoramos el 600 Aniversario de la Fundaci\u00f3n de nuestro pueblo, que cada pele\u00f1o sea el mejor embajador de La Encamis\u00e1, que cada sanantonero sea un referente en promoci\u00f3n tur\u00edstica para que nuestra Fiesta sea tan grande como es en nuestros corazones.<\/p>\n<p>Cuando llegue el d\u00eda 16 de Enero recordad, que la hospitalidad sea el caballo en el que galopar, que la camarader\u00eda sea el atronador repique del tamborilero y la alegr\u00eda sea la bandera de la victoria para que nuestra voz suene como un solo sanantonero al grito de \u00a1\u00a1\u00a1\u00a1\u00a1\u00a1VIVA SAN ANT\u00d3N!!!!!<\/p>\n<p>Os deseo unas Felices Fiestas de San Ant\u00f3n Abad y os invito a que particip\u00e9is de todas las actividades de este Programa de Festejos, espero que os guste.<\/p>\n<p>Recibid un abrazo.<\/p>\n<p>Francisco Javier Fern\u00e1ndez Cano<\/p>\n<p>Alcalde-Presidente de Navalvillar de Pela.<\/p>\n","protected":false},"excerpt":{"rendered":"<p>SALUDA DE LA DIRECTIVA 2018 Parece que fue ayer cuando est\u00e1bamos nerviosos esperando en la puerta de la asamblea, desde ese d\u00eda nos comprometimos a hacer un buen trabajo y a intentar que todo el p\u00fablico quedara lo m\u00e1s contento <span class=\"excerpt-dots\">&hellip;<\/span> <a class=\"more-link\" href=\"https:\/\/www.laencamisa.es\/inicio\/la-fiesta\/saludas\/saludas-2018\/\"><span class=\"more-msg\">Sigue leyendo &rarr;<\/span><\/a><\/p>\n","protected":false},"author":1,"featured_media":0,"parent":952,"menu_order":0,"comment_status":"closed","ping_status":"closed","template":"","meta":{"ngg_post_thumbnail":0,"_links_to":"","_links_to_target":""},"_links":{"self":[{"href":"https:\/\/www.laencamisa.es\/inicio\/wp-json\/wp\/v2\/pages\/1808"}],"collection":[{"href":"https:\/\/www.laencamisa.es\/inicio\/wp-json\/wp\/v2\/pages"}],"about":[{"href":"https:\/\/www.laencamisa.es\/inicio\/wp-json\/wp\/v2\/types\/page"}],"author":[{"embeddable":true,"href":"https:\/\/www.laencamisa.es\/inicio\/wp-json\/wp\/v2\/users\/1"}],"replies":[{"embeddable":true,"href":"https:\/\/www.laencamisa.es\/inicio\/wp-json\/wp\/v2\/comments?post=1808"}],"version-history":[{"count":3,"href":"https:\/\/www.laencamisa.es\/inicio\/wp-json\/wp\/v2\/pages\/1808\/revisions"}],"predecessor-version":[{"id":2612,"href":"https:\/\/www.laencamisa.es\/inicio\/wp-json\/wp\/v2\/pages\/1808\/revisions\/2612"}],"up":[{"embeddable":true,"href":"https:\/\/www.laencamisa.es\/inicio\/wp-json\/wp\/v2\/pages\/952"}],"wp:attachment":[{"href":"https:\/\/www.laencamisa.es\/inicio\/wp-json\/wp\/v2\/media?parent=1808"}],"curies":[{"name":"wp","href":"https:\/\/api.w.org\/{rel}","templated":true}]}}