{"id":1682,"date":"2016-12-30T17:38:00","date_gmt":"2016-12-30T17:38:00","guid":{"rendered":"http:\/\/www.laencamisa.es\/inicio\/?page_id=1682"},"modified":"2022-04-16T07:08:47","modified_gmt":"2022-04-16T07:08:47","slug":"saludas-2017","status":"publish","type":"page","link":"https:\/\/www.laencamisa.es\/inicio\/la-fiesta\/saludas\/saludas-2017\/","title":{"rendered":"Saludas 2017"},"content":{"rendered":"<p><strong>SALUDA DE LA DIRECTIVA 2017<\/strong><\/p>\n<p><a href=\"https:\/\/www.laencamisa.es\/inicio\/wp-content\/uploads\/2016\/12\/directiva-2017.jpg\"><img loading=\"lazy\" class=\"alignleft size-medium wp-image-1683\" alt=\"directiva 2017\" src=\"https:\/\/www.laencamisa.es\/inicio\/wp-content\/uploads\/2016\/12\/directiva-2017-253x300.jpg\" width=\"253\" height=\"300\" srcset=\"https:\/\/www.laencamisa.es\/inicio\/wp-content\/uploads\/2016\/12\/directiva-2017-253x300.jpg 253w, https:\/\/www.laencamisa.es\/inicio\/wp-content\/uploads\/2016\/12\/directiva-2017.jpg 850w\" sizes=\"(max-width: 253px) 100vw, 253px\" \/><\/a>Desde el mes de octubre tenemos un objetivo, que cada a\u00f1o todo revivamos ese sentimiento cada 16 de enero y disfrutemos de nuestras fiestas m\u00e1s esperadas.<br \/>\nSon muchas noches de reuniones, preparativos y esfuerzos, donde la directiva intenta que todo el mundo se sienta acogido, transmitiendo la ilusi\u00f3n que cada uno de nosotros ponemos d\u00eda a d\u00eda para que cuando llegue el momento est\u00e9 todo listo y podamos disfrutar de esta fiesta tan importante para nosotros y reconocida como fiesta de inter\u00e9s tur\u00edstico regional.<\/p>\n<p>Como cada dos a\u00f1os, se van realizando cambios, este es un a\u00f1o en el que se renueva mayordomo y con \u00e9l parte de su directiva esperando que estos dos a\u00f1os sean unos a\u00f1os inolvidables.<br \/>\nTambi\u00e9n hay que hacer referencia a quien desinteresadamente aportan su granito de arena para que todo esto sea posible y como no a esos antiguos directivos, mayordomos, establecimiento, etc que cada a\u00f1o est\u00e1n respaldando a la directiva para que todo brille y sea especial.<\/p>\n<p>Esperamos cumplir con nuestras fiestas y conseguir entre todos, que cada a\u00f1o se valore el esfuerzo que se realiza por parte de la directiva para conseguir que todo sea de agrado para todos los vecinos y asistentes, logrando poco a poco que las cr\u00edticas que se hagan de nuestra fiesta \u201cLa Encamisa\u201d sean constructivas.<\/p>\n<p>Finalmente, aprovechamos para pedir al pueblo que sea participe y asista a los eventos que se realizan especialmente para que disfrut\u00e9is de ellos.<br \/>\nOs deseamos desde la directiva unas felices fiestas y.. QUE VIVA SAN ANTON<\/p>\n<p><strong>Saluda del Alcalde<\/strong><\/p>\n<p><a href=\"https:\/\/www.laencamisa.es\/inicio\/wp-content\/uploads\/2015\/12\/alcalde.jpg\"><img loading=\"lazy\" class=\"alignleft size-medium wp-image-1483\" alt=\"Francisco Javier Fern\u00e1ndez Cano\" src=\"https:\/\/www.laencamisa.es\/inicio\/wp-content\/uploads\/2015\/12\/alcalde-245x300.jpg\" width=\"245\" height=\"300\" srcset=\"https:\/\/www.laencamisa.es\/inicio\/wp-content\/uploads\/2015\/12\/alcalde-245x300.jpg 245w, https:\/\/www.laencamisa.es\/inicio\/wp-content\/uploads\/2015\/12\/alcalde.jpg 737w\" sizes=\"(max-width: 245px) 100vw, 245px\" \/><\/a>Cuando termina el oto\u00f1o y empieza el invierno, Pela despierta del letargo; empieza la campa\u00f1a agr\u00edcola de nuestro producto m\u00e1s reconocido, la aceituna; comienza la temporada de las matanzas domiciliarias que tan buenos embutidos dan para las familias; se acercan las navidades, noche buena, a\u00f1o nuevo y cuando llega el d\u00eda de los reyes\u2026.. se d\u00e1 el pistoletazo oficial de salida para otro San Ant\u00f3n.<\/p>\n<p>Meses antes de esa fecha de enero una nueva directiva y un nuevo Mayordomo comienzan a dar sus primeros pasos, con la ilusi\u00f3n y esp\u00edritu de trabajo para que todo salga muy bien. Su compromiso y esfuerzo colectivo es la mejor garant\u00eda de que la FIESTA de todos los pele\u00f1os sigue siendo un referente en toda Extremadura.<\/p>\n<p>A todos los pele\u00f1os nos hierve la sangre, se nos acelera el coraz\u00f3n y sentimos esas mariposas en el est\u00f3mago cuando llega \u201cLa Encamis\u00e1\u201d. Haga frio, haga bueno, llueva o nieve, la emoci\u00f3n nos envuelve cuando hablamos de nuestro Santo Patr\u00f3n.<\/p>\n<p>En estas semanas previas, que cada vecino sea el mayor de los sanantoneros para promocionar nuestra \u201cEncamis\u00e1\u201d, que la hospitalidad sea la mejor se\u00f1a de identidad de nuestra tradici\u00f3n, que la alegr\u00eda desborde nuestras calles y unamos nuestras voces como un s\u00f3lo jinete al grito atronador de \u00a1\u00a1\u00a1\u00a1VIVA SAN ANT\u00d3N!!!!<\/p>\n<p>Espero que todos disfrut\u00e9is con el programa de actividades que ha dise\u00f1ado la Directiva de la Cofrad\u00eda y particip\u00e9is con ella para hacer m\u00e1s grande a\u00fan nuestras Fiestas Patronales.<\/p>\n<p>Recibid un fuerte abrazo<br \/>\nFrancisco Javier Fern\u00e1ndez Cano<br \/>\nAlcalde-Presidente de Navalvillar de Pela.<\/p>\n","protected":false},"excerpt":{"rendered":"<p>SALUDA DE LA DIRECTIVA 2017 Desde el mes de octubre tenemos un objetivo, que cada a\u00f1o todo revivamos ese sentimiento cada 16 de enero y disfrutemos de nuestras fiestas m\u00e1s esperadas. Son muchas noches de reuniones, preparativos y esfuerzos, donde <span class=\"excerpt-dots\">&hellip;<\/span> <a class=\"more-link\" href=\"https:\/\/www.laencamisa.es\/inicio\/la-fiesta\/saludas\/saludas-2017\/\"><span class=\"more-msg\">Sigue leyendo &rarr;<\/span><\/a><\/p>\n","protected":false},"author":1,"featured_media":0,"parent":952,"menu_order":0,"comment_status":"closed","ping_status":"closed","template":"","meta":{"ngg_post_thumbnail":0,"_links_to":"","_links_to_target":""},"_links":{"self":[{"href":"https:\/\/www.laencamisa.es\/inicio\/wp-json\/wp\/v2\/pages\/1682"}],"collection":[{"href":"https:\/\/www.laencamisa.es\/inicio\/wp-json\/wp\/v2\/pages"}],"about":[{"href":"https:\/\/www.laencamisa.es\/inicio\/wp-json\/wp\/v2\/types\/page"}],"author":[{"embeddable":true,"href":"https:\/\/www.laencamisa.es\/inicio\/wp-json\/wp\/v2\/users\/1"}],"replies":[{"embeddable":true,"href":"https:\/\/www.laencamisa.es\/inicio\/wp-json\/wp\/v2\/comments?post=1682"}],"version-history":[{"count":3,"href":"https:\/\/www.laencamisa.es\/inicio\/wp-json\/wp\/v2\/pages\/1682\/revisions"}],"predecessor-version":[{"id":2611,"href":"https:\/\/www.laencamisa.es\/inicio\/wp-json\/wp\/v2\/pages\/1682\/revisions\/2611"}],"up":[{"embeddable":true,"href":"https:\/\/www.laencamisa.es\/inicio\/wp-json\/wp\/v2\/pages\/952"}],"wp:attachment":[{"href":"https:\/\/www.laencamisa.es\/inicio\/wp-json\/wp\/v2\/media?parent=1682"}],"curies":[{"name":"wp","href":"https:\/\/api.w.org\/{rel}","templated":true}]}}