{"id":1641,"date":"2016-10-30T11:28:59","date_gmt":"2016-10-30T11:28:59","guid":{"rendered":"http:\/\/www.laencamisa.es\/inicio\/?page_id=1641"},"modified":"2022-04-16T07:12:40","modified_gmt":"2022-04-16T07:12:40","slug":"acervo-sanantonero","status":"publish","type":"page","link":"https:\/\/www.laencamisa.es\/inicio\/la-fiesta\/poesias-de-san-anton\/acervo-sanantonero\/","title":{"rendered":"Acervo Sanantonero"},"content":{"rendered":"<p>El himno de mi alegr\u00eda<br \/>\nes la fiesta de mi pueblo,<br \/>\nlo manda un santo patr\u00f3n,<br \/>\nel San Ant\u00f3n m\u00e1s fiestero<br \/>\nque cabalga por la noche<br \/>\nendulzando los <em>bi\u00f1uelos<\/em>,<br \/>\nregando con rojo vino<br \/>\na la boca del pele\u00f1o<br \/>\npara sus alegres vivas<br \/>\nensalzando a su se\u00f1ero<br \/>\nque baila bandera blanca<br \/>\nal son del tamborilero.<\/p>\n<p>Nuestras hogueras crepitan<br \/>\ncon llamas como luceros<br \/>\ny Navalvillar de Pela<br \/>\nrevive del fr\u00edo enero,<br \/>\nse calientan corazones,<br \/>\naparecen los recuerdos<br \/>\nde nuestros seres queridos<br \/>\nque la corren desde el cielo,<br \/>\nporque es nuestra <em>Encamis\u00e1<\/em><br \/>\nla mejor del mundo entero.<\/p>\n<p>Somos un pueblo con suerte<br \/>\ncon fortaleza y empe\u00f1o,<br \/>\nel monte nos da la le\u00f1a,<br \/>\nnuestros caballos el hierro,<br \/>\nlos zahones su importancia,<br \/>\nla gracia de los pa\u00f1uelos<br \/>\nsobre las camisas blancas<br \/>\ny enroscado en los cabellos,<br \/>\nSan Ant\u00f3n pone las manos,<br \/>\nlas pele\u00f1as el acervo<br \/>\nque sus mantas guapas lucen<br \/>\ny no se pierde \u00ablo nuestro\u00bb.<\/p>\n<p>Con repique de campanas<br \/>\ny cohetes en Enero<br \/>\nnos hermana un San Fulgencio<br \/>\ngritando vivas mi pueblo:<br \/>\n\u00a1Viva San Ant\u00f3n bendito!,<br \/>\nque viva, a\u00fan estando lejos.<\/p>\n<p>Caridad Jim\u00e9nez Parralejo. 2016<\/p>\n<div style=\"width: 400px;\" class=\"wp-video\"><!--[if lt IE 9]><script>document.createElement('video');<\/script><![endif]-->\n<video class=\"wp-video-shortcode\" id=\"video-1641-1\" width=\"400\" height=\"300\" preload=\"metadata\" controls=\"controls\"><source type=\"video\/mp4\" src=\"https:\/\/www.laencamisa.es\/inicio\/wp-content\/uploads\/2016\/10\/Acervo-sanantonero-Caridad-Jimenez.mp4?_=1\" \/><a href=\"https:\/\/www.laencamisa.es\/inicio\/wp-content\/uploads\/2016\/10\/Acervo-sanantonero-Caridad-Jimenez.mp4\">https:\/\/www.laencamisa.es\/inicio\/wp-content\/uploads\/2016\/10\/Acervo-sanantonero-Caridad-Jimenez.mp4<\/a><\/video><\/div>\n<p>&nbsp;<\/p>\n","protected":false},"excerpt":{"rendered":"<p>El himno de mi alegr\u00eda es la fiesta de mi pueblo, lo manda un santo patr\u00f3n, el San Ant\u00f3n m\u00e1s fiestero que cabalga por la noche endulzando los bi\u00f1uelos, regando con rojo vino a la boca del pele\u00f1o para sus <span class=\"excerpt-dots\">&hellip;<\/span> <a class=\"more-link\" href=\"https:\/\/www.laencamisa.es\/inicio\/la-fiesta\/poesias-de-san-anton\/acervo-sanantonero\/\"><span class=\"more-msg\">Sigue leyendo &rarr;<\/span><\/a><\/p>\n","protected":false},"author":1,"featured_media":0,"parent":517,"menu_order":0,"comment_status":"closed","ping_status":"closed","template":"","meta":{"ngg_post_thumbnail":0,"_links_to":"","_links_to_target":""},"_links":{"self":[{"href":"https:\/\/www.laencamisa.es\/inicio\/wp-json\/wp\/v2\/pages\/1641"}],"collection":[{"href":"https:\/\/www.laencamisa.es\/inicio\/wp-json\/wp\/v2\/pages"}],"about":[{"href":"https:\/\/www.laencamisa.es\/inicio\/wp-json\/wp\/v2\/types\/page"}],"author":[{"embeddable":true,"href":"https:\/\/www.laencamisa.es\/inicio\/wp-json\/wp\/v2\/users\/1"}],"replies":[{"embeddable":true,"href":"https:\/\/www.laencamisa.es\/inicio\/wp-json\/wp\/v2\/comments?post=1641"}],"version-history":[{"count":2,"href":"https:\/\/www.laencamisa.es\/inicio\/wp-json\/wp\/v2\/pages\/1641\/revisions"}],"predecessor-version":[{"id":1647,"href":"https:\/\/www.laencamisa.es\/inicio\/wp-json\/wp\/v2\/pages\/1641\/revisions\/1647"}],"up":[{"embeddable":true,"href":"https:\/\/www.laencamisa.es\/inicio\/wp-json\/wp\/v2\/pages\/517"}],"wp:attachment":[{"href":"https:\/\/www.laencamisa.es\/inicio\/wp-json\/wp\/v2\/media?parent=1641"}],"curies":[{"name":"wp","href":"https:\/\/api.w.org\/{rel}","templated":true}]}}