{"id":1326,"date":"2015-01-22T18:20:08","date_gmt":"2015-01-22T18:20:08","guid":{"rendered":"http:\/\/www.laencamisa.es\/inicio\/?page_id=1326"},"modified":"2022-04-16T07:11:39","modified_gmt":"2022-04-16T07:11:39","slug":"padres-asi-es-la-nueva-encamisa","status":"publish","type":"page","link":"https:\/\/www.laencamisa.es\/inicio\/la-fiesta\/poesias-de-san-anton\/padres-asi-es-la-nueva-encamisa\/","title":{"rendered":"Padres, as\u00ed es la nueva Encamis\u00e1"},"content":{"rendered":"<p>Padre, Madre, quiero contaros que en La Encamis\u00e1 de este a\u00f1o, el tambor lo ha tocado una ni\u00f1a, otra vez, ya van dos tamborileras con sentimiento, dando 3 vueltas a la carrera de San Ant\u00f3n junto a su bandera blanca.<\/p>\n<p>Pero este a\u00f1o, os he extra\u00f1ado a\u00fan m\u00e1s en vuestra casa, dando los \u00abbi\u00f1uelos\u00bb y el vino a pele\u00f1os y forasteros porque por primera vez, en este 2015, hay una Mayordoma, con orgullo y buen hacer, como corresponde a tener en sus manos depositada toda la herencia de un pueblo.<\/p>\n<p>Madre, Padre, si los dos me dejasteis correr la carrera con apenas 13 a\u00f1os, cuando \u00e9ramos tan pocas las mujeres que lo hac\u00edamos y ante el riesgo de que nos multaran por ello, hoy, que ya he pasado a la infanter\u00eda quiero mostraros como lucen las pele\u00f1as el Gorro de San Ant\u00f3n, no hay indumentaria m\u00e1s elegante que un pa\u00f1uelo de seda de mil flores adornando la cabeza de una mujer a modo del antiguo casco indio persa.<\/p>\n<p>Si padres, todos los a\u00f1os el primer viva es para vosotros, desde el coraz\u00f3n, y mientras pueda seguir\u00e9 regresando a la fiesta de mis ancestros&#8230; por seguir vivo en m\u00ed vuestro recuerdo&#8230; \u00a1Viva San Ant\u00f3n, Viva San Fulguencio, Viva San Antonino y Viva el Chiquirrinino!<\/p>\n<p>Autora: Caridad Jimenez Parralejo.2015<\/p>\n","protected":false},"excerpt":{"rendered":"<p>Padre, Madre, quiero contaros que en La Encamis\u00e1 de este a\u00f1o, el tambor lo ha tocado una ni\u00f1a, otra vez, ya van dos tamborileras con sentimiento, dando 3 vueltas a la carrera de San Ant\u00f3n junto a su bandera blanca. <span class=\"excerpt-dots\">&hellip;<\/span> <a class=\"more-link\" href=\"https:\/\/www.laencamisa.es\/inicio\/la-fiesta\/poesias-de-san-anton\/padres-asi-es-la-nueva-encamisa\/\"><span class=\"more-msg\">Sigue leyendo &rarr;<\/span><\/a><\/p>\n","protected":false},"author":1,"featured_media":0,"parent":517,"menu_order":0,"comment_status":"closed","ping_status":"closed","template":"","meta":{"ngg_post_thumbnail":0,"_links_to":"","_links_to_target":""},"_links":{"self":[{"href":"https:\/\/www.laencamisa.es\/inicio\/wp-json\/wp\/v2\/pages\/1326"}],"collection":[{"href":"https:\/\/www.laencamisa.es\/inicio\/wp-json\/wp\/v2\/pages"}],"about":[{"href":"https:\/\/www.laencamisa.es\/inicio\/wp-json\/wp\/v2\/types\/page"}],"author":[{"embeddable":true,"href":"https:\/\/www.laencamisa.es\/inicio\/wp-json\/wp\/v2\/users\/1"}],"replies":[{"embeddable":true,"href":"https:\/\/www.laencamisa.es\/inicio\/wp-json\/wp\/v2\/comments?post=1326"}],"version-history":[{"count":2,"href":"https:\/\/www.laencamisa.es\/inicio\/wp-json\/wp\/v2\/pages\/1326\/revisions"}],"predecessor-version":[{"id":1328,"href":"https:\/\/www.laencamisa.es\/inicio\/wp-json\/wp\/v2\/pages\/1326\/revisions\/1328"}],"up":[{"embeddable":true,"href":"https:\/\/www.laencamisa.es\/inicio\/wp-json\/wp\/v2\/pages\/517"}],"wp:attachment":[{"href":"https:\/\/www.laencamisa.es\/inicio\/wp-json\/wp\/v2\/media?parent=1326"}],"curies":[{"name":"wp","href":"https:\/\/api.w.org\/{rel}","templated":true}]}}