{"id":1312,"date":"2015-01-15T17:55:07","date_gmt":"2015-01-15T17:55:07","guid":{"rendered":"http:\/\/www.laencamisa.es\/inicio\/?page_id=1312"},"modified":"2022-04-16T07:13:31","modified_gmt":"2022-04-16T07:13:31","slug":"la-encamisa","status":"publish","type":"page","link":"https:\/\/www.laencamisa.es\/inicio\/la-fiesta\/poesias-de-san-anton\/la-encamisa\/","title":{"rendered":"La Encamis\u00e1"},"content":{"rendered":"<p>No son s\u00f3lo caballos y jinetes,<br \/>\nNi las grandes hogueras del pueblo,<br \/>\nO los litros de pitarra y kilos de \u201cbi\u00f1uelos\u201d.<\/p>\n<p>No son s\u00f3lo los cohetes,<br \/>\nCamisa blanca, faja, coloridos pa\u00f1uelos,<br \/>\nO esos gorros puntiagudos mirando al cielo.<\/p>\n<p>No es s\u00f3lo el tambor haciendo su recorrido,<br \/>\nNi la infanter\u00eda animando el festejo<br \/>\nO el asombro de ni\u00f1os y forasteros.<\/p>\n<p>No son s\u00f3lo esas mantas \u201cguapas\u201d<br \/>\nTejidas a mano por los nuestros,<br \/>\nO esos madro\u00f1os de colores repletos.<\/p>\n<p>No, no es s\u00f3lo lo que el ojo forastero puede ver,<br \/>\nLas l\u00e1grimas que nos recorren la piel,<br \/>\nO la presi\u00f3n en el pecho con la que sentimos arder.<\/p>\n<p>Es algo mucho m\u00e1s grande, inexplicable,<br \/>\nEs la historia de un pueblo,<br \/>\nLa esencia de aquello que es nuestro.<\/p>\n<p>\u00bfC\u00f3mo describir su significado?<br \/>\nPor m\u00e1s que lo intento, no puedo,<br \/>\nNo encuentro palabras para tal sentimiento.<\/p>\n<p>Hay que nacer en Pela para ser \u201cSanantonero\u201d<br \/>\nY para entender lo que ocurre el 16 de Enero,<br \/>\nAunque cada vez son m\u00e1s los que forman parte de ello.<\/p>\n<p>Ya lo dice nuestra renombrada jota,<br \/>\n\u201cEncanto de pele\u00f1os y forasteros\u201d,<br \/>\nAs\u00ed que no lo dudes, a\u00fan est\u00e1s a tiempo.<\/p>\n<p>Y como no podr\u00eda ser de otra forma,<br \/>\nLleg\u00f3 la hora del comienzo,<br \/>\nDe lanzar nuestros \u201cVIVAS\u201d al cielo.<\/p>\n<p>Pele\u00f1os, forasteros,<br \/>\n\u00a1VIVA SAN ANT\u00d3N BENDITO!<\/p>\n<p>V\u00edctor Gallego Baviano<\/p>\n","protected":false},"excerpt":{"rendered":"<p>No son s\u00f3lo caballos y jinetes, Ni las grandes hogueras del pueblo, O los litros de pitarra y kilos de \u201cbi\u00f1uelos\u201d. No son s\u00f3lo los cohetes, Camisa blanca, faja, coloridos pa\u00f1uelos, O esos gorros puntiagudos mirando al cielo. No es <span class=\"excerpt-dots\">&hellip;<\/span> <a class=\"more-link\" href=\"https:\/\/www.laencamisa.es\/inicio\/la-fiesta\/poesias-de-san-anton\/la-encamisa\/\"><span class=\"more-msg\">Sigue leyendo &rarr;<\/span><\/a><\/p>\n","protected":false},"author":1,"featured_media":0,"parent":517,"menu_order":0,"comment_status":"closed","ping_status":"closed","template":"","meta":{"ngg_post_thumbnail":0,"_links_to":"","_links_to_target":""},"_links":{"self":[{"href":"https:\/\/www.laencamisa.es\/inicio\/wp-json\/wp\/v2\/pages\/1312"}],"collection":[{"href":"https:\/\/www.laencamisa.es\/inicio\/wp-json\/wp\/v2\/pages"}],"about":[{"href":"https:\/\/www.laencamisa.es\/inicio\/wp-json\/wp\/v2\/types\/page"}],"author":[{"embeddable":true,"href":"https:\/\/www.laencamisa.es\/inicio\/wp-json\/wp\/v2\/users\/1"}],"replies":[{"embeddable":true,"href":"https:\/\/www.laencamisa.es\/inicio\/wp-json\/wp\/v2\/comments?post=1312"}],"version-history":[{"count":1,"href":"https:\/\/www.laencamisa.es\/inicio\/wp-json\/wp\/v2\/pages\/1312\/revisions"}],"predecessor-version":[{"id":1313,"href":"https:\/\/www.laencamisa.es\/inicio\/wp-json\/wp\/v2\/pages\/1312\/revisions\/1313"}],"up":[{"embeddable":true,"href":"https:\/\/www.laencamisa.es\/inicio\/wp-json\/wp\/v2\/pages\/517"}],"wp:attachment":[{"href":"https:\/\/www.laencamisa.es\/inicio\/wp-json\/wp\/v2\/media?parent=1312"}],"curies":[{"name":"wp","href":"https:\/\/api.w.org\/{rel}","templated":true}]}}