{"id":1285,"date":"2015-01-06T10:05:59","date_gmt":"2015-01-06T10:05:59","guid":{"rendered":"http:\/\/www.laencamisa.es\/inicio\/?page_id=1285"},"modified":"2022-04-16T07:08:34","modified_gmt":"2022-04-16T07:08:34","slug":"saludas-2015","status":"publish","type":"page","link":"https:\/\/www.laencamisa.es\/inicio\/la-fiesta\/saludas\/saludas-2015\/","title":{"rendered":"Saludas 2015"},"content":{"rendered":"<p><strong>SALUDA DE LA DIRECTIVA 2015<\/strong><\/p>\n<p>PELE\u00d1OS, FORASTEROS, SANANTONEROS.<\/p>\n<p><a href=\"https:\/\/www.laencamisa.es\/inicio\/wp-content\/uploads\/2015\/01\/DIRECTIVA-2015.jpg\"><img loading=\"lazy\" class=\"alignleft size-medium wp-image-1286\" alt=\"DIRECTIVA ACSA 2015\" src=\"https:\/\/www.laencamisa.es\/inicio\/wp-content\/uploads\/2015\/01\/DIRECTIVA-2015-300x216.jpg\" width=\"328\" height=\"236\" srcset=\"https:\/\/www.laencamisa.es\/inicio\/wp-content\/uploads\/2015\/01\/DIRECTIVA-2015-300x216.jpg 300w, https:\/\/www.laencamisa.es\/inicio\/wp-content\/uploads\/2015\/01\/DIRECTIVA-2015-1024x739.jpg 1024w, https:\/\/www.laencamisa.es\/inicio\/wp-content\/uploads\/2015\/01\/DIRECTIVA-2015-415x300.jpg 415w, https:\/\/www.laencamisa.es\/inicio\/wp-content\/uploads\/2015\/01\/DIRECTIVA-2015.jpg 1250w\" sizes=\"(max-width: 328px) 100vw, 328px\" \/><\/a>Un a\u00f1o m\u00e1s la llegada del invierno, el sonido de las ronde\u00f1as, el fr\u00edo, la aceituna y la sementera nos hace recordar que se avecina el mes m\u00e1s<br \/>\nadorado por todos los pele\u00f1os, amenizado por nuestras populares fiestas.<\/p>\n<p>La nueva directiva formada por 10 miembros nuevos y 5 veteranos y guiados por los consejos de los antiguos, afronta este nuevo reto con una ilusi\u00f3n y frenes\u00ed m\u00e1gico.<\/p>\n<p>Somos conscientes que a unos les gustar\u00e1 nuestro trabajo y nuestras decisiones, a otros no, pero lo que si podemos asegurarles es que lo hacemos con mucho entusiasmo y pasi\u00f3n, para que todos pod\u00e1is sentiros orgullosos de las fiestas de vuestro pueblo.<\/p>\n<p>Como sab\u00e9is la calidad de nuestra fiesta es fruto de vuestra generosidad, y del trabajo desinteresado de todas aquellas personas ( mayordomos, antiguas directivas, cofrades, establecimientos, personas que no est\u00e1n..) que se identifican con la misma y que luchan a\u00f1o tras a\u00f1o por que esta tradici\u00f3n no cese, y crezca a lo largo del tiempo. Por tanto agradecerles a ellos y a otros no mencionados su compromiso con la misma y animarles para que sigan en esta l\u00ednea tan satisfactoria durante muchos a\u00f1os.<\/p>\n<p>Me gustar\u00eda reservar unas l\u00edneas para dedicar un recuerdo a quienes est\u00e1n ausentes, a los que no pueden asistir por varios motivos, a los que est\u00e1n pasando por momentos dif\u00edciles y a los que compartieron fechas pasadas y hoy no se encuentran entre nosotros, e invitarles a que difundan nuestra fiesta por aquel lugar donde se encuentren, porque \u201cLa Encamis\u00e1\u201d es algo legendario y \u00fanico que no muchos pueden presumir de tener.<\/p>\n<p>Aprovechamos tambi\u00e9n para invitar a todas las personas que viven nuestro San Ant\u00f3n, a sentir la experiencia de formar parte de la directiva, en la cual se convive y trabaja con personas de diferentes edades, pensamientos e ideas, viviendo momentos personales irrepetibles con un mismo fin, vivir una noche donde los nervios se conviertan en euforia.<\/p>\n<p>Sin m\u00e1s, la directiva de San Ant\u00f3n Abad les desea unas felices fiestas.<\/p>\n<p>\u00a1\u00a1\u00a1 Viva San Ant\u00f3n !!!<\/p>\n<p><strong>Saluda del Alcalde<\/strong><\/p>\n<p><a href=\"https:\/\/www.laencamisa.es\/inicio\/wp-content\/uploads\/2013\/10\/manuel-sanchez-custodio-2009.jpg\"><img loading=\"lazy\" class=\"alignleft size-medium wp-image-985\" alt=\"manuel sanchez custodio-2009\" src=\"https:\/\/www.laencamisa.es\/inicio\/wp-content\/uploads\/2013\/10\/manuel-sanchez-custodio-2009-300x202.jpg\" width=\"300\" height=\"202\" srcset=\"https:\/\/www.laencamisa.es\/inicio\/wp-content\/uploads\/2013\/10\/manuel-sanchez-custodio-2009-300x202.jpg 300w, https:\/\/www.laencamisa.es\/inicio\/wp-content\/uploads\/2013\/10\/manuel-sanchez-custodio-2009-443x300.jpg 443w, https:\/\/www.laencamisa.es\/inicio\/wp-content\/uploads\/2013\/10\/manuel-sanchez-custodio-2009.jpg 531w\" sizes=\"(max-width: 300px) 100vw, 300px\" \/><\/a>Se acerca la fecha de \u201cLa Encamis\u00e1\u201d y ya lleva muchos d\u00edas la Directiva de la Cofrad\u00eda de San Ant\u00f3n trabajando en la organizaci\u00f3n de los actos en honor a nuestro Santo Patr\u00f3n.<br \/>\nEste a\u00f1o adem\u00e1s, con la grata presencia de una mujer presidi\u00e9ndola.<\/p>\n<p>Una vez m\u00e1s, y ya van 8 a\u00f1os, a petici\u00f3n de esta Directiva, me dirijo a vosotros.<br \/>\nEn esta ocasi\u00f3n con sabor especial para mi, ya que ser\u00e1 la \u00faltima en que lo haga<br \/>\ncomo Alcalde a trav\u00e9s de estas p\u00e1ginas con motivo de las fiestas.<\/p>\n<p>As\u00ed pues, antes que nada quiero agradecer a todos los pele\u00f1os la oportunidad<br \/>\nque me han otorgado a lo largo de estos a\u00f1os de poder ser el Alcalde de nuestro gran pueblo. Se que no siempre habr\u00e9 satisfecho las necesidades o las expectativas de todos, no es tarea f\u00e1cil, pero puedo decir, que me marcho con la satisfacci\u00f3n de haber trabajado ilusionado y comprometidamente junto con las personas del equipo de Gobierno, para hacer de Pela un pueblo pr\u00f3spero y con futuro del que nos podemos sentir orgullosos.<\/p>\n<p>Con estas l\u00edneas quiero mostraros mi m\u00e1s sincera gratitud y, si en algo no acert\u00e9, pedir disculpas a quien se haya podido sentir perjudicado; mi \u00fanica y prioritaria finalidad ha sido siempre el bien general para todos los vecinos.<\/p>\n<p>En \u00e9ste, mi \u00faltimo saluda, mi agradecimiento a todos los que hac\u00e9is posible que \u201cLa Carrera\u201d sea un verdadero \u00e9xito: la Cofrad\u00eda, las se\u00f1oras que hacen los Bu\u00f1uelos (dando el toque dulce y ancestral), los trabajadores del Ayuntamiento, Polic\u00eda, servicio de limpieza\u2026, en definitiva, a todos los que hac\u00e9is posible que todo salga bien.<\/p>\n<p>Con ilusi\u00f3n y compromiso es posible vivir momentos \u00fanicos e inolvidables, os<br \/>\nInvito a todos a disfrutar y compartir la especial noche del 16 de Enero, todos los<br \/>\nactos religiosos en honor a San Ant\u00f3n y todos los eventos l\u00fadicos y festivos que<br \/>\nha preparado la Directiva.<\/p>\n<p>Un fuerte y emocionado abrazo, siempre tendr\u00e9is en mi a un paisano y un amigo mas\u2026<\/p>\n<p>\u00a1\u00a1\u00a1 VIVA SAN ANT\u00d3N !!!<br \/>\nVuestro Alcalde.<\/p>\n","protected":false},"excerpt":{"rendered":"<p>SALUDA DE LA DIRECTIVA 2015 PELE\u00d1OS, FORASTEROS, SANANTONEROS. Un a\u00f1o m\u00e1s la llegada del invierno, el sonido de las ronde\u00f1as, el fr\u00edo, la aceituna y la sementera nos hace recordar que se avecina el mes m\u00e1s adorado por todos los <span class=\"excerpt-dots\">&hellip;<\/span> <a class=\"more-link\" href=\"https:\/\/www.laencamisa.es\/inicio\/la-fiesta\/saludas\/saludas-2015\/\"><span class=\"more-msg\">Sigue leyendo &rarr;<\/span><\/a><\/p>\n","protected":false},"author":1,"featured_media":0,"parent":952,"menu_order":0,"comment_status":"closed","ping_status":"closed","template":"","meta":{"ngg_post_thumbnail":0,"_links_to":"","_links_to_target":""},"_links":{"self":[{"href":"https:\/\/www.laencamisa.es\/inicio\/wp-json\/wp\/v2\/pages\/1285"}],"collection":[{"href":"https:\/\/www.laencamisa.es\/inicio\/wp-json\/wp\/v2\/pages"}],"about":[{"href":"https:\/\/www.laencamisa.es\/inicio\/wp-json\/wp\/v2\/types\/page"}],"author":[{"embeddable":true,"href":"https:\/\/www.laencamisa.es\/inicio\/wp-json\/wp\/v2\/users\/1"}],"replies":[{"embeddable":true,"href":"https:\/\/www.laencamisa.es\/inicio\/wp-json\/wp\/v2\/comments?post=1285"}],"version-history":[{"count":5,"href":"https:\/\/www.laencamisa.es\/inicio\/wp-json\/wp\/v2\/pages\/1285\/revisions"}],"predecessor-version":[{"id":2609,"href":"https:\/\/www.laencamisa.es\/inicio\/wp-json\/wp\/v2\/pages\/1285\/revisions\/2609"}],"up":[{"embeddable":true,"href":"https:\/\/www.laencamisa.es\/inicio\/wp-json\/wp\/v2\/pages\/952"}],"wp:attachment":[{"href":"https:\/\/www.laencamisa.es\/inicio\/wp-json\/wp\/v2\/media?parent=1285"}],"curies":[{"name":"wp","href":"https:\/\/api.w.org\/{rel}","templated":true}]}}