{"id":1261,"date":"2014-12-22T20:59:26","date_gmt":"2014-12-22T20:59:26","guid":{"rendered":"http:\/\/www.laencamisa.es\/inicio\/?page_id=1261"},"modified":"2014-12-22T21:32:13","modified_gmt":"2014-12-22T21:32:13","slug":"ganadores-de-los-concursos-de-cata-de-aceite-de-navalvillar-de-pela","status":"publish","type":"page","link":"https:\/\/www.laencamisa.es\/inicio\/navalvillar-de-pela\/certamen-cata-de-aceite\/ganadores-de-los-concursos-de-cata-de-aceite-de-navalvillar-de-pela\/","title":{"rendered":"Ganadores de los Concursos de Cata de Aceite de Navalvillar de Pela"},"content":{"rendered":"<h3>Ganadores del Concurso 2014:<\/h3>\n<p>**** Categor\u00eda General ***<\/p>\n<p><strong>Primer puesto: Agropecuaria Carrasco-Almazara &#8216;As Pontis&#8217; de Eljas<\/strong><\/p>\n<p><strong>Segundo puesto:Pago de los Bald\u00edos de San Carlos de Majadas de Ti\u00e9tar<\/strong><\/p>\n<p><strong>Tercer puesto:Casat de Don Benito.<\/strong><\/p>\n<p>**** Categor\u00eda Variedad Aut\u00f3ctona ***<\/p>\n<p><strong>Primer pusto: Agropecuaria Carrasco-Almazara &#8216;As Pontis&#8217; de Eljas<\/strong><\/p>\n<p><strong>Segundo puesto: Sociedad Cooperativa Virgen de la Estrella de Los Santos de Maimona.<\/strong><\/p>\n<p><strong>Tercer puesto: Sociedad Cooperativa Agraria Olivarera Patrona del Encinar de Ceclav\u00edn.<\/strong><\/p>\n<h3><\/h3>\n<h3>Ganadores del Concurso 2013:<\/h3>\n<p>**** Categor\u00eda Variedad Aut\u00f3ctona ***<\/p>\n<p>Primer puesto: Almazara As Pontis. Valverde del Fresno.<\/p>\n<p>Segundo puesto: Cooperativa San Agust\u00edn de Oband. Navalvillar de Pela.<\/p>\n<p>Tercer puesto: Cooperativa San Isidro Labrador. Navalvillar de Pela.<\/p>\n<p>**** Categor\u00eda General ***<\/p>\n<p>Primer puesto: COOPERATIVA SAN AGUST\u00cdN DE OBANDO. NAVALVILLAR DE PELA.<\/p>\n<p>Segundo puesto: ELAIA. Navalvillar de Pela<\/p>\n<p>Tercer puesto:Vi\u00f1aoliva. Almendralejo<\/p>\n<h3>Ganadores del Concurso 2012:<\/h3>\n<p>**** Categor\u00eda General ***<\/p>\n<p>Primer puesto:Pago de los Bald\u00edos de San Carlos, de Majadas de Ti\u00e9tar.<\/p>\n<p>Segundo puesto:Sociedad Cooperativa Nuestra Se\u00f1ora de la Cabeza, de Fuente del Maestre.<\/p>\n<p>Tercer puesto:Se\u00f1or\u00edo de Hinojales, de Badajoz.<\/p>\n<p>**** Categor\u00eda Variedad Aut\u00f3ctona ***<\/p>\n<p>Primer puesto:Cooperativa San Isidro Labrador, de Navalvillar de Pela.<\/p>\n<p>Segundo puesto:Cooperativa del Campo Santa Quiteria, de La Nava de Santiago<\/p>\n<p>Tercer puesto:Cooperativa Olivarera San Crist\u00f3bal M\u00e1rtir, de Castilblanco<\/p>\n<p>&nbsp;<\/p>\n<h3>Ganadores del Concurso 2011:<\/h3>\n<p>**** Categor\u00eda \u00danica ***<\/p>\n<p>Primer puesto:&#8217;Vi\u00f1aoliva&#8217; de Almendralejo.<\/p>\n<p>Segundo puesto:ELAIA S.A. Sucursal de Espa\u00f1a, cuya sede est\u00e1 situada en Navalvillar de Pela.<\/p>\n<p>Tercer puesto:&#8217;Pago de los Bald\u00edos de San Carlos&#8217;, de Majadas de Ti\u00e9tar.<\/p>\n<p>Participantes: 23 almazaras de toda Extremadura.<\/p>\n<p>&nbsp;<\/p>\n","protected":false},"excerpt":{"rendered":"<p>Ganadores del Concurso 2014: **** Categor\u00eda General *** Primer puesto: Agropecuaria Carrasco-Almazara &#8216;As Pontis&#8217; de Eljas Segundo puesto:Pago de los Bald\u00edos de San Carlos de Majadas de Ti\u00e9tar Tercer puesto:Casat de Don Benito. **** Categor\u00eda Variedad Aut\u00f3ctona *** Primer pusto: <span class=\"excerpt-dots\">&hellip;<\/span> <a class=\"more-link\" href=\"https:\/\/www.laencamisa.es\/inicio\/navalvillar-de-pela\/certamen-cata-de-aceite\/ganadores-de-los-concursos-de-cata-de-aceite-de-navalvillar-de-pela\/\"><span class=\"more-msg\">Sigue leyendo &rarr;<\/span><\/a><\/p>\n","protected":false},"author":1,"featured_media":0,"parent":902,"menu_order":0,"comment_status":"closed","ping_status":"closed","template":"","meta":{"ngg_post_thumbnail":0,"_links_to":"","_links_to_target":""},"_links":{"self":[{"href":"https:\/\/www.laencamisa.es\/inicio\/wp-json\/wp\/v2\/pages\/1261"}],"collection":[{"href":"https:\/\/www.laencamisa.es\/inicio\/wp-json\/wp\/v2\/pages"}],"about":[{"href":"https:\/\/www.laencamisa.es\/inicio\/wp-json\/wp\/v2\/types\/page"}],"author":[{"embeddable":true,"href":"https:\/\/www.laencamisa.es\/inicio\/wp-json\/wp\/v2\/users\/1"}],"replies":[{"embeddable":true,"href":"https:\/\/www.laencamisa.es\/inicio\/wp-json\/wp\/v2\/comments?post=1261"}],"version-history":[{"count":5,"href":"https:\/\/www.laencamisa.es\/inicio\/wp-json\/wp\/v2\/pages\/1261\/revisions"}],"predecessor-version":[{"id":1265,"href":"https:\/\/www.laencamisa.es\/inicio\/wp-json\/wp\/v2\/pages\/1261\/revisions\/1265"}],"up":[{"embeddable":true,"href":"https:\/\/www.laencamisa.es\/inicio\/wp-json\/wp\/v2\/pages\/902"}],"wp:attachment":[{"href":"https:\/\/www.laencamisa.es\/inicio\/wp-json\/wp\/v2\/media?parent=1261"}],"curies":[{"name":"wp","href":"https:\/\/api.w.org\/{rel}","templated":true}]}}