{"id":1082,"date":"2013-12-20T18:59:58","date_gmt":"2013-12-20T18:59:58","guid":{"rendered":"http:\/\/www.laencamisa.es\/inicio\/?page_id=1082"},"modified":"2022-04-16T07:08:26","modified_gmt":"2022-04-16T07:08:26","slug":"saludas-2014","status":"publish","type":"page","link":"https:\/\/www.laencamisa.es\/inicio\/la-fiesta\/saludas\/saludas-2014\/","title":{"rendered":"Saludas 2014"},"content":{"rendered":"<p><strong>Saluda de la Directiva<\/strong><\/p>\n<p><a href=\"https:\/\/www.laencamisa.es\/inicio\/wp-content\/uploads\/2013\/12\/Directiva-2014.jpg\"><img loading=\"lazy\" class=\"alignleft  wp-image-1083\" alt=\"Directiva ACSA 2014\" src=\"https:\/\/www.laencamisa.es\/inicio\/wp-content\/uploads\/2013\/12\/Directiva-2014.jpg\" width=\"403\" height=\"286\" srcset=\"https:\/\/www.laencamisa.es\/inicio\/wp-content\/uploads\/2013\/12\/Directiva-2014.jpg 1000w, https:\/\/www.laencamisa.es\/inicio\/wp-content\/uploads\/2013\/12\/Directiva-2014-300x212.jpg 300w, https:\/\/www.laencamisa.es\/inicio\/wp-content\/uploads\/2013\/12\/Directiva-2014-423x300.jpg 423w\" sizes=\"(max-width: 403px) 100vw, 403px\" \/><\/a>Todo empieza con un cohete que anuncia, proclama y notifica la llegada de los nuevos directivos y la salida de los antiguos. Los primeros, con nervios, entusiasmo y ganas de trabajar; los segundos, satisfechos por su trabajo durante dos largos a\u00f1os y, \u00bfpor qu\u00e9 no decirlo?, con algo de pena al terminar esta experiencia \u00fanica e inigualable.<\/p>\n<p>Poco a poco vamos atando cabos: se reparten publicidades y loter\u00edas, se determina el programa de actos, se concretan los detalles necesarios para la cata de aceite, se elaboran los \u201cbi\u00f1uelos\u201d y, como no, se selecciona el cartel que anunciar\u00e1 nuestra fiesta y el tamborilero\/a, que tocar\u00e1 durante un nuevo a\u00f1o esa entra\u00f1able melod\u00eda para todos los pele\u00f1os. En cuanto a este \u00faltimo punto, felicitar a Manuela, primera tamborilera de las fiestas de San Ant\u00f3n, que supone una etapa de cambio y progreso en \u201cLa Encamis\u00e1\u201d.<\/p>\n<p>A pesar de que todos los miembros de la directiva somos los trabajadores directos de todos estos quehaceres, decir tambi\u00e9n que todo esto no ser\u00eda posible sin ese gran grupo humano que nos apoya, respalda, ayuda, asesora, gu\u00eda y hace todo lo que en sus manos est\u00e9 disponible para que las fiestas se desarrollen con espectacularidad y aplomo, como ha venido ocurriendo hasta el d\u00eda de hoy.<\/p>\n<p>Por tanto, agradecer enormemente a antiguos directivos, mayordomos, cofrades, establecimientos y dem\u00e1s personas que nos brindan su ayuda desinteresadamente.<\/p>\n<p>Conocemos la diversidad de opiniones y somos conscientes de que nuestro trabajo nunca ser\u00e1 perfecto para una localidad entera. No obstante, reafirmamos que no hay d\u00eda desde el comienzo del mes de noviembre, que no nos movamos por el Santo y que, en lo que nos queda, utilizaremos todas nuestras energ\u00eda, fuerzas y trabajo para hacer que cuando llegue el mes de enero todo sanantonero pueda decir\u2026 \u00a1ol\u00e9 las fiestas de mi pueblo!<\/p>\n<p>\u00a1\u00a1\u00a1Viva San Ant\u00f3n!!!<\/p>\n<p>Directiva San Ant\u00f3n 2014<\/p>\n<p><strong>Saluda del Alcalde<\/strong><\/p>\n<p><a href=\"https:\/\/www.laencamisa.es\/inicio\/wp-content\/uploads\/2013\/04\/manuel-sanchez-custodio-2011.jpg\"><img loading=\"lazy\" class=\"alignleft size-medium wp-image-959\" alt=\"manuel sanchez custodio-2011\" src=\"https:\/\/www.laencamisa.es\/inicio\/wp-content\/uploads\/2013\/04\/manuel-sanchez-custodio-2011-238x300.jpg\" width=\"238\" height=\"300\" srcset=\"https:\/\/www.laencamisa.es\/inicio\/wp-content\/uploads\/2013\/04\/manuel-sanchez-custodio-2011-238x300.jpg 238w, https:\/\/www.laencamisa.es\/inicio\/wp-content\/uploads\/2013\/04\/manuel-sanchez-custodio-2011.jpg 305w\" sizes=\"(max-width: 238px) 100vw, 238px\" \/><\/a>Un a\u00f1o m\u00e1s llega el invierno con sus heladas matutinas, la recogida de la aceituna, las matanzas caseras\u2026 pero esta estaci\u00f3n tan fr\u00eda se vive de manera diferente en nuestro pueblo, aqu\u00ed tenemos algo que nos hace \u00fanicos y nos diferencia del resto, es nuestra fiesta en honor a San Ant\u00f3n, La Encamis\u00e1, Fiesta de Inter\u00e9s Tur\u00edstico Regional.<\/p>\n<p>Con la llegada del fr\u00edo, al anochecer en Navalvillar de Pela retumban los cohetes que avisan a todos los vecinos que la Directiva de San Ant\u00f3n est\u00e1 reunida para preparar los actos que se van a disfrutar durante los festejos. Es el inicio del recorrido de San Ant\u00f3n, que culminar\u00e1 en la m\u00e1gica noche de San Fulgencio, cuando al repique de campanas y estruendo de cohetes se unen todos los VIVAS AL SANTO, como una sola voz que hace que los corazones estallen de emoci\u00f3n cuando el Mayordomo de la Fiesta lanza sus tres Vivas al Santo y los caballos junto a los jinetes comienzan su particular recorrido por la m\u00e1gica noche, donde el olor a jara inunda las calles y la luz de las hogueras iluminan con sus resplandor, donde el tambor y la bandera marcan el camino que recorren los pele\u00f1os y pele\u00f1as, unos a pie y otros a caballo, envueltos en ese halo de alegr\u00eda y devoci\u00f3n. Ese es el Esp\u00edritu Sanantonero que todos los a\u00f1os inunda nuestro pueblo y es nuestra se\u00f1a de identidad.<\/p>\n<p>Y un a\u00f1o m\u00e1s a todos los que de una manera u otra participan en la organizaci\u00f3n de la fiesta les damos las gracias por su buen hacer. A los pele\u00f1os y pele\u00f1as, a pesar de los tiempos dif\u00edciles que estamos viviendo, recordarles nuestro Sentir Sanantonero que nos ayudar\u00e1 a sobrellevar&nbsp; estos duros momentos y para todos un rico \u201cbi\u00f1uelo\u201d, un buen vino pitarrero&nbsp; y&nbsp; un \u00a1\u00a1VIVA SAN ANT\u00d3N!! .<\/p>\n<p>Vuestro Alcalde.- Manuel S\u00e1nchez<\/p>\n","protected":false},"excerpt":{"rendered":"<p>Saluda de la Directiva Todo empieza con un cohete que anuncia, proclama y notifica la llegada de los nuevos directivos y la salida de los antiguos. Los primeros, con nervios, entusiasmo y ganas de trabajar; los segundos, satisfechos por su <span class=\"excerpt-dots\">&hellip;<\/span> <a class=\"more-link\" href=\"https:\/\/www.laencamisa.es\/inicio\/la-fiesta\/saludas\/saludas-2014\/\"><span class=\"more-msg\">Sigue leyendo &rarr;<\/span><\/a><\/p>\n","protected":false},"author":1,"featured_media":0,"parent":952,"menu_order":0,"comment_status":"closed","ping_status":"closed","template":"","meta":{"ngg_post_thumbnail":0,"_links_to":"","_links_to_target":""},"_links":{"self":[{"href":"https:\/\/www.laencamisa.es\/inicio\/wp-json\/wp\/v2\/pages\/1082"}],"collection":[{"href":"https:\/\/www.laencamisa.es\/inicio\/wp-json\/wp\/v2\/pages"}],"about":[{"href":"https:\/\/www.laencamisa.es\/inicio\/wp-json\/wp\/v2\/types\/page"}],"author":[{"embeddable":true,"href":"https:\/\/www.laencamisa.es\/inicio\/wp-json\/wp\/v2\/users\/1"}],"replies":[{"embeddable":true,"href":"https:\/\/www.laencamisa.es\/inicio\/wp-json\/wp\/v2\/comments?post=1082"}],"version-history":[{"count":2,"href":"https:\/\/www.laencamisa.es\/inicio\/wp-json\/wp\/v2\/pages\/1082\/revisions"}],"predecessor-version":[{"id":2608,"href":"https:\/\/www.laencamisa.es\/inicio\/wp-json\/wp\/v2\/pages\/1082\/revisions\/2608"}],"up":[{"embeddable":true,"href":"https:\/\/www.laencamisa.es\/inicio\/wp-json\/wp\/v2\/pages\/952"}],"wp:attachment":[{"href":"https:\/\/www.laencamisa.es\/inicio\/wp-json\/wp\/v2\/media?parent=1082"}],"curies":[{"name":"wp","href":"https:\/\/api.w.org\/{rel}","templated":true}]}}