{"id":1034,"date":"2013-11-13T18:02:21","date_gmt":"2013-11-13T18:02:21","guid":{"rendered":"http:\/\/www.laencamisa.es\/inicio\/?page_id=1034"},"modified":"2023-01-12T21:33:12","modified_gmt":"2023-01-12T21:33:12","slug":"medio-celemin","status":"publish","type":"page","link":"https:\/\/www.laencamisa.es\/inicio\/navalvillar-de-pela\/musica-folklorica\/medio-celemin\/","title":{"rendered":"Medio Celem\u00edn"},"content":{"rendered":"<p>El grupo Medio Celem\u00edn, de Navalvillar de Pela, formado por Luis Arroyo, Isabel Bravo, Paco Carmona, Fulgencio Parralejo, Amparo Ruiz y Domingo S\u00e1nchez, trabaj\u00f3 activamente, desde su creaci\u00f3n, en el estudio de los or\u00edgenes del folklore de su pueblo.<br>Desde los a\u00f1os 70, miembros del grupo empezaron a recoger sistem\u00e1ticamente canciones antiguas de matanzas, romances, de boda, picarescas\u2026<br>Adoptan el nombre MEDIO CELEM\u00cdN en el verano de 1980. Desde entonces han actuado en Castilblanco, Castuera, Quintana de la Serena, C\u00e1ceres, Oliva de la Frontera, Valdivia, Badajoz, Sant Boi de Llobregat, Medell\u00edn, Orellana la Vieja, Alange, Palazuelo, Guare\u00f1a, Arroyo de la Luz, Talarrubias, Villanueva de la Serena, Huertas de \u00c1nimas, Valdetorres, Torrej\u00f3n el Rubio, Aldeacentenera, Villagonzalo, Montijo, Hern\u00e1n Cort\u00e9s, Obando, Zurbar\u00e1n, Campanario, Navalvillar de Pela\u2026.<\/p>\n<p>Su af\u00e1n es que las canciones \u201csean un reflejo fiel del alma de su pueblo y su memoria, que los viejos revivan en lo posible alegr\u00edas pasadas, que los mayores recuerden con cari\u00f1o las reuniones alrededor de la lumbre, que los j\u00f3venes saboreen los ritmos propiamente nuestros sin complejos, que los ni\u00f1os aprendan a cantar con los romances de sus abuelos\u201d.<br>El grupo aspira a la mayor fidelidad y pureza posibles en letra y m\u00fasica; por eso, rechaza cualquier incursi\u00f3n que no sea \u201cdar lo que nos han dado, somos meros trasmisores de un valor inmenso\u201d.<\/p>\n<p>En 1995 deciden grabar un disco para evitar que se pierdan ritmos e historias que han pervivido durante cientos de a\u00f1os en la memoria colectiva sin perder el encanto y la ingenuidad de las m\u00fasicas y letras populares y an\u00f3nimas. A la par, esta grabaci\u00f3n sirve como homenaje a las personas que han trasmitido estas manifestaciones culturales y como muestra de que el esfuerzo del grupo por recuperarlas y difundirlas sin adulteraciones no ha sido in\u00fatil, contribuyendo a que la riqueza cultural pele\u00f1a no se pierda y se incremente.<\/p>\n<p>DALE CON EL E, una canci\u00f3n con un ritmo popular de saborcillo picar\u00f3n y anticlerical, da t\u00edtulo al disco grabado por Medio Celem\u00edn. El compacto contiene romances tradicionales investigados en el intento de establecer versiones lo mas aut\u00e9nticas posibles, manteniendo las peculiaridades expresivas de quienes las dictaron. Es una muestra de la variedad y matices del canto popular y sus ritmos. Contiene las siguientes canciones:<\/p>\n<p>&#8211; La novia<br>&#8211; Romance de los montes de la morer\u00eda<br>&#8211; Romance del entrem\u00e9s<br>&#8211; Dale con el e<br>&#8211; La sarabandilla<br>&#8211; Romance de Teresina<br>&#8211; Jota de Pela<br>&#8211; Las tablas de Mois\u00e9s<br>&#8211; La Encamis\u00e1<br>&#8211; Romance del rey moro<br>&#8211; Adi\u00f3s, carnaval<br>&#8211; Jota de la Siberia<br>&#8211; El cura ya no va a misa<br>&#8211; Romance del arriero<br>&#8211; El Pelindongo<br>&#8211; \u00a1 A la flor del romero !<\/p>\n<p>Como contribuci\u00f3n a la difusi\u00f3n y estudio del folklore extreme\u00f1o, han dado cuenta de su investigaci\u00f3n de coplas, canciones y romances en cuadernillos de la revista Melqu\u00edades:<\/p>\n<p>&#8211; N\u00ba 2: Romance de Gerineldo<br>&#8211; N\u00ba 3: De un viejo mester de curas y sacristanes\u2026<br>&#8211; N\u00ba 4: Romance del rey moro<br>&#8211; N\u00ba 5: \u00bfMe quieres, Talega? Te quiero, Costal<br>&#8211; N\u00ba 6: Las Tablas de Mois\u00e9s ( Ver)<br>&#8211; N\u00ba 7: Romance del entrem\u00e9s<\/p>\n<p>En septiembre de 1985, con ocasi\u00f3n de un homenaje a los ancianos, el grupo Medio Celem\u00edn consegu\u00eda uno de sus viejos anhelos: cantar en Pela, ante los pele\u00f1os, una canci\u00f3n tradicional y popular de la fiesta de San Ant\u00f3n. La canci\u00f3n se llama La Encamis\u00e1, igual que la carrera nocturna del 16 de enero. Entonces, s\u00f3lo pudieron ofrecer dos estrofas con el estribillo doble. Despu\u00e9s del recital, Martina Moreno Ramiro les proporcion\u00f3 el resto de las letras. La canci\u00f3n ha sido trasmitida oralmente y la fuente data de mediados del siglo XIX. Desde mediados de los a\u00f1os 70, los pele\u00f1os hab\u00edan cantado como algo t\u00edpico de San Ant\u00f3n unas letras, aunque no tradicionales, s\u00ed populares, acomodadas a la m\u00fasica de la jota de Torrejoncillo (C\u00e1ceres), que comienza:<\/p>\n<p>\u201cEn mi pueblo al arder las hogueras<br>se ve m\u00e1s y mejor la carrera\u2026\u2026\u2026.\u201d<\/p>\n\n\n<p>Aqu\u00ed puedes escuchar todas sus canciones<\/p>\n\n\n\n<iframe loading=\"lazy\" src=\"https:\/\/www.youtube.com\/embed\/videoseries?list=PLpMoUqm3htT8BjIqQUHGLreZgIQsqr2jS\" title=\"YouTube video player\" allow=\"accelerometer; autoplay; clipboard-write; encrypted-media; gyroscope; picture-in-picture; web-share\" allowfullscreen=\"\" width=\"560\" height=\"315\" frameborder=\"0\"><\/iframe>\n","protected":false},"excerpt":{"rendered":"<p>El grupo Medio Celem\u00edn, de Navalvillar de Pela, formado por Luis Arroyo, Isabel Bravo, Paco Carmona, Fulgencio Parralejo, Amparo Ruiz y Domingo S\u00e1nchez, trabaj\u00f3 activamente, desde su creaci\u00f3n, en el estudio de los or\u00edgenes del folklore de su pueblo.Desde los <span class=\"excerpt-dots\">&hellip;<\/span> <a class=\"more-link\" href=\"https:\/\/www.laencamisa.es\/inicio\/navalvillar-de-pela\/musica-folklorica\/medio-celemin\/\"><span class=\"more-msg\">Sigue leyendo &rarr;<\/span><\/a><\/p>\n","protected":false},"author":1,"featured_media":0,"parent":1030,"menu_order":0,"comment_status":"closed","ping_status":"closed","template":"","meta":{"ngg_post_thumbnail":0,"_links_to":"","_links_to_target":""},"_links":{"self":[{"href":"https:\/\/www.laencamisa.es\/inicio\/wp-json\/wp\/v2\/pages\/1034"}],"collection":[{"href":"https:\/\/www.laencamisa.es\/inicio\/wp-json\/wp\/v2\/pages"}],"about":[{"href":"https:\/\/www.laencamisa.es\/inicio\/wp-json\/wp\/v2\/types\/page"}],"author":[{"embeddable":true,"href":"https:\/\/www.laencamisa.es\/inicio\/wp-json\/wp\/v2\/users\/1"}],"replies":[{"embeddable":true,"href":"https:\/\/www.laencamisa.es\/inicio\/wp-json\/wp\/v2\/comments?post=1034"}],"version-history":[{"count":3,"href":"https:\/\/www.laencamisa.es\/inicio\/wp-json\/wp\/v2\/pages\/1034\/revisions"}],"predecessor-version":[{"id":2688,"href":"https:\/\/www.laencamisa.es\/inicio\/wp-json\/wp\/v2\/pages\/1034\/revisions\/2688"}],"up":[{"embeddable":true,"href":"https:\/\/www.laencamisa.es\/inicio\/wp-json\/wp\/v2\/pages\/1030"}],"wp:attachment":[{"href":"https:\/\/www.laencamisa.es\/inicio\/wp-json\/wp\/v2\/media?parent=1034"}],"curies":[{"name":"wp","href":"https:\/\/api.w.org\/{rel}","templated":true}]}}