{"id":1032,"date":"2013-11-13T18:00:55","date_gmt":"2013-11-13T18:00:55","guid":{"rendered":"http:\/\/www.laencamisa.es\/inicio\/?page_id=1032"},"modified":"2023-01-12T21:28:40","modified_gmt":"2023-01-12T21:28:40","slug":"el-pelindongo","status":"publish","type":"page","link":"https:\/\/www.laencamisa.es\/inicio\/navalvillar-de-pela\/musica-folklorica\/el-pelindongo\/","title":{"rendered":"El Pelindongo"},"content":{"rendered":"<p>El Pelindongo fue un grupo folcl\u00f3rico de Navalvillar de Pela que tuvo su trayectoria&nbsp; entre los a\u00f1os 1982 al 1987.<\/p>\n<p><strong>Historia<\/strong><\/p>\n<p>Fruto de las inquietudes por revivir la cultura y el folklore de la comarca, un grupo de pele\u00f1os, comenzaron a finales del a\u00f1o 81 a ensayar cantos y bailes de jotas y danzas populares extreme\u00f1as.<br>El grupo de Coros y Danzas \u201cPelindongo\u201d de Navalvillar de Pela, nace en 1982, compuesto por 20 personas que junto a su monitora han puesto entusiasmo para que el grupo tome su propia personalidad.<\/p>\n<p>Tiene sus or\u00edgenes remotos en los preparativos de la IV Semana Cultural, realizada en el pueblo del 21 al 26 de septiembre de 1981. Entonces, pensaron algunos componentes del futuro grupo actuar con varias danzas populares de nuestra Extremadura en dicha Semana Cultural. Esta idea no se llev\u00f3 a cabo, pero en los contactos habidos entre Trinidad Gal\u00e1n, Rosa M\u00aa Gallego y Rosa Cano, acordaron ensayar en serio para poder debutar en San Ant\u00f3n.<br>Por el mes de octubre, Guadalupe Gallardo, bailadora del grupo de Coros y Danzas de Orellana la Vieja, empez\u00f3 a venir a nuestra localidad para aprender a bordar en el taller de la madre de Rosa Cano. Guadalupe, a petici\u00f3n de Rosa y su madre, se brind\u00f3 generosamente para ense\u00f1ar a bailar. Enseguida buscaron entre amigos y conocidos, j\u00f3venes que quisieran aprender y comenzaron los ensayos en una antigua clase de EGB que hab\u00eda junto a la plaza. Se ensayaba con m\u00fasica grabada en cintas, sin embargo, pensaron que la proyectada actuaci\u00f3n en San Ant\u00f3n, era conveniente realizarla con m\u00fasica y canciones en vivo. Otra vez, vuelta a empezar, buscando ahora gente en el pueblo que supiera tocar alg\u00fan instrumento o tuviera buena voz. Esta segunda b\u00fasqueda, tambi\u00e9n dio buenos frutos y en el mes de noviembre, el incipiente grupo ya ten\u00eda m\u00fasicos y cantantes.<\/p>\n<p>Ensayo tras ensayo, el 17 de enero de 1982, con motivo de las fiestas de San Ant\u00f3n, actuaron por vez primera a las 4 de la tarde en la plaza del General\u00edsimo y presentados como Grupo de Coros y Danzas de Navalvillar de Pela.<br>El 17 de febrero de 1982, se crea el grupo y acordaron denominar, Grupo de Coros y Danzas \u201cPelindongo\u201d, como una danza f\u00fanebre, muy antigua de nuestro pueblo.<br>El 31 de marzo de 1982, quedan constituidos como asociaci\u00f3n cultural, cuyo fin principal es \u201cpropagar el conocimiento de nuestro folklore local y el de Extremadura en general\u201d.<br>En la tarde del 25 y ma\u00f1ana del 26 de junio de 1983, graban una cinta en la sala de la discoteca \u201cYugo\u201d, que sale a la venta a finales del mes de julio. Todos los temas son populares, recogidos la mayor\u00eda por los propios int\u00e9rpretes.<\/p>\n<p>CARA A:<br>&#8211; Presentaci\u00f3n: Poes\u00eda de M\u00aa Petra Baviano<br>&#8211; Jota de Pela: Popular. Se remonta a tiempos antiqu\u00edsimos. Se bailaba sobre todo en las bodas.<br>&#8211; Jota Ronde\u00f1a: M\u00fasica recogida por Manuela Baviano a Isidora Corvillo.<br>&#8211; Jota del \u00d3leo: M\u00fasica recogida por Manuela Baviano a Josefa Asensio. Este baile era muy popular en N. de Pela a primeros de siglo.<br>&#8211; Fandango Extreme\u00f1o: Original de Villanueva del Fresno.<br>&#8211; Jota de reci\u00e9n casados: Igual que la anterior es muy antigua y se cantaba a los reci\u00e9n casados al salir de la iglesia.<\/p>\n<p>CARA B:<br>&#8211; Danza \u201cEl Pelindongo\u201d: M\u00fasica y letra original de N. de Pela. Danza f\u00fanebre, en recuerdo de un pele\u00f1o alegre y divertido que muri\u00f3 muy joven.<br>&#8211; Jota de la Siberia Extreme\u00f1a: Corresponde a varias jotas enlazadas de la comarca que indica su nombre.<br>&#8211; Jota de las Hogueras: M\u00fasica derivada de la jota de Romer\u00eda de Torrejoncillo (C\u00e1ceres). Se baila con pasos originales de Rosa M\u00aa Gallego. La letra tambi\u00e9n original y alusiva a nuestras fiestas, fue inventada por un grupo de empleadas de un taller de confecci\u00f3n que exist\u00eda en el pueblo.<br>&#8211; Jota de Carnaval y Pascua: Popular. Se canta desde tiempo inmemorial en N. de Pela, en las fiestas de Carnaval y Romer\u00eda de las Pascuas.<br>&#8211; Jota de Bodas: M\u00fasica y letra recogida por Isidoro Arroyo. Se cantaba a los novios el d\u00eda de la boda.<br>&#8211; Fiesta Pele\u00f1a: M\u00fasica recogida por Manuela Baviano a Isidora Corvillo. Letra de M\u00aa Petra Baviano, alusiva a las fiestas de San Ant\u00f3n.<br>&#8211; El Calderero: Letra y m\u00fasica original de N. de Pela, se cantaba las noches de invierno, alrededor de la lumbre, al son de zambomba, especialmente en las matanzas para que no se arranciaran las morcillas.<\/p>\n<p>En un corto espacio de tiempo, crearon un grupo de alevines de entre 10 y 12 a\u00f1os y otro de entre 12 y 15 a\u00f1os.<br>La indumentaria de los componentes del grupo, son atuendos tradicionales, confeccionados de manera artesanal, luciendo (el hombre) traje caracter\u00edstico de nuestra fiesta.<\/p>\n<p>El uniforme qued\u00f3:<br>1.- Cantantes y Bailadoras:Bailarines con el traje t\u00edpico.<br>&#8211; Falda tejida y faltriquera<br>&#8211; Medias blancas de hilo<br>&#8211; Zapato negro<br>&#8211; Jub\u00f3n negro<br>&#8211; Pa\u00f1uelo y mandil bordados<br>&#8211; Lazo negro y flor en la cabeza<\/p>\n<p>2.- Bailadores:<br>&#8211; Gorro t\u00edpico pele\u00f1o<br>&#8211; Zahones<br>&#8211; Faja y pa\u00f1uelo de cuello rojos<br>&#8211; Pantal\u00f3n y zapatos negros<br>&#8211; Camisa blanca<\/p>\n<p>3.- M\u00fasicos y cantantes: mismo atuendo que los bailadores, pero sin gorro ni zahones.<\/p>\n<p>En 1984 cambian de traje:<br>* La mujer:<br>&#8211; Falda tejida<br>&#8211; Mandil negro bordado<br>&#8211; Blusa blanca<br>&#8211; Corpi\u00f1o bordado<br>&#8211; Zapatos negros<br>&#8211; Medias blancas<\/p>\n<p>* El Hombre:<br>&#8211; Pantal\u00f3n negro<br>&#8211; Camisa blanca<br>&#8211; Faja roja<br>&#8211; Chaleco negro<br>&#8211; Zapatos negros<br>&#8211; Sombrero espa\u00f1ol<\/p>\n<p>Durante los 7 a\u00f1os de pervivencia del grupo, participaron en:<br>&#8211; Semanas Culturales, organizadas en Navalvillar de Pela y otras localidades.<br>&#8211; Semana de Extremadura en la escuela<br>&#8211; Festivales Folkl\u00f3ricos Internacional<br>&#8211; Festivales en homenaje a los jubilados<br>&#8211; Festival de honor de los emigrantes<br>&#8211; Jornadas Culturales<br>&#8211; IV Festival de Bailes y Canciones Populares de Extremadura<br>Adem\u00e1s de Navalvillar de Pela y sus pedan\u00edas Obando y Vegas Altas, las actuaciones del Grupo de Coros y Danzas \u201cPelindongo\u201d, llegaron hasta: la mayor\u00eda de los pueblos de la Comarca de la Siberia, Palazuelo, Valdivia, Cabeza del Buey, Ribera del Fresno, Los Santos de Maimona, Santa Amalia, Villanueva de la Serena, Usagre, C\u00e1ceres, Guare\u00f1a, M\u00f3stoles\u2026 y un largo etc\u00e9tera, hasta completar las 50 actuaciones que aproximadamente realizaron.<\/p>\n<p>TEXTOS RECOGIDOS DE LAS<br>MEMORIAS ESCRITAS POR:<br>ISIDORO ARROYO MASA<br>Desde 1982 hasta 16-sept-1987<\/p>\n<p>A partir de 1987, por motivos de trabajo, estudios o la \u201cmili\u201d y a pesar de varios esfuerzos, el grupo no marcha.<br>Ante este panorama y para procurar que no se pierda el esfuerzo realizado durante 7 a\u00f1os, el grupo se dot\u00f3 de:<br>&#8211; Un repertorio de 20 jotas y danzas extreme\u00f1as<br>&#8211; Cinta de casette con temas en su mayor\u00eda de N. de Pela<br>&#8211; Trajes y accesorios<br>&#8211; Trofeos<\/p>\n<p>Espero, deseo que \u201cEl Pelindongo\u201d que como dice el cantar\u2026.. \u201cse ha muerto\u201d, vuelva a resucitar dentro de unos a\u00f1os y sus nuevos componentes act\u00faen con la misma ilusi\u00f3n y ganas por rescatar las tradiciones y costumbres de nuestro pueblo.<\/p>\n<p>NAVALVILLAR DE PELA<br>ABRIL DE 1989<br>Fdo: MANUEL BAVIANO<\/p>\n\n\n<p>Aqu\u00ed puedes escuchar todos los temas de el Pelindongo.<\/p>\n\n\n\n<p><iframe loading=\"lazy\" title=\"YouTube video player\" src=\"https:\/\/www.youtube.com\/embed\/videoseries?list=PLJNEWYHeSGjT94GaFN_Ry-ZqLiMTAl6F2\" allowfullscreen=\"allowfullscreen\" width=\"560\" height=\"315\" frameborder=\"0\"><\/iframe><\/p>\n","protected":false},"excerpt":{"rendered":"<p>El Pelindongo fue un grupo folcl\u00f3rico de Navalvillar de Pela que tuvo su trayectoria&nbsp; entre los a\u00f1os 1982 al 1987. Historia Fruto de las inquietudes por revivir la cultura y el folklore de la comarca, un grupo de pele\u00f1os, comenzaron <span class=\"excerpt-dots\">&hellip;<\/span> <a class=\"more-link\" href=\"https:\/\/www.laencamisa.es\/inicio\/navalvillar-de-pela\/musica-folklorica\/el-pelindongo\/\"><span class=\"more-msg\">Sigue leyendo &rarr;<\/span><\/a><\/p>\n","protected":false},"author":1,"featured_media":0,"parent":1030,"menu_order":0,"comment_status":"closed","ping_status":"closed","template":"","meta":{"ngg_post_thumbnail":0,"_links_to":"","_links_to_target":""},"_links":{"self":[{"href":"https:\/\/www.laencamisa.es\/inicio\/wp-json\/wp\/v2\/pages\/1032"}],"collection":[{"href":"https:\/\/www.laencamisa.es\/inicio\/wp-json\/wp\/v2\/pages"}],"about":[{"href":"https:\/\/www.laencamisa.es\/inicio\/wp-json\/wp\/v2\/types\/page"}],"author":[{"embeddable":true,"href":"https:\/\/www.laencamisa.es\/inicio\/wp-json\/wp\/v2\/users\/1"}],"replies":[{"embeddable":true,"href":"https:\/\/www.laencamisa.es\/inicio\/wp-json\/wp\/v2\/comments?post=1032"}],"version-history":[{"count":6,"href":"https:\/\/www.laencamisa.es\/inicio\/wp-json\/wp\/v2\/pages\/1032\/revisions"}],"predecessor-version":[{"id":2686,"href":"https:\/\/www.laencamisa.es\/inicio\/wp-json\/wp\/v2\/pages\/1032\/revisions\/2686"}],"up":[{"embeddable":true,"href":"https:\/\/www.laencamisa.es\/inicio\/wp-json\/wp\/v2\/pages\/1030"}],"wp:attachment":[{"href":"https:\/\/www.laencamisa.es\/inicio\/wp-json\/wp\/v2\/media?parent=1032"}],"curies":[{"name":"wp","href":"https:\/\/api.w.org\/{rel}","templated":true}]}}